{"id":494,"date":"2025-05-28T09:21:22","date_gmt":"2025-05-28T07:21:22","guid":{"rendered":"https:\/\/technolent.com.tr\/?page_id=494"},"modified":"2025-05-28T09:25:17","modified_gmt":"2025-05-28T07:25:17","slug":"akilli-durak-cozumleri","status":"publish","type":"page","link":"https:\/\/technolent.com.tr\/ru\/akilli-durak-cozumleri\/","title":{"rendered":"Ak\u0131ll\u0131 Durak \u00c7\u00f6z\u00fcmleri"},"content":{"rendered":"\n<p><strong>Gelece\u011fin \u015eehirleri \u0130\u00e7in Ak\u0131ll\u0131 Durak Teknolojileri<\/strong><\/p>\n\n\n\n<p>Technolent Teknoloji olarak, \u015fehir i\u00e7i toplu ta\u015f\u0131ma sistemlerinin dijitalle\u015fmesine katk\u0131 sa\u011flayan <strong>Ak\u0131ll\u0131 Durak \u00c7\u00f6z\u00fcmleri<\/strong> sunuyoruz. Yolcu deneyimini iyile\u015ftiren, bilgiye an\u0131nda eri\u015fim sa\u011flayan ve enerji verimlili\u011fiyle \u00f6ne \u00e7\u0131kan durak sistemlerimiz, \u015fehirlerin ak\u0131ll\u0131 ula\u015f\u0131m altyap\u0131lar\u0131na uyumlu \u015fekilde tasarlanmaktad\u0131r.<\/p>\n\n\n\n<figure class=\"wp-block-image size-full is-resized\"><img fetchpriority=\"high\" decoding=\"async\" width=\"750\" height=\"750\" src=\"https:\/\/technolent.com.tr\/wp-content\/uploads\/2025\/05\/Starvision-bus-shelter-1.webp\" alt=\"\" class=\"wp-image-495\" style=\"width:450px;height:auto\" srcset=\"https:\/\/technolent.com.tr\/wp-content\/uploads\/2025\/05\/Starvision-bus-shelter-1.webp 750w, https:\/\/technolent.com.tr\/wp-content\/uploads\/2025\/05\/Starvision-bus-shelter-1-300x300.webp 300w, https:\/\/technolent.com.tr\/wp-content\/uploads\/2025\/05\/Starvision-bus-shelter-1-150x150.webp 150w\" sizes=\"(max-width: 750px) 100vw, 750px\" \/><\/figure>\n\n\n\n<h3 class=\"wp-block-heading\">\u00d6zelle\u015ftirilebilir Tasar\u0131m ve Teknoloji<\/h3>\n\n\n\n<p>Ak\u0131ll\u0131 duraklar\u0131m\u0131z, farkl\u0131 \u015fehir ihtiya\u00e7lar\u0131na ve co\u011frafi ko\u015fullara g\u00f6re <strong>mod\u00fcler<\/strong>, <strong>\u00f6l\u00e7eklenebilir<\/strong> ve <strong>estetik<\/strong> tasar\u0131mlarla sunulmaktad\u0131r. LCD ya da LED ekranl\u0131 <strong>Yolcu Bilgilendirme Sistemleri<\/strong>, <strong>g\u00fcne\u015f enerjili \u00e7\u00f6z\u00fcmler<\/strong>, <strong>USB \u015farj istasyonlar\u0131<\/strong>, <strong>Wi-Fi eri\u015fimi<\/strong>, <strong>acil durum butonlar\u0131<\/strong> ve <strong>kameral\u0131 g\u00fcvenlik sistemleri<\/strong> gibi bir\u00e7ok \u00f6zellik entegre edilebilir.<\/p>\n\n\n\n<h3 class=\"wp-block-heading\">Entegre Ula\u015f\u0131m Bilgisi<\/h3>\n\n\n\n<p>Ger\u00e7ek zamanl\u0131 otob\u00fcs bilgileri, trafik yo\u011funlu\u011fu verileri ve rota g\u00fcncellemeleri sayesinde yolcular\u0131n planlama yapmas\u0131na olanak tan\u0131yan ekran sistemleri ile \u015fehir ula\u015f\u0131m\u0131nda <strong>verimlilik<\/strong> sa\u011flan\u0131r. Ayr\u0131ca engelli bireyler i\u00e7in eri\u015filebilirlik \u00e7\u00f6z\u00fcmlerimiz de standartlar\u0131m\u0131z aras\u0131ndad\u0131r.<\/p>\n\n\n\n<h3 class=\"wp-block-heading\">S\u00fcrd\u00fcr\u00fclebilirlik Odakl\u0131 Yakla\u015f\u0131m<\/h3>\n\n\n\n<p>Enerji t\u00fcketimini minimuma indiren, \u00e7evre dostu ak\u0131ll\u0131 duraklar\u0131m\u0131z, \u015fehirlerin <strong>karbon ayak izini azaltmaya<\/strong> y\u00f6nelik hedeflerine katk\u0131 sa\u011flar. G\u00fcne\u015f panelli sistemlerimizle altyap\u0131 maliyetlerini d\u00fc\u015f\u00fcr\u00fcrken, \u015fehir b\u00fct\u00e7elerine de tasarruf sa\u011fl\u0131yoruz.<\/p>\n\n\n\n<figure class=\"wp-block-image size-large is-resized\"><img decoding=\"async\" width=\"1024\" height=\"576\" data-src=\"https:\/\/technolent.com.tr\/wp-content\/uploads\/2025\/05\/202104221714582704-1024x576.png\" alt=\"\" class=\"wp-image-496 lazyload\" style=\"--smush-placeholder-width: 1024px; --smush-placeholder-aspect-ratio: 1024\/576;width:537px;height:auto\" data-srcset=\"https:\/\/technolent.com.tr\/wp-content\/uploads\/2025\/05\/202104221714582704-1024x576.png 1024w, https:\/\/technolent.com.tr\/wp-content\/uploads\/2025\/05\/202104221714582704-300x169.png 300w, https:\/\/technolent.com.tr\/wp-content\/uploads\/2025\/05\/202104221714582704-768x432.png 768w, https:\/\/technolent.com.tr\/wp-content\/uploads\/2025\/05\/202104221714582704.png 1340w\" data-sizes=\"(max-width: 1024px) 100vw, 1024px\" src=\"data:image\/svg+xml;base64,PHN2ZyB3aWR0aD0iMSIgaGVpZ2h0PSIxIiB4bWxucz0iaHR0cDovL3d3dy53My5vcmcvMjAwMC9zdmciPjwvc3ZnPg==\" \/><\/figure>\n\n\n\n<p><strong>Kullan\u0131m Amac\u0131:<\/strong> Yolculara ger\u00e7ek zamanl\u0131 bilgi sa\u011flamak, bekleme konforunu art\u0131rmak ve toplu ta\u015f\u0131ma sisteminin etkinli\u011fini y\u00fckseltmek.<\/p>\n\n\n\n<p><strong>Tasar\u0131m Esnekli\u011fi:<\/strong> Kullan\u0131m alan\u0131, yolcu yo\u011funlu\u011fu, iklim ko\u015fullar\u0131 ve \u015fehir mimarisine g\u00f6re farkl\u0131 \u00f6l\u00e7\u00fc, malzeme ve donan\u0131mlarla \u00f6zelle\u015ftirilebilir.<\/p>\n\n\n\n<p><strong>Entegre Sistemler:<\/strong> Yolcu bilgilendirme ekranlar\u0131, enerji y\u00f6netimi sistemleri, g\u00fcvenlik kameralar\u0131 ve acil durum uyar\u0131 sistemleriyle tam uyum sa\u011flar.<\/p>\n\n\n\n<p><strong>Engelsiz Ula\u015f\u0131m:<\/strong> Fiziksel eri\u015filebilirlik kriterlerine uygun yap\u0131 ve sesli y\u00f6nlendirme sistemleri ile engelli bireyler i\u00e7in kapsay\u0131c\u0131 \u00e7\u00f6z\u00fcmler sunar.<\/p>\n\n\n\n<p><strong>Enerji Verimlili\u011fi:<\/strong> G\u00fcne\u015f paneli, LED ayd\u0131nlatma ve ak\u0131ll\u0131 enerji y\u00f6netimi sayesinde d\u00fc\u015f\u00fck maliyetle y\u00fcksek performans sa\u011flar.<\/p>\n\n\n\n<p><strong>\u015eehir Entegrasyonu:<\/strong> Trafik y\u00f6netim sistemleri, mobil uygulamalar ve merkezi y\u00f6netim yaz\u0131l\u0131mlar\u0131yla b\u00fct\u00fcnle\u015fik \u00e7al\u0131\u015fma imkan\u0131 sunar.<\/p>\n","protected":false},"excerpt":{"rendered":"<p>Gelece\u011fin \u015eehirleri \u0130\u00e7in Ak\u0131ll\u0131 Durak Teknolojileri Technolent Teknoloji olarak, \u015fehir i\u00e7i toplu ta\u015f\u0131ma sistemlerinin dijitalle\u015fmesine katk\u0131 sa\u011flayan Ak\u0131ll\u0131 Durak \u00c7\u00f6z\u00fcmleri sunuyoruz. Yolcu deneyimini iyile\u015ftiren, bilgiye an\u0131nda eri\u015fim sa\u011flayan ve enerji verimlili\u011fiyle \u00f6ne \u00e7\u0131kan durak sistemlerimiz, \u015fehirlerin ak\u0131ll\u0131 ula\u015f\u0131m altyap\u0131lar\u0131na uyumlu \u015fekilde tasarlanmaktad\u0131r. \u00d6zelle\u015ftirilebilir Tasar\u0131m ve Teknoloji Ak\u0131ll\u0131 duraklar\u0131m\u0131z, farkl\u0131 \u015fehir ihtiya\u00e7lar\u0131na ve co\u011frafi ko\u015fullara g\u00f6re [&hellip;]<\/p>\n","protected":false},"author":2,"featured_media":495,"parent":0,"menu_order":0,"comment_status":"closed","ping_status":"closed","template":"","meta":{"footnotes":""},"class_list":["post-494","page","type-page","status-publish","has-post-thumbnail","hentry"],"translation":{"provider":"WPGlobus","version":"3.0.2","language":"ru","enabled_languages":["tr","en","ru"],"languages":{"tr":{"title":true,"content":true,"excerpt":false},"en":{"title":true,"content":true,"excerpt":false},"ru":{"title":false,"content":false,"excerpt":false}}},"yoast_head":"<!-- This site is optimized with the Yoast SEO plugin v27.6 - https:\/\/yoast.com\/product\/yoast-seo-wordpress\/ -->\n<title>- Technolent<\/title>\n<meta name=\"robots\" content=\"index, follow, max-snippet:-1, max-image-preview:large, max-video-preview:-1\" \/>\n<link rel=\"canonical\" href=\"https:\/\/technolent.com.tr\/akilli-durak-cozumleri\/\" \/>\n<meta property=\"og:locale\" content=\"ru_RU\" \/>\n<meta property=\"og:type\" content=\"article\" \/>\n<meta property=\"og:title\" content=\"- Technolent\" \/>\n<meta property=\"og:url\" content=\"https:\/\/technolent.com.tr\/akilli-durak-cozumleri\/\" \/>\n<meta property=\"og:site_name\" content=\"Technolent\" \/>\n<meta property=\"article:modified_time\" content=\"2025-05-28T07:25:17+00:00\" \/>\n<meta property=\"og:image\" content=\"https:\/\/technolent.com.tr\/wp-content\/uploads\/2025\/05\/Starvision-bus-shelter-1.webp\" \/>\n\t<meta property=\"og:image:width\" content=\"750\" \/>\n\t<meta property=\"og:image:height\" content=\"750\" \/>\n\t<meta property=\"og:image:type\" content=\"image\/webp\" \/>\n<meta name=\"twitter:card\" content=\"summary_large_image\" \/>\n<meta name=\"twitter:label1\" content=\"\u041f\u0440\u0438\u043c\u0435\u0440\u043d\u043e\u0435 \u0432\u0440\u0435\u043c\u044f \u0434\u043b\u044f \u0447\u0442\u0435\u043d\u0438\u044f\" \/>\n\t<meta name=\"twitter:data1\" content=\"3 \u043c\u0438\u043d\u0443\u0442\u044b\" \/>\n<script type=\"application\/ld+json\" class=\"yoast-schema-graph\">{\"@context\":\"https:\\\/\\\/schema.org\",\"@graph\":[{\"@type\":\"WebPage\",\"@id\":\"https:\\\/\\\/technolent.com.tr\\\/akilli-durak-cozumleri\\\/\",\"url\":\"https:\\\/\\\/technolent.com.tr\\\/akilli-durak-cozumleri\\\/\",\"name\":\"- Technolent\",\"isPartOf\":{\"@id\":\"https:\\\/\\\/technolent.com.tr\\\/#website\"},\"primaryImageOfPage\":{\"@id\":\"https:\\\/\\\/technolent.com.tr\\\/akilli-durak-cozumleri\\\/#primaryimage\"},\"image\":{\"@id\":\"https:\\\/\\\/technolent.com.tr\\\/akilli-durak-cozumleri\\\/#primaryimage\"},\"thumbnailUrl\":\"https:\\\/\\\/technolent.com.tr\\\/wp-content\\\/uploads\\\/2025\\\/05\\\/Starvision-bus-shelter-1.webp\",\"datePublished\":\"2025-05-28T07:21:22+00:00\",\"dateModified\":\"2025-05-28T07:25:17+00:00\",\"description\":\"Technolent\u2019s Smart Bus Stop Solutions bring innovation to urban transport with customizable design, real-time information, and sustainability focus.\",\"breadcrumb\":{\"@id\":\"https:\\\/\\\/technolent.com.tr\\\/akilli-durak-cozumleri\\\/#breadcrumb\"},\"inLanguage\":\"ru-RU\",\"potentialAction\":[{\"@type\":\"ReadAction\",\"target\":[\"https:\\\/\\\/technolent.com.tr\\\/akilli-durak-cozumleri\\\/\"]}]},{\"@type\":\"ImageObject\",\"inLanguage\":\"ru-RU\",\"@id\":\"https:\\\/\\\/technolent.com.tr\\\/akilli-durak-cozumleri\\\/#primaryimage\",\"url\":\"https:\\\/\\\/technolent.com.tr\\\/wp-content\\\/uploads\\\/2025\\\/05\\\/Starvision-bus-shelter-1.webp\",\"contentUrl\":\"https:\\\/\\\/technolent.com.tr\\\/wp-content\\\/uploads\\\/2025\\\/05\\\/Starvision-bus-shelter-1.webp\",\"width\":750,\"height\":750},{\"@type\":\"BreadcrumbList\",\"@id\":\"https:\\\/\\\/technolent.com.tr\\\/akilli-durak-cozumleri\\\/#breadcrumb\",\"itemListElement\":[{\"@type\":\"ListItem\",\"position\":1,\"name\":\"Anasayfa\",\"item\":\"https:\\\/\\\/technolent.com.tr\\\/\"},{\"@type\":\"ListItem\",\"position\":2,\"name\":\"Ak\u0131ll\u0131 Durak \u00c7\u00f6z\u00fcmleri\"}]},{\"@type\":\"WebSite\",\"@id\":\"https:\\\/\\\/technolent.com.tr\\\/#website\",\"url\":\"https:\\\/\\\/technolent.com.tr\\\/\",\"name\":\"Technolent\",\"description\":\"Excellent Technology\",\"publisher\":{\"@id\":\"https:\\\/\\\/technolent.com.tr\\\/#organization\"},\"potentialAction\":[{\"@type\":\"SearchAction\",\"target\":{\"@type\":\"EntryPoint\",\"urlTemplate\":\"https:\\\/\\\/technolent.com.tr\\\/?s={search_term_string}\"},\"query-input\":{\"@type\":\"PropertyValueSpecification\",\"valueRequired\":true,\"valueName\":\"search_term_string\"}}],\"inLanguage\":\"ru-RU\"},{\"@type\":\"Organization\",\"@id\":\"https:\\\/\\\/technolent.com.tr\\\/#organization\",\"name\":\"Technolent\",\"url\":\"https:\\\/\\\/technolent.com.tr\\\/\",\"logo\":{\"@type\":\"ImageObject\",\"inLanguage\":\"ru-RU\",\"@id\":\"https:\\\/\\\/technolent.com.tr\\\/#\\\/schema\\\/logo\\\/image\\\/\",\"url\":\"https:\\\/\\\/technolent.com.tr\\\/wp-content\\\/uploads\\\/2023\\\/09\\\/TECHNOLeNT_LOGO.png\",\"contentUrl\":\"https:\\\/\\\/technolent.com.tr\\\/wp-content\\\/uploads\\\/2023\\\/09\\\/TECHNOLeNT_LOGO.png\",\"width\":200,\"height\":43,\"caption\":\"Technolent\"},\"image\":{\"@id\":\"https:\\\/\\\/technolent.com.tr\\\/#\\\/schema\\\/logo\\\/image\\\/\"}}]}<\/script>\n<!-- \/ Yoast SEO plugin. -->","yoast_head_json":{"title":"- Technolent","robots":{"index":"index","follow":"follow","max-snippet":"max-snippet:-1","max-image-preview":"max-image-preview:large","max-video-preview":"max-video-preview:-1"},"canonical":"https:\/\/technolent.com.tr\/akilli-durak-cozumleri\/","og_locale":"ru_RU","og_type":"article","og_title":"- Technolent","og_url":"https:\/\/technolent.com.tr\/akilli-durak-cozumleri\/","og_site_name":"Technolent","article_modified_time":"2025-05-28T07:25:17+00:00","og_image":[{"width":750,"height":750,"url":"https:\/\/technolent.com.tr\/wp-content\/uploads\/2025\/05\/Starvision-bus-shelter-1.webp","type":"image\/webp"}],"twitter_card":"summary_large_image","twitter_misc":{"\u041f\u0440\u0438\u043c\u0435\u0440\u043d\u043e\u0435 \u0432\u0440\u0435\u043c\u044f \u0434\u043b\u044f \u0447\u0442\u0435\u043d\u0438\u044f":"3 \u043c\u0438\u043d\u0443\u0442\u044b"},"schema":{"@context":"https:\/\/schema.org","@graph":[{"@type":"WebPage","@id":"https:\/\/technolent.com.tr\/akilli-durak-cozumleri\/","url":"https:\/\/technolent.com.tr\/akilli-durak-cozumleri\/","name":"- Technolent","isPartOf":{"@id":"https:\/\/technolent.com.tr\/#website"},"primaryImageOfPage":{"@id":"https:\/\/technolent.com.tr\/akilli-durak-cozumleri\/#primaryimage"},"image":{"@id":"https:\/\/technolent.com.tr\/akilli-durak-cozumleri\/#primaryimage"},"thumbnailUrl":"https:\/\/technolent.com.tr\/wp-content\/uploads\/2025\/05\/Starvision-bus-shelter-1.webp","datePublished":"2025-05-28T07:21:22+00:00","dateModified":"2025-05-28T07:25:17+00:00","description":"Technolent\u2019s Smart Bus Stop Solutions bring innovation to urban transport with customizable design, real-time information, and sustainability focus.","breadcrumb":{"@id":"https:\/\/technolent.com.tr\/akilli-durak-cozumleri\/#breadcrumb"},"inLanguage":"ru-RU","potentialAction":[{"@type":"ReadAction","target":["https:\/\/technolent.com.tr\/akilli-durak-cozumleri\/"]}]},{"@type":"ImageObject","inLanguage":"ru-RU","@id":"https:\/\/technolent.com.tr\/akilli-durak-cozumleri\/#primaryimage","url":"https:\/\/technolent.com.tr\/wp-content\/uploads\/2025\/05\/Starvision-bus-shelter-1.webp","contentUrl":"https:\/\/technolent.com.tr\/wp-content\/uploads\/2025\/05\/Starvision-bus-shelter-1.webp","width":750,"height":750},{"@type":"BreadcrumbList","@id":"https:\/\/technolent.com.tr\/akilli-durak-cozumleri\/#breadcrumb","itemListElement":[{"@type":"ListItem","position":1,"name":"Anasayfa","item":"https:\/\/technolent.com.tr\/"},{"@type":"ListItem","position":2,"name":"Ak\u0131ll\u0131 Durak \u00c7\u00f6z\u00fcmleri"}]},{"@type":"WebSite","@id":"https:\/\/technolent.com.tr\/#website","url":"https:\/\/technolent.com.tr\/","name":"Technolent","description":"Excellent Technology","publisher":{"@id":"https:\/\/technolent.com.tr\/#organization"},"potentialAction":[{"@type":"SearchAction","target":{"@type":"EntryPoint","urlTemplate":"https:\/\/technolent.com.tr\/?s={search_term_string}"},"query-input":{"@type":"PropertyValueSpecification","valueRequired":true,"valueName":"search_term_string"}}],"inLanguage":"ru-RU"},{"@type":"Organization","@id":"https:\/\/technolent.com.tr\/#organization","name":"Technolent","url":"https:\/\/technolent.com.tr\/","logo":{"@type":"ImageObject","inLanguage":"ru-RU","@id":"https:\/\/technolent.com.tr\/#\/schema\/logo\/image\/","url":"https:\/\/technolent.com.tr\/wp-content\/uploads\/2023\/09\/TECHNOLeNT_LOGO.png","contentUrl":"https:\/\/technolent.com.tr\/wp-content\/uploads\/2023\/09\/TECHNOLeNT_LOGO.png","width":200,"height":43,"caption":"Technolent"},"image":{"@id":"https:\/\/technolent.com.tr\/#\/schema\/logo\/image\/"}}]}},"_links":{"self":[{"href":"https:\/\/technolent.com.tr\/ru\/wp-json\/wp\/v2\/pages\/494","targetHints":{"allow":["GET"]}}],"collection":[{"href":"https:\/\/technolent.com.tr\/ru\/wp-json\/wp\/v2\/pages"}],"about":[{"href":"https:\/\/technolent.com.tr\/ru\/wp-json\/wp\/v2\/types\/page"}],"author":[{"embeddable":true,"href":"https:\/\/technolent.com.tr\/ru\/wp-json\/wp\/v2\/users\/2"}],"replies":[{"embeddable":true,"href":"https:\/\/technolent.com.tr\/ru\/wp-json\/wp\/v2\/comments?post=494"}],"version-history":[{"count":0,"href":"https:\/\/technolent.com.tr\/ru\/wp-json\/wp\/v2\/pages\/494\/revisions"}],"wp:featuredmedia":[{"embeddable":true,"href":"https:\/\/technolent.com.tr\/ru\/wp-json\/wp\/v2\/media\/495"}],"wp:attachment":[{"href":"https:\/\/technolent.com.tr\/ru\/wp-json\/wp\/v2\/media?parent=494"}],"curies":[{"name":"wp","href":"https:\/\/api.w.org\/{rel}","templated":true}]}}