{"id":478,"date":"2025-05-22T11:28:47","date_gmt":"2025-05-22T09:28:47","guid":{"rendered":"https:\/\/technolent.com.tr\/?page_id=478"},"modified":"2025-05-23T08:27:52","modified_gmt":"2025-05-23T06:27:52","slug":"rtms-echo","status":"publish","type":"page","link":"https:\/\/technolent.com.tr\/ru\/rtms-echo\/","title":{"rendered":"RTMS Echo"},"content":{"rendered":"\n<p>Y\u0131llar\u0131n deneyimiyle geli\u015ftirilen RTMS Echo, ula\u015f\u0131m m\u00fchendislerine kolay kullan\u0131labilir, son derece hassas ve geli\u015fmi\u015f trafik verileri sunan bir radar \u00e7\u00f6z\u00fcm\u00fcd\u00fcr.<\/p>\n\n\n\n<figure class=\"wp-block-image size-full is-resized\"><img fetchpriority=\"high\" decoding=\"async\" width=\"465\" height=\"388\" src=\"https:\/\/technolent.com.tr\/wp-content\/uploads\/2025\/05\/Ekran-Alintisi-2.png\" alt=\"\" class=\"wp-image-479\" style=\"width:259px;height:auto\" srcset=\"https:\/\/technolent.com.tr\/wp-content\/uploads\/2025\/05\/Ekran-Alintisi-2.png 465w, https:\/\/technolent.com.tr\/wp-content\/uploads\/2025\/05\/Ekran-Alintisi-2-300x250.png 300w\" sizes=\"(max-width: 465px) 100vw, 465px\" \/><\/figure>\n\n\n\n<p>Yol kenar\u0131na monte edilen RTMS Echo, <strong>side-fire radar<\/strong> teknolojisiyle \u00e7al\u0131\u015f\u0131r. Ayn\u0131 anda 12&#8217;ye kadar alg\u0131lama b\u00f6lgesinde ara\u00e7 ba\u015f\u0131na hacim, doluluk oran\u0131, h\u0131z ve s\u0131n\u0131fland\u0131rma bilgilerini sa\u011flar.<\/p>\n\n\n\n<p><strong>Kurulum, \u015fimdi her zamankinden daha kolay!<\/strong><br>Dahili hizalama k\u0131lavuzu, otomatik sens\u00f6r yap\u0131land\u0131rmas\u0131 ve mobil cihaz veya tablet \u00fczerinden kablosuz konfig\u00fcrasyon sayesinde RTMS Echo\u2019nun kurulumu olduk\u00e7a pratiktir.<\/p>\n\n\n\n<p>Toplanan veriler y\u00fcksek do\u011frulukla sa\u011flan\u0131r ve kurumunuzun ya da kamu otoritenizin ihtiya\u00e7lar\u0131na uygun bi\u00e7imde formatlanabilir.<\/p>\n\n\n\n<p>RTMS teknolojisi, mevcut altyap\u0131n\u0131n potansiyelini en \u00fcst d\u00fczeye \u00e7\u0131kar\u0131r ve \u015fehirlerin g\u00fcvenlik ve verimlili\u011fini optimize etmek i\u00e7in anlaml\u0131 ve g\u00fcvenilir veriler sunar.<\/p>\n\n\n\n<details class=\"wp-block-details is-layout-flow wp-block-details-is-layout-flow\"><summary>TEKN\u0130K \u00d6ZELL\u0130KLER\u0130<\/summary>\n<p><strong>Ortalama Kapsama Alan\u0131 (Radar):<\/strong><br>Echo radar\u0131n\u0131n alg\u0131lama g\u00f6r\u00fc\u015f alan\u0131 a\u015fa\u011f\u0131daki \u015fekilde tan\u0131mlan\u0131r:<\/p>\n\n\n\n<ul class=\"wp-block-list\">\n<li><strong>Etkili Y\u00fckselme A\u00e7\u0131s\u0131:<\/strong> 78 dereceye kadar<\/li>\n\n\n\n<li><strong>Menzil:<\/strong> 0 \u2013 76 m (0 \u2013 250 ft)<\/li>\n\n\n\n<li><strong>Etkili Azimut A\u00e7\u0131s\u0131:<\/strong> 5 dereceye kadar dar<\/li>\n<\/ul>\n\n\n\n<hr class=\"wp-block-separator has-alpha-channel-opacity\"\/>\n\n\n\n<h3 class=\"wp-block-heading\"><strong>\u00d6l\u00e7\u00fcm Hassasiyeti ve Alg\u0131lama Kapasitesi<\/strong><\/h3>\n\n\n\n<ul class=\"wp-block-list\">\n<li><strong>Radar Verici:<\/strong> \u00c7ift al\u0131c\u0131 anten ile h\u0131z tuza\u011f\u0131 algoritmalar\u0131 kullan\u0131larak ara\u00e7 ba\u015f\u0131na y\u00fcksek do\u011frulukta h\u0131z ve y\u00f6n alg\u0131lama<\/li>\n\n\n\n<li><strong>B\u00f6lge Geni\u015fli\u011fi:<\/strong> 1,8 m \u2013 5,5 m (6 \u2013 18 ft)<\/li>\n\n\n\n<li><strong>Alg\u0131lama B\u00f6lgeleri:<\/strong> Maksimum 12 adet yap\u0131land\u0131r\u0131labilir b\u00f6lge<\/li>\n<\/ul>\n\n\n\n<hr class=\"wp-block-separator has-alpha-channel-opacity\"\/>\n\n\n\n<h3 class=\"wp-block-heading\"><strong>Frekans Band\u0131<\/strong><\/h3>\n\n\n\n<ul class=\"wp-block-list\">\n<li>K band\u0131 (Echo modeli 24 GHz y\u00fcksek \u00e7\u00f6z\u00fcn\u00fcrl\u00fck band\u0131nda \u00e7al\u0131\u015f\u0131r)<\/li>\n<\/ul>\n\n\n\n<hr class=\"wp-block-separator has-alpha-channel-opacity\"\/>\n\n\n\n<h3 class=\"wp-block-heading\"><strong>Elektriksel \u00d6zellikler<\/strong><\/h3>\n\n\n\n<ul class=\"wp-block-list\">\n<li><strong>\u00c7al\u0131\u015fma Gerilimi:<\/strong> 12\u201324V DC<\/li>\n\n\n\n<li><strong>PoE Deste\u011fi:<\/strong> Pasif Ethernet \u00fczerinden g\u00fc\u00e7<\/li>\n\n\n\n<li><strong>G\u00fc\u00e7 T\u00fcketimi:<\/strong> 7,3 Watt<\/li>\n\n\n\n<li><strong>Ani Gerilim Direnci:<\/strong> NEMA 2.8.1.3 standard\u0131na uygun \u015fekilde test edilmi\u015ftir<\/li>\n<\/ul>\n\n\n\n<hr class=\"wp-block-separator has-alpha-channel-opacity\"\/>\n\n\n\n<h3 class=\"wp-block-heading\"><strong>Ba\u011flant\u0131 Aray\u00fczleri<\/strong><\/h3>\n\n\n\n<ul class=\"wp-block-list\">\n<li><strong>Ethernet:<\/strong> 10\/100 Base T-Ethernet, TIA568B standard\u0131nda kablolama<\/li>\n\n\n\n<li><strong>Wi-Fi:<\/strong> Mobil cihazlarla kablosuz yap\u0131land\u0131rma i\u00e7in dahili WiFi eri\u015fim noktas\u0131<\/li>\n<\/ul>\n\n\n\n<hr class=\"wp-block-separator has-alpha-channel-opacity\"\/>\n\n\n\n<h3 class=\"wp-block-heading\"><strong>Veri Depolama ve Eri\u015fim<\/strong><\/h3>\n\n\n\n<ul class=\"wp-block-list\">\n<li><strong>Depolama:<\/strong>\n<ul class=\"wp-block-list\">\n<li>1.000.000 ara\u00e7 kayd\u0131<\/li>\n\n\n\n<li>10.000 zaman aral\u0131\u011f\u0131 kayd\u0131<\/li>\n\n\n\n<li>T\u00fcm veriler kal\u0131c\u0131 bellekte (non-volatile memory) saklan\u0131r<\/li>\n<\/ul>\n<\/li>\n\n\n\n<li><strong>Veri Eri\u015fimi (Echo API):<\/strong>\n<ul class=\"wp-block-list\">\n<li>Hacim ve doluluk oran\u0131<\/li>\n\n\n\n<li>Ara\u00e7 s\u0131n\u0131f\u0131 say\u0131mlar\u0131<\/li>\n\n\n\n<li>Ara\u00e7lar aras\u0131 bo\u015fluk (gap) ve takip s\u00fcresi (headway)<\/li>\n\n\n\n<li>8 farkl\u0131 h\u0131z aral\u0131\u011f\u0131<\/li>\n\n\n\n<li>Ortalama h\u0131z<\/li>\n\n\n\n<li>%85\u2019lik h\u0131z de\u011feri<\/li>\n\n\n\n<li>Ara\u00e7 bazl\u0131 kay\u0131tlar (h\u0131z, uzunluk, y\u00f6n)<\/li>\n\n\n\n<li>Sens\u00f6r gerilimi<\/li>\n\n\n\n<li>Uzunluk bazl\u0131 s\u0131n\u0131fland\u0131rma (8 kategori)<\/li>\n\n\n\n<li>Sx-300 ve Wavetronix protokolleri ile veri al\u0131m\u0131 desteklenir<\/li>\n<\/ul>\n<\/li>\n<\/ul>\n\n\n\n<hr class=\"wp-block-separator has-alpha-channel-opacity\"\/>\n\n\n\n<h3 class=\"wp-block-heading\"><strong>Bak\u0131m ve G\u00fcvenilirlik<\/strong><\/h3>\n\n\n\n<ul class=\"wp-block-list\">\n<li><strong>MTBF (Ar\u0131zalar Aras\u0131 Ortalama S\u00fcre):<\/strong> 90.000 saat (yakla\u015f\u0131k 10 y\u0131l)<\/li>\n\n\n\n<li><strong>Bak\u0131m Gereksinimi:<\/strong> Planl\u0131 bak\u0131m gerektirmez<\/li>\n\n\n\n<li><strong>Sistem Olay G\u00fcnl\u00fc\u011f\u00fc:<\/strong> Mevcuttur<\/li>\n<\/ul>\n\n\n\n<hr class=\"wp-block-separator has-alpha-channel-opacity\"\/>\n\n\n\n<h3 class=\"wp-block-heading\"><strong>Mekanik \u00d6zellikler<\/strong><\/h3>\n\n\n\n<ul class=\"wp-block-list\">\n<li><strong>Montaj:<\/strong> Evrensel braket ile her yap\u0131ya monte edilebilir, 3 eksende ayarlanabilir ve sabitlenebilir<\/li>\n\n\n\n<li><strong>Boyut:<\/strong> 32 x 18 x 7 cm (12,5 x 7,25 x 2,5 in\u00e7)<\/li>\n\n\n\n<li><strong>A\u011f\u0131rl\u0131k:<\/strong> 1,5 kg (braket ile birlikte 4,5 lbs)<\/li>\n\n\n\n<li><strong>Etkili Y\u00fczey Alan\u0131:<\/strong> 100 in\u00b2<\/li>\n<\/ul>\n\n\n\n<hr class=\"wp-block-separator has-alpha-channel-opacity\"\/>\n\n\n\n<h3 class=\"wp-block-heading\"><strong>\u00c7evresel Dayan\u0131kl\u0131l\u0131k<\/strong><\/h3>\n\n\n\n<ul class=\"wp-block-list\">\n<li><strong>S\u0131cakl\u0131k Aral\u0131\u011f\u0131:<\/strong> -40\u00b0C ila +74\u00b0C<\/li>\n\n\n\n<li><strong>Titre\u015fim Direnci:<\/strong> NEMA TS2 2.2.8.4 standard\u0131<\/li>\n\n\n\n<li><strong>R\u00fczgar Dayan\u0131m\u0131:<\/strong> 241 km\/saat (150 mil\/saat)<\/li>\n\n\n\n<li><strong>Rezonans Testi:<\/strong> NEMA TS2 2.2.8.3<\/li>\n\n\n\n<li><strong>Darbe Testi:<\/strong> NEMA TS2 2.2.9.2<\/li>\n\n\n\n<li><strong>Su Ge\u00e7irmezlik:<\/strong> IP67 standard\u0131na uygun muhafaza<\/li>\n<\/ul>\n\n\n\n<hr class=\"wp-block-separator has-alpha-channel-opacity\"\/>\n\n\n\n<h3 class=\"wp-block-heading\"><strong>Sertifikalar ve Uygunluklar<\/strong><\/h3>\n\n\n\n<ul class=\"wp-block-list\">\n<li><strong>FCC:<\/strong> Title 47, Part 15<\/li>\n\n\n\n<li><strong>UKCA<\/strong><\/li>\n\n\n\n<li><strong>CSA (Kanada):<\/strong> C108.0-M1983<\/li>\n\n\n\n<li><strong>CE:<\/strong> EN300 440, EN301 498-51, EN301 489-17, EN301 489-19, EN303 413<\/li>\n<\/ul>\n\n\n\n<hr class=\"wp-block-separator has-alpha-channel-opacity\"\/>\n\n\n\n<h3 class=\"wp-block-heading\"><strong>Garanti<\/strong><\/h3>\n\n\n\n<p><strong>3 Y\u0131l \u00dcr\u00fcn Garantisi<\/strong><\/p>\n<\/details>\n\n\n\n<p><\/p>\n","protected":false},"excerpt":{"rendered":"<p>Y\u0131llar\u0131n deneyimiyle geli\u015ftirilen RTMS Echo, ula\u015f\u0131m m\u00fchendislerine kolay kullan\u0131labilir, son derece hassas ve geli\u015fmi\u015f trafik verileri sunan bir radar \u00e7\u00f6z\u00fcm\u00fcd\u00fcr. Yol kenar\u0131na monte edilen RTMS Echo, side-fire radar teknolojisiyle \u00e7al\u0131\u015f\u0131r. Ayn\u0131 anda 12&#8217;ye kadar alg\u0131lama b\u00f6lgesinde ara\u00e7 ba\u015f\u0131na hacim, doluluk oran\u0131, h\u0131z ve s\u0131n\u0131fland\u0131rma bilgilerini sa\u011flar. Kurulum, \u015fimdi her zamankinden daha kolay!Dahili hizalama k\u0131lavuzu, otomatik [&hellip;]<\/p>\n","protected":false},"author":2,"featured_media":475,"parent":0,"menu_order":0,"comment_status":"closed","ping_status":"closed","template":"","meta":{"footnotes":""},"class_list":["post-478","page","type-page","status-publish","has-post-thumbnail","hentry"],"translation":{"provider":"WPGlobus","version":"3.0.2","language":"ru","enabled_languages":["tr","en","ru"],"languages":{"tr":{"title":true,"content":true,"excerpt":false},"en":{"title":true,"content":true,"excerpt":false},"ru":{"title":false,"content":false,"excerpt":false}}},"yoast_head":"<!-- This site is optimized with the Yoast SEO plugin v27.6 - https:\/\/yoast.com\/product\/yoast-seo-wordpress\/ -->\n<title>- Technolent<\/title>\n<meta name=\"robots\" content=\"index, follow, max-snippet:-1, max-image-preview:large, max-video-preview:-1\" \/>\n<link rel=\"canonical\" href=\"https:\/\/technolent.com.tr\/rtms-echo\/\" \/>\n<meta property=\"og:locale\" content=\"ru_RU\" \/>\n<meta property=\"og:type\" content=\"article\" \/>\n<meta property=\"og:title\" content=\"- Technolent\" \/>\n<meta property=\"og:url\" content=\"https:\/\/technolent.com.tr\/rtms-echo\/\" \/>\n<meta property=\"og:site_name\" content=\"Technolent\" \/>\n<meta property=\"article:modified_time\" content=\"2025-05-23T06:27:52+00:00\" \/>\n<meta property=\"og:image\" content=\"https:\/\/technolent.com.tr\/wp-content\/uploads\/2025\/05\/Ekran-Alintisi-1.png\" \/>\n\t<meta property=\"og:image:width\" content=\"465\" \/>\n\t<meta property=\"og:image:height\" content=\"388\" \/>\n\t<meta property=\"og:image:type\" content=\"image\/png\" \/>\n<meta name=\"twitter:card\" content=\"summary_large_image\" \/>\n<meta name=\"twitter:label1\" content=\"\u041f\u0440\u0438\u043c\u0435\u0440\u043d\u043e\u0435 \u0432\u0440\u0435\u043c\u044f \u0434\u043b\u044f \u0447\u0442\u0435\u043d\u0438\u044f\" \/>\n\t<meta name=\"twitter:data1\" content=\"4 \u043c\u0438\u043d\u0443\u0442\u044b\" \/>\n<script type=\"application\/ld+json\" class=\"yoast-schema-graph\">{\"@context\":\"https:\\\/\\\/schema.org\",\"@graph\":[{\"@type\":\"WebPage\",\"@id\":\"https:\\\/\\\/technolent.com.tr\\\/rtms-echo\\\/\",\"url\":\"https:\\\/\\\/technolent.com.tr\\\/rtms-echo\\\/\",\"name\":\"- Technolent\",\"isPartOf\":{\"@id\":\"https:\\\/\\\/technolent.com.tr\\\/#website\"},\"primaryImageOfPage\":{\"@id\":\"https:\\\/\\\/technolent.com.tr\\\/rtms-echo\\\/#primaryimage\"},\"image\":{\"@id\":\"https:\\\/\\\/technolent.com.tr\\\/rtms-echo\\\/#primaryimage\"},\"thumbnailUrl\":\"https:\\\/\\\/technolent.com.tr\\\/wp-content\\\/uploads\\\/2025\\\/05\\\/Ekran-Alintisi-1.png\",\"datePublished\":\"2025-05-22T09:28:47+00:00\",\"dateModified\":\"2025-05-23T06:27:52+00:00\",\"description\":\"High-accuracy radar sensor for traffic detection with up to 12 zones. Provides real-time volume, speed, and classification data. Easy setup, durable design, and wireless configuration.\",\"breadcrumb\":{\"@id\":\"https:\\\/\\\/technolent.com.tr\\\/rtms-echo\\\/#breadcrumb\"},\"inLanguage\":\"ru-RU\",\"potentialAction\":[{\"@type\":\"ReadAction\",\"target\":[\"https:\\\/\\\/technolent.com.tr\\\/rtms-echo\\\/\"]}]},{\"@type\":\"ImageObject\",\"inLanguage\":\"ru-RU\",\"@id\":\"https:\\\/\\\/technolent.com.tr\\\/rtms-echo\\\/#primaryimage\",\"url\":\"https:\\\/\\\/technolent.com.tr\\\/wp-content\\\/uploads\\\/2025\\\/05\\\/Ekran-Alintisi-1.png\",\"contentUrl\":\"https:\\\/\\\/technolent.com.tr\\\/wp-content\\\/uploads\\\/2025\\\/05\\\/Ekran-Alintisi-1.png\",\"width\":465,\"height\":388},{\"@type\":\"BreadcrumbList\",\"@id\":\"https:\\\/\\\/technolent.com.tr\\\/rtms-echo\\\/#breadcrumb\",\"itemListElement\":[{\"@type\":\"ListItem\",\"position\":1,\"name\":\"Anasayfa\",\"item\":\"https:\\\/\\\/technolent.com.tr\\\/\"},{\"@type\":\"ListItem\",\"position\":2,\"name\":\"RTMS Echo\"}]},{\"@type\":\"WebSite\",\"@id\":\"https:\\\/\\\/technolent.com.tr\\\/#website\",\"url\":\"https:\\\/\\\/technolent.com.tr\\\/\",\"name\":\"Technolent\",\"description\":\"Excellent Technology\",\"publisher\":{\"@id\":\"https:\\\/\\\/technolent.com.tr\\\/#organization\"},\"potentialAction\":[{\"@type\":\"SearchAction\",\"target\":{\"@type\":\"EntryPoint\",\"urlTemplate\":\"https:\\\/\\\/technolent.com.tr\\\/?s={search_term_string}\"},\"query-input\":{\"@type\":\"PropertyValueSpecification\",\"valueRequired\":true,\"valueName\":\"search_term_string\"}}],\"inLanguage\":\"ru-RU\"},{\"@type\":\"Organization\",\"@id\":\"https:\\\/\\\/technolent.com.tr\\\/#organization\",\"name\":\"Technolent\",\"url\":\"https:\\\/\\\/technolent.com.tr\\\/\",\"logo\":{\"@type\":\"ImageObject\",\"inLanguage\":\"ru-RU\",\"@id\":\"https:\\\/\\\/technolent.com.tr\\\/#\\\/schema\\\/logo\\\/image\\\/\",\"url\":\"https:\\\/\\\/technolent.com.tr\\\/wp-content\\\/uploads\\\/2023\\\/09\\\/TECHNOLeNT_LOGO.png\",\"contentUrl\":\"https:\\\/\\\/technolent.com.tr\\\/wp-content\\\/uploads\\\/2023\\\/09\\\/TECHNOLeNT_LOGO.png\",\"width\":200,\"height\":43,\"caption\":\"Technolent\"},\"image\":{\"@id\":\"https:\\\/\\\/technolent.com.tr\\\/#\\\/schema\\\/logo\\\/image\\\/\"}}]}<\/script>\n<!-- \/ Yoast SEO plugin. -->","yoast_head_json":{"title":"- Technolent","robots":{"index":"index","follow":"follow","max-snippet":"max-snippet:-1","max-image-preview":"max-image-preview:large","max-video-preview":"max-video-preview:-1"},"canonical":"https:\/\/technolent.com.tr\/rtms-echo\/","og_locale":"ru_RU","og_type":"article","og_title":"- Technolent","og_url":"https:\/\/technolent.com.tr\/rtms-echo\/","og_site_name":"Technolent","article_modified_time":"2025-05-23T06:27:52+00:00","og_image":[{"width":465,"height":388,"url":"https:\/\/technolent.com.tr\/wp-content\/uploads\/2025\/05\/Ekran-Alintisi-1.png","type":"image\/png"}],"twitter_card":"summary_large_image","twitter_misc":{"\u041f\u0440\u0438\u043c\u0435\u0440\u043d\u043e\u0435 \u0432\u0440\u0435\u043c\u044f \u0434\u043b\u044f \u0447\u0442\u0435\u043d\u0438\u044f":"4 \u043c\u0438\u043d\u0443\u0442\u044b"},"schema":{"@context":"https:\/\/schema.org","@graph":[{"@type":"WebPage","@id":"https:\/\/technolent.com.tr\/rtms-echo\/","url":"https:\/\/technolent.com.tr\/rtms-echo\/","name":"- Technolent","isPartOf":{"@id":"https:\/\/technolent.com.tr\/#website"},"primaryImageOfPage":{"@id":"https:\/\/technolent.com.tr\/rtms-echo\/#primaryimage"},"image":{"@id":"https:\/\/technolent.com.tr\/rtms-echo\/#primaryimage"},"thumbnailUrl":"https:\/\/technolent.com.tr\/wp-content\/uploads\/2025\/05\/Ekran-Alintisi-1.png","datePublished":"2025-05-22T09:28:47+00:00","dateModified":"2025-05-23T06:27:52+00:00","description":"High-accuracy radar sensor for traffic detection with up to 12 zones. Provides real-time volume, speed, and classification data. Easy setup, durable design, and wireless configuration.","breadcrumb":{"@id":"https:\/\/technolent.com.tr\/rtms-echo\/#breadcrumb"},"inLanguage":"ru-RU","potentialAction":[{"@type":"ReadAction","target":["https:\/\/technolent.com.tr\/rtms-echo\/"]}]},{"@type":"ImageObject","inLanguage":"ru-RU","@id":"https:\/\/technolent.com.tr\/rtms-echo\/#primaryimage","url":"https:\/\/technolent.com.tr\/wp-content\/uploads\/2025\/05\/Ekran-Alintisi-1.png","contentUrl":"https:\/\/technolent.com.tr\/wp-content\/uploads\/2025\/05\/Ekran-Alintisi-1.png","width":465,"height":388},{"@type":"BreadcrumbList","@id":"https:\/\/technolent.com.tr\/rtms-echo\/#breadcrumb","itemListElement":[{"@type":"ListItem","position":1,"name":"Anasayfa","item":"https:\/\/technolent.com.tr\/"},{"@type":"ListItem","position":2,"name":"RTMS Echo"}]},{"@type":"WebSite","@id":"https:\/\/technolent.com.tr\/#website","url":"https:\/\/technolent.com.tr\/","name":"Technolent","description":"Excellent Technology","publisher":{"@id":"https:\/\/technolent.com.tr\/#organization"},"potentialAction":[{"@type":"SearchAction","target":{"@type":"EntryPoint","urlTemplate":"https:\/\/technolent.com.tr\/?s={search_term_string}"},"query-input":{"@type":"PropertyValueSpecification","valueRequired":true,"valueName":"search_term_string"}}],"inLanguage":"ru-RU"},{"@type":"Organization","@id":"https:\/\/technolent.com.tr\/#organization","name":"Technolent","url":"https:\/\/technolent.com.tr\/","logo":{"@type":"ImageObject","inLanguage":"ru-RU","@id":"https:\/\/technolent.com.tr\/#\/schema\/logo\/image\/","url":"https:\/\/technolent.com.tr\/wp-content\/uploads\/2023\/09\/TECHNOLeNT_LOGO.png","contentUrl":"https:\/\/technolent.com.tr\/wp-content\/uploads\/2023\/09\/TECHNOLeNT_LOGO.png","width":200,"height":43,"caption":"Technolent"},"image":{"@id":"https:\/\/technolent.com.tr\/#\/schema\/logo\/image\/"}}]}},"_links":{"self":[{"href":"https:\/\/technolent.com.tr\/ru\/wp-json\/wp\/v2\/pages\/478","targetHints":{"allow":["GET"]}}],"collection":[{"href":"https:\/\/technolent.com.tr\/ru\/wp-json\/wp\/v2\/pages"}],"about":[{"href":"https:\/\/technolent.com.tr\/ru\/wp-json\/wp\/v2\/types\/page"}],"author":[{"embeddable":true,"href":"https:\/\/technolent.com.tr\/ru\/wp-json\/wp\/v2\/users\/2"}],"replies":[{"embeddable":true,"href":"https:\/\/technolent.com.tr\/ru\/wp-json\/wp\/v2\/comments?post=478"}],"version-history":[{"count":0,"href":"https:\/\/technolent.com.tr\/ru\/wp-json\/wp\/v2\/pages\/478\/revisions"}],"wp:featuredmedia":[{"embeddable":true,"href":"https:\/\/technolent.com.tr\/ru\/wp-json\/wp\/v2\/media\/475"}],"wp:attachment":[{"href":"https:\/\/technolent.com.tr\/ru\/wp-json\/wp\/v2\/media?parent=478"}],"curies":[{"name":"wp","href":"https:\/\/api.w.org\/{rel}","templated":true}]}}