{"id":415,"date":"2025-05-14T09:06:59","date_gmt":"2025-05-14T07:06:59","guid":{"rendered":"https:\/\/technolent.com.tr\/?page_id=415"},"modified":"2025-05-14T09:49:36","modified_gmt":"2025-05-14T07:49:36","slug":"akilli-ulasim-teknolojileri","status":"publish","type":"page","link":"https:\/\/technolent.com.tr\/ru\/akilli-ulasim-teknolojileri\/","title":{"rendered":"Ak\u0131ll\u0131 Ula\u015f\u0131m Teknolojileri"},"content":{"rendered":"<\/p>\n\n\n<p>Dijitalle\u015fme \u00e7a\u011f\u0131n\u0131 ya\u015fayan \u015fehirler, giderek karma\u015f\u0131kla\u015fan kentsel ya\u015fam\u0131 daha verimli ve s\u00fcrd\u00fcr\u00fclebilir \u015fekilde y\u00f6netebilmek i\u00e7in yeni nesil teknolojilere y\u00f6neliyor. Bu d\u00f6n\u00fc\u015f\u00fcm\u00fcn en \u00f6nemli par\u00e7alar\u0131ndan biri de <strong>Ak\u0131ll\u0131 Ula\u015f\u0131m Sistemleri (AUS)<\/strong> olarak \u00f6ne \u00e7\u0131k\u0131yor. Geleneksel ula\u015f\u0131m altyap\u0131lar\u0131na g\u00f6re \u00e7ok daha ak\u0131ll\u0131, g\u00fcvenli ve etkili \u00e7\u00f6z\u00fcmler sunan AUS uygulamalar\u0131, g\u00fcn\u00fcm\u00fczde sadece trafik kontrol\u00fc ile s\u0131n\u0131rl\u0131 kalmay\u0131p ula\u015f\u0131m\u0131n her alan\u0131nda kullan\u0131lmaya ba\u015flanm\u0131\u015ft\u0131r.<\/p>\n\n\n\n<figure class=\"wp-block-image size-full\"><img fetchpriority=\"high\" decoding=\"async\" width=\"750\" height=\"749\" src=\"https:\/\/technolent.com.tr\/wp-content\/uploads\/2025\/05\/1_ITS_illustration.png\" alt=\"\" class=\"wp-image-417\" srcset=\"https:\/\/technolent.com.tr\/wp-content\/uploads\/2025\/05\/1_ITS_illustration.png 750w, https:\/\/technolent.com.tr\/wp-content\/uploads\/2025\/05\/1_ITS_illustration-300x300.png 300w, https:\/\/technolent.com.tr\/wp-content\/uploads\/2025\/05\/1_ITS_illustration-150x150.png 150w\" sizes=\"(max-width: 750px) 100vw, 750px\" \/><\/figure>\n\n\n\n<p>Ak\u0131ll\u0131 Ula\u015f\u0131m Sistemleri; ara\u00e7tan araca (V2V) ve ara\u00e7tan altyap\u0131ya (V2I) ileti\u015fimi sa\u011flayan kablosuz ve kablolu haberle\u015fme tabanl\u0131 teknolojilerden olu\u015fur. Bu sistemler, Internet of Things (IoT) ekosistemi i\u00e7erisinde konumlanarak; ta\u015f\u0131tlar, yaya ge\u00e7itleri, trafik \u0131\u015f\u0131klar\u0131 ve di\u011fer ula\u015f\u0131m altyap\u0131lar\u0131 ile s\u00fcrekli bilgi al\u0131\u015fveri\u015fi i\u00e7inde \u00e7al\u0131\u015f\u0131r. Otomasyon, elektronik haberle\u015fme, sens\u00f6r teknolojileri ve bulut tabanl\u0131 veri i\u015fleme altyap\u0131lar\u0131 sayesinde ula\u015f\u0131mda g\u00fcvenlik, verimlilik ve s\u00fcrd\u00fcr\u00fclebilirlik gibi kritik hedeflere ula\u015fmak m\u00fcmk\u00fcn hale gelir.<\/p>\n\n\n\n<p><strong>Ak\u0131ll\u0131 Ula\u015f\u0131m Sistemleri\u2019nin sundu\u011fu ba\u015fl\u0131ca avantajlar:<\/strong><\/p>\n\n\n\n<ul class=\"wp-block-list\">\n<li>Trafik yo\u011funlu\u011funun azalt\u0131lmas\u0131<\/li>\n\n\n\n<li>Seyahat s\u00fcrelerinin optimize edilmesi<\/li>\n\n\n\n<li>Yol g\u00fcvenli\u011finin art\u0131r\u0131lmas\u0131<\/li>\n\n\n\n<li>\u00c7evresel etkilerin azalt\u0131lmas\u0131<\/li>\n\n\n\n<li>Toplu ta\u015f\u0131ma sistemlerinin etkinli\u011finin art\u0131r\u0131lmas\u0131<\/li>\n\n\n\n<li>Ger\u00e7ek zamanl\u0131 yolcu ve s\u00fcr\u00fcc\u00fc bilgilendirme sistemleri<\/li>\n\n\n\n<li>Ekonomik fayda ve operasyonel verimlilik<\/li>\n<\/ul>\n\n\n\n<p>Geli\u015fmi\u015f uygulama \u00f6rnekleri aras\u0131nda; <strong>elektronik ge\u00e7i\u015f sistemleri, rampalarda sinyal kontrol\u00fc (ramp metering), ak\u0131ll\u0131 trafik \u0131\u015f\u0131klar\u0131, sinyal \u00f6nceliklendirme, trafik kameralar\u0131 ve yolcu bilgilendirme sistemleri<\/strong> yer almaktad\u0131r.<\/p>\n\n\n\n<p>Teknolojinin geli\u015fmesiyle birlikte AUS, yaln\u0131zca \u00f6zel ara\u00e7lar\u0131 de\u011fil; otob\u00fcs, kamyon ve hatta bisiklet gibi \u00e7e\u015fitli ta\u015f\u0131ma ara\u00e7lar\u0131n\u0131 da birbirine entegre edebilecek kapasiteye ula\u015fm\u0131\u015ft\u0131r. \u00d6rne\u011fin; otob\u00fcslerin milimetrik hassasiyetle duraklara yana\u015fmas\u0131n\u0131 sa\u011flayan otomatik y\u00f6nlendirme sistemleri ve \u00e7arp\u0131\u015fma \u00f6nleyici teknolojiler, bu sistemlerin geldi\u011fi noktay\u0131 g\u00f6zler \u00f6n\u00fcne seriyor.<\/p>\n\n\n\n<p>Technolent Teknoloji olarak, \u015fehirlerin daha ya\u015fanabilir hale gelmesi ve ula\u015f\u0131m\u0131n daha ak\u0131ll\u0131 y\u00f6netilmesi ad\u0131na <strong>Ak\u0131ll\u0131 Ula\u015f\u0131m Sistemleri \u00e7\u00f6z\u00fcmlerimizle<\/strong> kamu kurumlar\u0131na ve \u00f6zel sekt\u00f6re inovatif \u00e7\u00f6z\u00fcmler sunmaktay\u0131z. Gelece\u011fin \u015fehirlerini bug\u00fcnden in\u015fa etmek i\u00e7in teknolojiyi sizinle bulu\u015fturuyoruz.<\/p>\n\n\n<p>","protected":false},"excerpt":{"rendered":"<p>Dijitalle\u015fme \u00e7a\u011f\u0131n\u0131 ya\u015fayan \u015fehirler, giderek karma\u015f\u0131kla\u015fan kentsel ya\u015fam\u0131 daha verimli ve s\u00fcrd\u00fcr\u00fclebilir \u015fekilde y\u00f6netebilmek i\u00e7in yeni nesil teknolojilere y\u00f6neliyor. Bu d\u00f6n\u00fc\u015f\u00fcm\u00fcn en \u00f6nemli par\u00e7alar\u0131ndan biri de Ak\u0131ll\u0131 Ula\u015f\u0131m Sistemleri (AUS) olarak \u00f6ne \u00e7\u0131k\u0131yor. Geleneksel ula\u015f\u0131m altyap\u0131lar\u0131na g\u00f6re \u00e7ok daha ak\u0131ll\u0131, g\u00fcvenli ve etkili \u00e7\u00f6z\u00fcmler sunan AUS uygulamalar\u0131, g\u00fcn\u00fcm\u00fczde sadece trafik kontrol\u00fc ile s\u0131n\u0131rl\u0131 kalmay\u0131p ula\u015f\u0131m\u0131n [&hellip;]<\/p>\n","protected":false},"author":2,"featured_media":416,"parent":0,"menu_order":0,"comment_status":"closed","ping_status":"closed","template":"","meta":{"footnotes":""},"class_list":["post-415","page","type-page","status-publish","has-post-thumbnail","hentry"],"translation":{"provider":"WPGlobus","version":"3.0.2","language":"ru","enabled_languages":["tr","en","ru"],"languages":{"tr":{"title":true,"content":true,"excerpt":false},"en":{"title":true,"content":true,"excerpt":false},"ru":{"title":false,"content":false,"excerpt":false}}},"yoast_head":"<!-- This site is optimized with the Yoast SEO plugin v27.6 - https:\/\/yoast.com\/product\/yoast-seo-wordpress\/ -->\n<title>- Technolent<\/title>\n<meta name=\"robots\" content=\"index, follow, max-snippet:-1, max-image-preview:large, max-video-preview:-1\" \/>\n<link rel=\"canonical\" href=\"https:\/\/technolent.com.tr\/akilli-ulasim-teknolojileri\/\" \/>\n<meta property=\"og:locale\" content=\"ru_RU\" \/>\n<meta property=\"og:type\" content=\"article\" \/>\n<meta property=\"og:title\" content=\"- Technolent\" \/>\n<meta property=\"og:url\" content=\"https:\/\/technolent.com.tr\/akilli-ulasim-teknolojileri\/\" \/>\n<meta property=\"og:site_name\" content=\"Technolent\" \/>\n<meta property=\"article:modified_time\" content=\"2025-05-14T07:49:36+00:00\" \/>\n<meta property=\"og:image\" content=\"https:\/\/technolent.com.tr\/wp-content\/uploads\/2025\/05\/What-Is-An-Intelligent-Transport-System-How-Does-It-Work.jpg\" \/>\n\t<meta property=\"og:image:width\" content=\"1200\" \/>\n\t<meta property=\"og:image:height\" content=\"628\" \/>\n\t<meta property=\"og:image:type\" content=\"image\/jpeg\" \/>\n<meta name=\"twitter:card\" content=\"summary_large_image\" \/>\n<meta name=\"twitter:label1\" content=\"\u041f\u0440\u0438\u043c\u0435\u0440\u043d\u043e\u0435 \u0432\u0440\u0435\u043c\u044f \u0434\u043b\u044f \u0447\u0442\u0435\u043d\u0438\u044f\" \/>\n\t<meta name=\"twitter:data1\" content=\"5 \u043c\u0438\u043d\u0443\u0442\" \/>\n<script type=\"application\/ld+json\" class=\"yoast-schema-graph\">{\"@context\":\"https:\\\/\\\/schema.org\",\"@graph\":[{\"@type\":\"WebPage\",\"@id\":\"https:\\\/\\\/technolent.com.tr\\\/akilli-ulasim-teknolojileri\\\/\",\"url\":\"https:\\\/\\\/technolent.com.tr\\\/akilli-ulasim-teknolojileri\\\/\",\"name\":\"- Technolent\",\"isPartOf\":{\"@id\":\"https:\\\/\\\/technolent.com.tr\\\/#website\"},\"primaryImageOfPage\":{\"@id\":\"https:\\\/\\\/technolent.com.tr\\\/akilli-ulasim-teknolojileri\\\/#primaryimage\"},\"image\":{\"@id\":\"https:\\\/\\\/technolent.com.tr\\\/akilli-ulasim-teknolojileri\\\/#primaryimage\"},\"thumbnailUrl\":\"https:\\\/\\\/technolent.com.tr\\\/wp-content\\\/uploads\\\/2025\\\/05\\\/What-Is-An-Intelligent-Transport-System-How-Does-It-Work.jpg\",\"datePublished\":\"2025-05-14T07:06:59+00:00\",\"dateModified\":\"2025-05-14T07:49:36+00:00\",\"breadcrumb\":{\"@id\":\"https:\\\/\\\/technolent.com.tr\\\/akilli-ulasim-teknolojileri\\\/#breadcrumb\"},\"inLanguage\":\"ru-RU\",\"potentialAction\":[{\"@type\":\"ReadAction\",\"target\":[\"https:\\\/\\\/technolent.com.tr\\\/akilli-ulasim-teknolojileri\\\/\"]}]},{\"@type\":\"ImageObject\",\"inLanguage\":\"ru-RU\",\"@id\":\"https:\\\/\\\/technolent.com.tr\\\/akilli-ulasim-teknolojileri\\\/#primaryimage\",\"url\":\"https:\\\/\\\/technolent.com.tr\\\/wp-content\\\/uploads\\\/2025\\\/05\\\/What-Is-An-Intelligent-Transport-System-How-Does-It-Work.jpg\",\"contentUrl\":\"https:\\\/\\\/technolent.com.tr\\\/wp-content\\\/uploads\\\/2025\\\/05\\\/What-Is-An-Intelligent-Transport-System-How-Does-It-Work.jpg\",\"width\":1200,\"height\":628,\"caption\":\"xr:d:DAFYeFO0s7k:7,j:47346337248,t:23051712\"},{\"@type\":\"BreadcrumbList\",\"@id\":\"https:\\\/\\\/technolent.com.tr\\\/akilli-ulasim-teknolojileri\\\/#breadcrumb\",\"itemListElement\":[{\"@type\":\"ListItem\",\"position\":1,\"name\":\"Anasayfa\",\"item\":\"https:\\\/\\\/technolent.com.tr\\\/\"},{\"@type\":\"ListItem\",\"position\":2,\"name\":\"Ak\u0131ll\u0131 Ula\u015f\u0131m Teknolojileri\"}]},{\"@type\":\"WebSite\",\"@id\":\"https:\\\/\\\/technolent.com.tr\\\/#website\",\"url\":\"https:\\\/\\\/technolent.com.tr\\\/\",\"name\":\"Technolent\",\"description\":\"Excellent Technology\",\"publisher\":{\"@id\":\"https:\\\/\\\/technolent.com.tr\\\/#organization\"},\"potentialAction\":[{\"@type\":\"SearchAction\",\"target\":{\"@type\":\"EntryPoint\",\"urlTemplate\":\"https:\\\/\\\/technolent.com.tr\\\/?s={search_term_string}\"},\"query-input\":{\"@type\":\"PropertyValueSpecification\",\"valueRequired\":true,\"valueName\":\"search_term_string\"}}],\"inLanguage\":\"ru-RU\"},{\"@type\":\"Organization\",\"@id\":\"https:\\\/\\\/technolent.com.tr\\\/#organization\",\"name\":\"Technolent\",\"url\":\"https:\\\/\\\/technolent.com.tr\\\/\",\"logo\":{\"@type\":\"ImageObject\",\"inLanguage\":\"ru-RU\",\"@id\":\"https:\\\/\\\/technolent.com.tr\\\/#\\\/schema\\\/logo\\\/image\\\/\",\"url\":\"https:\\\/\\\/technolent.com.tr\\\/wp-content\\\/uploads\\\/2023\\\/09\\\/TECHNOLeNT_LOGO.png\",\"contentUrl\":\"https:\\\/\\\/technolent.com.tr\\\/wp-content\\\/uploads\\\/2023\\\/09\\\/TECHNOLeNT_LOGO.png\",\"width\":200,\"height\":43,\"caption\":\"Technolent\"},\"image\":{\"@id\":\"https:\\\/\\\/technolent.com.tr\\\/#\\\/schema\\\/logo\\\/image\\\/\"}}]}<\/script>\n<!-- \/ Yoast SEO plugin. -->","yoast_head_json":{"title":"- Technolent","robots":{"index":"index","follow":"follow","max-snippet":"max-snippet:-1","max-image-preview":"max-image-preview:large","max-video-preview":"max-video-preview:-1"},"canonical":"https:\/\/technolent.com.tr\/akilli-ulasim-teknolojileri\/","og_locale":"ru_RU","og_type":"article","og_title":"- Technolent","og_url":"https:\/\/technolent.com.tr\/akilli-ulasim-teknolojileri\/","og_site_name":"Technolent","article_modified_time":"2025-05-14T07:49:36+00:00","og_image":[{"width":1200,"height":628,"url":"https:\/\/technolent.com.tr\/wp-content\/uploads\/2025\/05\/What-Is-An-Intelligent-Transport-System-How-Does-It-Work.jpg","type":"image\/jpeg"}],"twitter_card":"summary_large_image","twitter_misc":{"\u041f\u0440\u0438\u043c\u0435\u0440\u043d\u043e\u0435 \u0432\u0440\u0435\u043c\u044f \u0434\u043b\u044f \u0447\u0442\u0435\u043d\u0438\u044f":"5 \u043c\u0438\u043d\u0443\u0442"},"schema":{"@context":"https:\/\/schema.org","@graph":[{"@type":"WebPage","@id":"https:\/\/technolent.com.tr\/akilli-ulasim-teknolojileri\/","url":"https:\/\/technolent.com.tr\/akilli-ulasim-teknolojileri\/","name":"- Technolent","isPartOf":{"@id":"https:\/\/technolent.com.tr\/#website"},"primaryImageOfPage":{"@id":"https:\/\/technolent.com.tr\/akilli-ulasim-teknolojileri\/#primaryimage"},"image":{"@id":"https:\/\/technolent.com.tr\/akilli-ulasim-teknolojileri\/#primaryimage"},"thumbnailUrl":"https:\/\/technolent.com.tr\/wp-content\/uploads\/2025\/05\/What-Is-An-Intelligent-Transport-System-How-Does-It-Work.jpg","datePublished":"2025-05-14T07:06:59+00:00","dateModified":"2025-05-14T07:49:36+00:00","breadcrumb":{"@id":"https:\/\/technolent.com.tr\/akilli-ulasim-teknolojileri\/#breadcrumb"},"inLanguage":"ru-RU","potentialAction":[{"@type":"ReadAction","target":["https:\/\/technolent.com.tr\/akilli-ulasim-teknolojileri\/"]}]},{"@type":"ImageObject","inLanguage":"ru-RU","@id":"https:\/\/technolent.com.tr\/akilli-ulasim-teknolojileri\/#primaryimage","url":"https:\/\/technolent.com.tr\/wp-content\/uploads\/2025\/05\/What-Is-An-Intelligent-Transport-System-How-Does-It-Work.jpg","contentUrl":"https:\/\/technolent.com.tr\/wp-content\/uploads\/2025\/05\/What-Is-An-Intelligent-Transport-System-How-Does-It-Work.jpg","width":1200,"height":628,"caption":"xr:d:DAFYeFO0s7k:7,j:47346337248,t:23051712"},{"@type":"BreadcrumbList","@id":"https:\/\/technolent.com.tr\/akilli-ulasim-teknolojileri\/#breadcrumb","itemListElement":[{"@type":"ListItem","position":1,"name":"Anasayfa","item":"https:\/\/technolent.com.tr\/"},{"@type":"ListItem","position":2,"name":"Ak\u0131ll\u0131 Ula\u015f\u0131m Teknolojileri"}]},{"@type":"WebSite","@id":"https:\/\/technolent.com.tr\/#website","url":"https:\/\/technolent.com.tr\/","name":"Technolent","description":"Excellent Technology","publisher":{"@id":"https:\/\/technolent.com.tr\/#organization"},"potentialAction":[{"@type":"SearchAction","target":{"@type":"EntryPoint","urlTemplate":"https:\/\/technolent.com.tr\/?s={search_term_string}"},"query-input":{"@type":"PropertyValueSpecification","valueRequired":true,"valueName":"search_term_string"}}],"inLanguage":"ru-RU"},{"@type":"Organization","@id":"https:\/\/technolent.com.tr\/#organization","name":"Technolent","url":"https:\/\/technolent.com.tr\/","logo":{"@type":"ImageObject","inLanguage":"ru-RU","@id":"https:\/\/technolent.com.tr\/#\/schema\/logo\/image\/","url":"https:\/\/technolent.com.tr\/wp-content\/uploads\/2023\/09\/TECHNOLeNT_LOGO.png","contentUrl":"https:\/\/technolent.com.tr\/wp-content\/uploads\/2023\/09\/TECHNOLeNT_LOGO.png","width":200,"height":43,"caption":"Technolent"},"image":{"@id":"https:\/\/technolent.com.tr\/#\/schema\/logo\/image\/"}}]}},"_links":{"self":[{"href":"https:\/\/technolent.com.tr\/ru\/wp-json\/wp\/v2\/pages\/415","targetHints":{"allow":["GET"]}}],"collection":[{"href":"https:\/\/technolent.com.tr\/ru\/wp-json\/wp\/v2\/pages"}],"about":[{"href":"https:\/\/technolent.com.tr\/ru\/wp-json\/wp\/v2\/types\/page"}],"author":[{"embeddable":true,"href":"https:\/\/technolent.com.tr\/ru\/wp-json\/wp\/v2\/users\/2"}],"replies":[{"embeddable":true,"href":"https:\/\/technolent.com.tr\/ru\/wp-json\/wp\/v2\/comments?post=415"}],"version-history":[{"count":0,"href":"https:\/\/technolent.com.tr\/ru\/wp-json\/wp\/v2\/pages\/415\/revisions"}],"wp:featuredmedia":[{"embeddable":true,"href":"https:\/\/technolent.com.tr\/ru\/wp-json\/wp\/v2\/media\/416"}],"wp:attachment":[{"href":"https:\/\/technolent.com.tr\/ru\/wp-json\/wp\/v2\/media?parent=415"}],"curies":[{"name":"wp","href":"https:\/\/api.w.org\/{rel}","templated":true}]}}