{"id":351,"date":"2024-06-09T16:22:40","date_gmt":"2024-06-09T14:22:40","guid":{"rendered":"https:\/\/technolent.com.tr\/?page_id=351"},"modified":"2025-05-15T12:18:32","modified_gmt":"2025-05-15T10:18:32","slug":"automated-fare-collection","status":"publish","type":"page","link":"https:\/\/technolent.com.tr\/ru\/automated-fare-collection\/","title":{"rendered":"Toplu Ula\u015f\u0131m \u00dccret Toplama Sistemleri"},"content":{"rendered":"\n<p>Toplu Ula\u015f\u0131m \u00dccret Toplama Sistemi, bir elektronik bilet arac\u0131l\u0131\u011f\u0131yla yolculara \u00f6n \u00f6deme ile seyahat haklar\u0131 veren, ge\u00e7i\u015f ve sat\u0131\u015f noktalar\u0131nda bu haklar\u0131n i\u015fletilmesini ger\u00e7ekle\u015ftiren g\u00fcvenli, h\u0131zl\u0131 ve do\u011fru i\u015flem yapan bilgi y\u00f6netim sistemidir.<\/p>\n\n\n\n<p><strong>Sistem Bile\u015fenleri<\/strong><\/p>\n\n\n\n<p><strong>Validator:<\/strong> Her ara\u00e7ta bulunan bu cihazlar, RFID kartlar\u0131 okuyarak ge\u00e7i\u015f kontrol\u00fcn\u00fc ve \u00fccret toplanmas\u0131n\u0131 sa\u011flarlar. Cihazlar\u0131n i\u00e7inde geli\u015fmi\u015f devreler bulunur(GPS,GPRS,RFID)Bu sayede sisteme anl\u0131k olarak veri aktar\u0131l\u0131r.<\/p>\n\n\n\n<figure class=\"wp-block-gallery has-nested-images columns-default is-cropped wp-block-gallery-1 is-layout-flex wp-block-gallery-is-layout-flex\">\n<figure class=\"wp-block-image size-large\"><img fetchpriority=\"high\" decoding=\"async\" width=\"1024\" height=\"785\" data-id=\"353\" src=\"https:\/\/technolent.com.tr\/wp-content\/uploads\/2024\/06\/37-1024x785.png\" alt=\"\" class=\"wp-image-353\" srcset=\"https:\/\/technolent.com.tr\/wp-content\/uploads\/2024\/06\/37-1024x785.png 1024w, https:\/\/technolent.com.tr\/wp-content\/uploads\/2024\/06\/37-300x230.png 300w, https:\/\/technolent.com.tr\/wp-content\/uploads\/2024\/06\/37-768x589.png 768w, https:\/\/technolent.com.tr\/wp-content\/uploads\/2024\/06\/37.png 1200w\" sizes=\"(max-width: 1024px) 100vw, 1024px\" \/><\/figure>\n\n\n\n<figure class=\"wp-block-image size-large\"><img decoding=\"async\" width=\"1024\" height=\"785\" data-id=\"354\" data-src=\"https:\/\/technolent.com.tr\/wp-content\/uploads\/2024\/06\/validator-1024x785.png\" alt=\"\" class=\"wp-image-354 lazyload\" data-srcset=\"https:\/\/technolent.com.tr\/wp-content\/uploads\/2024\/06\/validator-1024x785.png 1024w, https:\/\/technolent.com.tr\/wp-content\/uploads\/2024\/06\/validator-300x230.png 300w, https:\/\/technolent.com.tr\/wp-content\/uploads\/2024\/06\/validator-768x589.png 768w, https:\/\/technolent.com.tr\/wp-content\/uploads\/2024\/06\/validator.png 1200w\" data-sizes=\"(max-width: 1024px) 100vw, 1024px\" src=\"data:image\/svg+xml;base64,PHN2ZyB3aWR0aD0iMSIgaGVpZ2h0PSIxIiB4bWxucz0iaHR0cDovL3d3dy53My5vcmcvMjAwMC9zdmciPjwvc3ZnPg==\" style=\"--smush-placeholder-width: 1024px; --smush-placeholder-aspect-ratio: 1024\/785;\" \/><\/figure>\n<\/figure>\n\n\n\n<p><\/p>\n\n\n\n<p><strong>Turnike:<\/strong> \u0130stasyonlarda bulunan turnikeler yolcular\u0131n validat\u00f6rlere kart\u0131 okuttuktan sonra ge\u00e7i\u015flerini sa\u011flarlar.<\/p>\n\n\n\n<figure class=\"wp-block-gallery has-nested-images columns-default is-cropped wp-block-gallery-2 is-layout-flex wp-block-gallery-is-layout-flex\">\n<figure class=\"wp-block-image size-large\"><img decoding=\"async\" width=\"800\" height=\"800\" data-id=\"357\" src=\"https:\/\/technolent.com.tr\/wp-content\/uploads\/2024\/06\/HTB1fvhdpmYH8KJjSspdq6ARgVXaR.avif\" alt=\"\" class=\"wp-image-357\"\/><\/figure>\n\n\n\n<figure class=\"wp-block-image size-large\"><img loading=\"lazy\" decoding=\"async\" width=\"800\" height=\"800\" data-id=\"355\" src=\"https:\/\/technolent.com.tr\/wp-content\/uploads\/2024\/06\/HTB1PmKzePgy_uJjSZKPq6yGlFXaH.avif\" alt=\"\" class=\"wp-image-355\"\/><\/figure>\n\n\n\n<figure class=\"wp-block-image size-large\"><img loading=\"lazy\" decoding=\"async\" width=\"800\" height=\"800\" data-id=\"358\" src=\"https:\/\/technolent.com.tr\/wp-content\/uploads\/2024\/06\/HTB11J40Kv9TBuNjy1zb760pepXah.avif\" alt=\"\" class=\"wp-image-358\"\/><\/figure>\n<\/figure>\n\n\n\n<p><strong>Kart Sat\u0131\u015f ve Y\u00fckleme Terminalleri :<\/strong> \u0130stasyonlarda bulunan yolcular\u0131n yolculu\u011funun \u00f6demesini yapaca\u011f\u0131 kartlar\u0131n sat\u0131\u015f\u0131n\u0131 veya kart ya da hesaplar\u0131n\u0131 bakiye dolumu \/ y\u00fcklemesi yapabilece\u011fi cihazlard\u0131r.<\/p>\n\n\n\n<figure class=\"wp-block-gallery has-nested-images columns-default is-cropped wp-block-gallery-3 is-layout-flex wp-block-gallery-is-layout-flex\"><div class=\"wp-block-image is-style-default\">\n<figure class=\"aligncenter size-large\"><img decoding=\"async\" width=\"1024\" height=\"785\" data-id=\"359\" data-src=\"https:\/\/technolent.com.tr\/wp-content\/uploads\/2024\/06\/29-1024x785.png\" alt=\"\" class=\"wp-image-359 lazyload\" data-srcset=\"https:\/\/technolent.com.tr\/wp-content\/uploads\/2024\/06\/29-1024x785.png 1024w, https:\/\/technolent.com.tr\/wp-content\/uploads\/2024\/06\/29-300x230.png 300w, https:\/\/technolent.com.tr\/wp-content\/uploads\/2024\/06\/29-768x589.png 768w, https:\/\/technolent.com.tr\/wp-content\/uploads\/2024\/06\/29.png 1200w\" data-sizes=\"(max-width: 1024px) 100vw, 1024px\" src=\"data:image\/svg+xml;base64,PHN2ZyB3aWR0aD0iMSIgaGVpZ2h0PSIxIiB4bWxucz0iaHR0cDovL3d3dy53My5vcmcvMjAwMC9zdmciPjwvc3ZnPg==\" style=\"--smush-placeholder-width: 1024px; --smush-placeholder-aspect-ratio: 1024\/785;\" \/><\/figure>\n<\/div><\/figure>\n\n\n\n<p><strong>Pos Cihazlar\u0131: <\/strong>Yolcular\u0131n kartlar\u0131na i\u015flem yap\u0131lmas\u0131(vize, dolum, kriter de\u011fi\u015fikli\u011fi vb.) i\u00e7in kullan\u0131lan cihazlard\u0131r. \u0130\u015flemler sonunda yolculara bilgi fi\u015fi basarlar.<\/p>\n\n\n\n<p><strong>\u00c7al\u0131\u015fmas\u0131:<\/strong> Yolcular kartlar\u0131n\u0131 validat\u00f6rlere okuturlar. E\u011fer kart ge\u00e7erli bir kart ise ,validat\u00f6r \u00fccretini kontrol edip okutulan kart\u0131n tipine ve tarifesine g\u00f6re ge\u00e7i\u015fi sa\u011flar .Kart\u0131n bakiyesinin bitti\u011fi durumlarda veya vizesinin bitmesi durumunda gi\u015felere veya ki\u015fiselle\u015ftirme ofislerine giderek i\u015flemlerini yaparlar ve kartlar\u0131n\u0131 ge\u00e7i\u015flerde kullanabilirler.<\/p>\n\n\n\n<p>Kendisine ula\u015f\u0131mda kart \u00e7\u0131kartmak isteyen vatanda\u015flar ki\u015fiselle\u015ftirme ofislerine giderek gerekli kriterleri sa\u011flad\u0131\u011f\u0131n\u0131 ispatlad\u0131ktan sonra sistemde ge\u00e7i\u015f yapabilece\u011fi kartlar\u0131n\u0131 temin edebilirler.<\/p>\n","protected":false},"excerpt":{"rendered":"<p>Toplu Ula\u015f\u0131m \u00dccret Toplama Sistemi, bir elektronik bilet arac\u0131l\u0131\u011f\u0131yla yolculara \u00f6n \u00f6deme ile seyahat haklar\u0131 veren, ge\u00e7i\u015f ve sat\u0131\u015f noktalar\u0131nda bu haklar\u0131n i\u015fletilmesini ger\u00e7ekle\u015ftiren g\u00fcvenli, h\u0131zl\u0131 ve do\u011fru i\u015flem yapan bilgi y\u00f6netim sistemidir. Sistem Bile\u015fenleri Validator: Her ara\u00e7ta bulunan bu cihazlar, RFID kartlar\u0131 okuyarak ge\u00e7i\u015f kontrol\u00fcn\u00fc ve \u00fccret toplanmas\u0131n\u0131 sa\u011flarlar. Cihazlar\u0131n i\u00e7inde geli\u015fmi\u015f devreler bulunur(GPS,GPRS,RFID)Bu [&hellip;]<\/p>\n","protected":false},"author":2,"featured_media":354,"parent":0,"menu_order":0,"comment_status":"closed","ping_status":"closed","template":"","meta":{"footnotes":""},"class_list":["post-351","page","type-page","status-publish","has-post-thumbnail","hentry"],"translation":{"provider":"WPGlobus","version":"3.0.2","language":"ru","enabled_languages":["tr","en","ru"],"languages":{"tr":{"title":true,"content":true,"excerpt":false},"en":{"title":true,"content":true,"excerpt":false},"ru":{"title":false,"content":false,"excerpt":false}}},"yoast_head":"<!-- This site is optimized with the Yoast SEO plugin v27.6 - https:\/\/yoast.com\/product\/yoast-seo-wordpress\/ -->\n<title>- Technolent<\/title>\n<meta name=\"robots\" content=\"index, follow, max-snippet:-1, max-image-preview:large, max-video-preview:-1\" \/>\n<link rel=\"canonical\" href=\"https:\/\/technolent.com.tr\/automated-fare-collection\/\" \/>\n<meta property=\"og:locale\" content=\"ru_RU\" \/>\n<meta property=\"og:type\" content=\"article\" \/>\n<meta property=\"og:title\" content=\"- Technolent\" \/>\n<meta property=\"og:url\" content=\"https:\/\/technolent.com.tr\/automated-fare-collection\/\" \/>\n<meta property=\"og:site_name\" content=\"Technolent\" \/>\n<meta property=\"article:modified_time\" content=\"2025-05-15T10:18:32+00:00\" \/>\n<meta property=\"og:image\" content=\"https:\/\/technolent.com.tr\/wp-content\/uploads\/2024\/06\/validator.png\" \/>\n\t<meta property=\"og:image:width\" content=\"1200\" \/>\n\t<meta property=\"og:image:height\" content=\"920\" \/>\n\t<meta property=\"og:image:type\" content=\"image\/png\" \/>\n<meta name=\"twitter:card\" content=\"summary_large_image\" \/>\n<meta name=\"twitter:label1\" content=\"\u041f\u0440\u0438\u043c\u0435\u0440\u043d\u043e\u0435 \u0432\u0440\u0435\u043c\u044f \u0434\u043b\u044f \u0447\u0442\u0435\u043d\u0438\u044f\" \/>\n\t<meta name=\"twitter:data1\" content=\"6 \u043c\u0438\u043d\u0443\u0442\" \/>\n<script type=\"application\/ld+json\" class=\"yoast-schema-graph\">{\"@context\":\"https:\\\/\\\/schema.org\",\"@graph\":[{\"@type\":\"WebPage\",\"@id\":\"https:\\\/\\\/technolent.com.tr\\\/automated-fare-collection\\\/\",\"url\":\"https:\\\/\\\/technolent.com.tr\\\/automated-fare-collection\\\/\",\"name\":\"- Technolent\",\"isPartOf\":{\"@id\":\"https:\\\/\\\/technolent.com.tr\\\/#website\"},\"primaryImageOfPage\":{\"@id\":\"https:\\\/\\\/technolent.com.tr\\\/automated-fare-collection\\\/#primaryimage\"},\"image\":{\"@id\":\"https:\\\/\\\/technolent.com.tr\\\/automated-fare-collection\\\/#primaryimage\"},\"thumbnailUrl\":\"https:\\\/\\\/technolent.com.tr\\\/wp-content\\\/uploads\\\/2024\\\/06\\\/validator.png\",\"datePublished\":\"2024-06-09T14:22:40+00:00\",\"dateModified\":\"2025-05-15T10:18:32+00:00\",\"description\":\"Toplu ula\u015f\u0131m \u00fccret toplama sistemleri; kartl\u0131 ge\u00e7i\u015f, h\u0131zl\u0131 i\u015flem, bakiye y\u00f6netimi ve ki\u015fiselle\u015ftirme imkan\u0131 sunan modern elektronik biletleme \u00e7\u00f6z\u00fcmleridir.\",\"breadcrumb\":{\"@id\":\"https:\\\/\\\/technolent.com.tr\\\/automated-fare-collection\\\/#breadcrumb\"},\"inLanguage\":\"ru-RU\",\"potentialAction\":[{\"@type\":\"ReadAction\",\"target\":[\"https:\\\/\\\/technolent.com.tr\\\/automated-fare-collection\\\/\"]}]},{\"@type\":\"ImageObject\",\"inLanguage\":\"ru-RU\",\"@id\":\"https:\\\/\\\/technolent.com.tr\\\/automated-fare-collection\\\/#primaryimage\",\"url\":\"https:\\\/\\\/technolent.com.tr\\\/wp-content\\\/uploads\\\/2024\\\/06\\\/validator.png\",\"contentUrl\":\"https:\\\/\\\/technolent.com.tr\\\/wp-content\\\/uploads\\\/2024\\\/06\\\/validator.png\",\"width\":1200,\"height\":920},{\"@type\":\"BreadcrumbList\",\"@id\":\"https:\\\/\\\/technolent.com.tr\\\/automated-fare-collection\\\/#breadcrumb\",\"itemListElement\":[{\"@type\":\"ListItem\",\"position\":1,\"name\":\"Anasayfa\",\"item\":\"https:\\\/\\\/technolent.com.tr\\\/\"},{\"@type\":\"ListItem\",\"position\":2,\"name\":\"Toplu Ula\u015f\u0131m \u00dccret Toplama Sistemleri\"}]},{\"@type\":\"WebSite\",\"@id\":\"https:\\\/\\\/technolent.com.tr\\\/#website\",\"url\":\"https:\\\/\\\/technolent.com.tr\\\/\",\"name\":\"Technolent\",\"description\":\"Excellent Technology\",\"publisher\":{\"@id\":\"https:\\\/\\\/technolent.com.tr\\\/#organization\"},\"potentialAction\":[{\"@type\":\"SearchAction\",\"target\":{\"@type\":\"EntryPoint\",\"urlTemplate\":\"https:\\\/\\\/technolent.com.tr\\\/?s={search_term_string}\"},\"query-input\":{\"@type\":\"PropertyValueSpecification\",\"valueRequired\":true,\"valueName\":\"search_term_string\"}}],\"inLanguage\":\"ru-RU\"},{\"@type\":\"Organization\",\"@id\":\"https:\\\/\\\/technolent.com.tr\\\/#organization\",\"name\":\"Technolent\",\"url\":\"https:\\\/\\\/technolent.com.tr\\\/\",\"logo\":{\"@type\":\"ImageObject\",\"inLanguage\":\"ru-RU\",\"@id\":\"https:\\\/\\\/technolent.com.tr\\\/#\\\/schema\\\/logo\\\/image\\\/\",\"url\":\"https:\\\/\\\/technolent.com.tr\\\/wp-content\\\/uploads\\\/2023\\\/09\\\/TECHNOLeNT_LOGO.png\",\"contentUrl\":\"https:\\\/\\\/technolent.com.tr\\\/wp-content\\\/uploads\\\/2023\\\/09\\\/TECHNOLeNT_LOGO.png\",\"width\":200,\"height\":43,\"caption\":\"Technolent\"},\"image\":{\"@id\":\"https:\\\/\\\/technolent.com.tr\\\/#\\\/schema\\\/logo\\\/image\\\/\"}}]}<\/script>\n<!-- \/ Yoast SEO plugin. -->","yoast_head_json":{"title":"- Technolent","robots":{"index":"index","follow":"follow","max-snippet":"max-snippet:-1","max-image-preview":"max-image-preview:large","max-video-preview":"max-video-preview:-1"},"canonical":"https:\/\/technolent.com.tr\/automated-fare-collection\/","og_locale":"ru_RU","og_type":"article","og_title":"- Technolent","og_url":"https:\/\/technolent.com.tr\/automated-fare-collection\/","og_site_name":"Technolent","article_modified_time":"2025-05-15T10:18:32+00:00","og_image":[{"width":1200,"height":920,"url":"https:\/\/technolent.com.tr\/wp-content\/uploads\/2024\/06\/validator.png","type":"image\/png"}],"twitter_card":"summary_large_image","twitter_misc":{"\u041f\u0440\u0438\u043c\u0435\u0440\u043d\u043e\u0435 \u0432\u0440\u0435\u043c\u044f \u0434\u043b\u044f \u0447\u0442\u0435\u043d\u0438\u044f":"6 \u043c\u0438\u043d\u0443\u0442"},"schema":{"@context":"https:\/\/schema.org","@graph":[{"@type":"WebPage","@id":"https:\/\/technolent.com.tr\/automated-fare-collection\/","url":"https:\/\/technolent.com.tr\/automated-fare-collection\/","name":"- Technolent","isPartOf":{"@id":"https:\/\/technolent.com.tr\/#website"},"primaryImageOfPage":{"@id":"https:\/\/technolent.com.tr\/automated-fare-collection\/#primaryimage"},"image":{"@id":"https:\/\/technolent.com.tr\/automated-fare-collection\/#primaryimage"},"thumbnailUrl":"https:\/\/technolent.com.tr\/wp-content\/uploads\/2024\/06\/validator.png","datePublished":"2024-06-09T14:22:40+00:00","dateModified":"2025-05-15T10:18:32+00:00","description":"Toplu ula\u015f\u0131m \u00fccret toplama sistemleri; kartl\u0131 ge\u00e7i\u015f, h\u0131zl\u0131 i\u015flem, bakiye y\u00f6netimi ve ki\u015fiselle\u015ftirme imkan\u0131 sunan modern elektronik biletleme \u00e7\u00f6z\u00fcmleridir.","breadcrumb":{"@id":"https:\/\/technolent.com.tr\/automated-fare-collection\/#breadcrumb"},"inLanguage":"ru-RU","potentialAction":[{"@type":"ReadAction","target":["https:\/\/technolent.com.tr\/automated-fare-collection\/"]}]},{"@type":"ImageObject","inLanguage":"ru-RU","@id":"https:\/\/technolent.com.tr\/automated-fare-collection\/#primaryimage","url":"https:\/\/technolent.com.tr\/wp-content\/uploads\/2024\/06\/validator.png","contentUrl":"https:\/\/technolent.com.tr\/wp-content\/uploads\/2024\/06\/validator.png","width":1200,"height":920},{"@type":"BreadcrumbList","@id":"https:\/\/technolent.com.tr\/automated-fare-collection\/#breadcrumb","itemListElement":[{"@type":"ListItem","position":1,"name":"Anasayfa","item":"https:\/\/technolent.com.tr\/"},{"@type":"ListItem","position":2,"name":"Toplu Ula\u015f\u0131m \u00dccret Toplama Sistemleri"}]},{"@type":"WebSite","@id":"https:\/\/technolent.com.tr\/#website","url":"https:\/\/technolent.com.tr\/","name":"Technolent","description":"Excellent Technology","publisher":{"@id":"https:\/\/technolent.com.tr\/#organization"},"potentialAction":[{"@type":"SearchAction","target":{"@type":"EntryPoint","urlTemplate":"https:\/\/technolent.com.tr\/?s={search_term_string}"},"query-input":{"@type":"PropertyValueSpecification","valueRequired":true,"valueName":"search_term_string"}}],"inLanguage":"ru-RU"},{"@type":"Organization","@id":"https:\/\/technolent.com.tr\/#organization","name":"Technolent","url":"https:\/\/technolent.com.tr\/","logo":{"@type":"ImageObject","inLanguage":"ru-RU","@id":"https:\/\/technolent.com.tr\/#\/schema\/logo\/image\/","url":"https:\/\/technolent.com.tr\/wp-content\/uploads\/2023\/09\/TECHNOLeNT_LOGO.png","contentUrl":"https:\/\/technolent.com.tr\/wp-content\/uploads\/2023\/09\/TECHNOLeNT_LOGO.png","width":200,"height":43,"caption":"Technolent"},"image":{"@id":"https:\/\/technolent.com.tr\/#\/schema\/logo\/image\/"}}]}},"_links":{"self":[{"href":"https:\/\/technolent.com.tr\/ru\/wp-json\/wp\/v2\/pages\/351","targetHints":{"allow":["GET"]}}],"collection":[{"href":"https:\/\/technolent.com.tr\/ru\/wp-json\/wp\/v2\/pages"}],"about":[{"href":"https:\/\/technolent.com.tr\/ru\/wp-json\/wp\/v2\/types\/page"}],"author":[{"embeddable":true,"href":"https:\/\/technolent.com.tr\/ru\/wp-json\/wp\/v2\/users\/2"}],"replies":[{"embeddable":true,"href":"https:\/\/technolent.com.tr\/ru\/wp-json\/wp\/v2\/comments?post=351"}],"version-history":[{"count":0,"href":"https:\/\/technolent.com.tr\/ru\/wp-json\/wp\/v2\/pages\/351\/revisions"}],"wp:featuredmedia":[{"embeddable":true,"href":"https:\/\/technolent.com.tr\/ru\/wp-json\/wp\/v2\/media\/354"}],"wp:attachment":[{"href":"https:\/\/technolent.com.tr\/ru\/wp-json\/wp\/v2\/media?parent=351"}],"curies":[{"name":"wp","href":"https:\/\/api.w.org\/{rel}","templated":true}]}}