{"id":305,"date":"2024-06-09T12:16:56","date_gmt":"2024-06-09T10:16:56","guid":{"rendered":"https:\/\/technolent.com.tr\/?page_id=305"},"modified":"2025-05-15T11:39:15","modified_gmt":"2025-05-15T09:39:15","slug":"hiz-uyari-sistemi","status":"publish","type":"page","link":"https:\/\/technolent.com.tr\/ru\/hiz-uyari-sistemi\/","title":{"rendered":"H\u0131z Uyar\u0131 Sistemleri"},"content":{"rendered":"\n<div class=\"wp-block-columns is-layout-flex wp-container-core-columns-is-layout-9d6595d7 wp-block-columns-is-layout-flex\">\n<div class=\"wp-block-column is-layout-flow wp-block-column-is-layout-flow\" style=\"flex-basis:100%\"><\/div>\n<\/div>\n\n\n\n<h2 class=\"wp-block-heading\">Radarl\u0131 H\u0131z Uyar\u0131 Sistemleri<\/h2>\n\n\n\n<p class=\"has-text-align-left\">Elektrikli veya G\u00fcne\u015f Enerjili Radar Sistemleri, \u015fehir i\u00e7i veya \u015fehirler aras\u0131 yollarda belirlenen h\u0131z limitinin \u00fczerinde seyreden ara\u00e7lar\u0131n tespit edilmesini ve\/veya uyar\u0131lmas\u0131n\u0131 sa\u011flamaktad\u0131r. Radar sistemleri plaka tan\u0131mal\u0131 h\u0131z ihlal sistemleri veya sadece h\u0131z tespit ve uyar\u0131 sistemleri olmak \u00fczere farkl\u0131l\u0131k g\u00f6stermektedir. Plaka tan\u0131mal\u0131 sistemlerde ceza\/uyar\u0131 ama\u00e7l\u0131 plaka kayd\u0131n\u0131n al\u0131nmas\u0131 ama\u00e7lanmaktad\u0131r.<\/p>\n\n\n\n<h2 class=\"wp-block-heading\">Plaka Tan\u0131mal\u0131 &#8212; Radarl\u0131 H\u0131z Uyar\u0131 Sistemleri<\/h2>\n\n\n\n<p>Yeni nesil radar sistemleri olarak adland\u0131r\u0131lan plaka tan\u0131ma ve h\u0131z bilgilendirme sistemleridir. Sisteme tan\u0131mlanan h\u0131z\u0131n a\u015f\u0131lmas\u0131 ile beraber kamera otomatik olarak plaka bilgisini tespit eder ve uyar\u0131 ekran\u0131na h\u0131z ihaleli yapan arac\u0131n plakas\u0131 ve tespit edilen otomatik olarak yans\u0131t\u0131l\u0131r. <\/p>\n\n\n\n<h4 class=\"wp-block-heading\">Radar Sistemleri Nerede Kullan\u0131l\u0131r?<\/h4>\n\n\n\n<ul class=\"wp-block-list\">\n<li>\u015eehir i\u00e7i Yollar<\/li>\n\n\n\n<li>\u015eehirleraras\u0131 Yollar<\/li>\n\n\n\n<li>\u00dcretim Tesisleri<\/li>\n\n\n\n<li>Madenler<\/li>\n\n\n\n<li>E\u011fitim Kamp\u00fcsleri<\/li>\n\n\n\n<li>Yol \u0130n\u015faat \u00c7al\u0131\u015fmalar\u0131<\/li>\n\n\n\n<li>\u015eantiyeler<\/li>\n\n\n\n<li>Askeri Kamp\u00fcsler<\/li>\n\n\n\n<li>Havalimanlar\u0131<\/li>\n\n\n\n<li>Okul \u00f6n\u00fc ge\u00e7itleri<\/li>\n\n\n\n<li>vb<\/li>\n<\/ul>\n\n\n<div class=\"wp-block-image\">\n<figure class=\"aligncenter size-full is-resized\"><img fetchpriority=\"high\" decoding=\"async\" width=\"356\" height=\"438\" src=\"https:\/\/technolent.com.tr\/wp-content\/uploads\/2024\/05\/Ekran-Alintisi.jpg\" alt=\"\" class=\"wp-image-306\" style=\"width:212px;height:auto\" srcset=\"https:\/\/technolent.com.tr\/wp-content\/uploads\/2024\/05\/Ekran-Alintisi.jpg 356w, https:\/\/technolent.com.tr\/wp-content\/uploads\/2024\/05\/Ekran-Alintisi-244x300.jpg 244w\" sizes=\"(max-width: 356px) 100vw, 356px\" \/><\/figure>\n<\/div>","protected":false},"excerpt":{"rendered":"<p>Radarl\u0131 H\u0131z Uyar\u0131 Sistemleri Elektrikli veya G\u00fcne\u015f Enerjili Radar Sistemleri, \u015fehir i\u00e7i veya \u015fehirler aras\u0131 yollarda belirlenen h\u0131z limitinin \u00fczerinde seyreden ara\u00e7lar\u0131n tespit edilmesini ve\/veya uyar\u0131lmas\u0131n\u0131 sa\u011flamaktad\u0131r. Radar sistemleri plaka tan\u0131mal\u0131 h\u0131z ihlal sistemleri veya sadece h\u0131z tespit ve uyar\u0131 sistemleri olmak \u00fczere farkl\u0131l\u0131k g\u00f6stermektedir. Plaka tan\u0131mal\u0131 sistemlerde ceza\/uyar\u0131 ama\u00e7l\u0131 plaka kayd\u0131n\u0131n al\u0131nmas\u0131 ama\u00e7lanmaktad\u0131r. Plaka [&hellip;]<\/p>\n","protected":false},"author":2,"featured_media":306,"parent":0,"menu_order":0,"comment_status":"closed","ping_status":"closed","template":"","meta":{"footnotes":""},"class_list":["post-305","page","type-page","status-publish","has-post-thumbnail","hentry"],"translation":{"provider":"WPGlobus","version":"3.0.2","language":"ru","enabled_languages":["tr","en","ru"],"languages":{"tr":{"title":true,"content":true,"excerpt":false},"en":{"title":true,"content":true,"excerpt":false},"ru":{"title":false,"content":false,"excerpt":false}}},"yoast_head":"<!-- This site is optimized with the Yoast SEO plugin v27.6 - https:\/\/yoast.com\/product\/yoast-seo-wordpress\/ -->\n<title>- Technolent<\/title>\n<meta name=\"robots\" content=\"index, follow, max-snippet:-1, max-image-preview:large, max-video-preview:-1\" \/>\n<link rel=\"canonical\" href=\"https:\/\/technolent.com.tr\/hiz-uyari-sistemi\/\" \/>\n<meta property=\"og:locale\" content=\"ru_RU\" \/>\n<meta property=\"og:type\" content=\"article\" \/>\n<meta property=\"og:title\" content=\"- Technolent\" \/>\n<meta property=\"og:url\" content=\"https:\/\/technolent.com.tr\/hiz-uyari-sistemi\/\" \/>\n<meta property=\"og:site_name\" content=\"Technolent\" \/>\n<meta property=\"article:modified_time\" content=\"2025-05-15T09:39:15+00:00\" \/>\n<meta property=\"og:image\" content=\"https:\/\/technolent.com.tr\/wp-content\/uploads\/2024\/05\/Ekran-Alintisi.jpg\" \/>\n\t<meta property=\"og:image:width\" content=\"356\" \/>\n\t<meta property=\"og:image:height\" content=\"438\" \/>\n\t<meta property=\"og:image:type\" content=\"image\/jpeg\" \/>\n<meta name=\"twitter:card\" content=\"summary_large_image\" \/>\n<meta name=\"twitter:label1\" content=\"\u041f\u0440\u0438\u043c\u0435\u0440\u043d\u043e\u0435 \u0432\u0440\u0435\u043c\u044f \u0434\u043b\u044f \u0447\u0442\u0435\u043d\u0438\u044f\" \/>\n\t<meta name=\"twitter:data1\" content=\"2 \u043c\u0438\u043d\u0443\u0442\u044b\" \/>\n<script type=\"application\/ld+json\" class=\"yoast-schema-graph\">{\"@context\":\"https:\\\/\\\/schema.org\",\"@graph\":[{\"@type\":\"WebPage\",\"@id\":\"https:\\\/\\\/technolent.com.tr\\\/hiz-uyari-sistemi\\\/\",\"url\":\"https:\\\/\\\/technolent.com.tr\\\/hiz-uyari-sistemi\\\/\",\"name\":\"- Technolent\",\"isPartOf\":{\"@id\":\"https:\\\/\\\/technolent.com.tr\\\/#website\"},\"primaryImageOfPage\":{\"@id\":\"https:\\\/\\\/technolent.com.tr\\\/hiz-uyari-sistemi\\\/#primaryimage\"},\"image\":{\"@id\":\"https:\\\/\\\/technolent.com.tr\\\/hiz-uyari-sistemi\\\/#primaryimage\"},\"thumbnailUrl\":\"https:\\\/\\\/technolent.com.tr\\\/wp-content\\\/uploads\\\/2024\\\/05\\\/Ekran-Alintisi.jpg\",\"datePublished\":\"2024-06-09T10:16:56+00:00\",\"dateModified\":\"2025-05-15T09:39:15+00:00\",\"description\":\"Radarl\u0131 h\u0131z uyar\u0131 sistemleri, h\u0131z limiti a\u015f\u0131m\u0131n\u0131 tespit eder ve uyar\u0131r. Plaka tan\u0131mal\u0131 \u00e7\u00f6z\u00fcmlerle \u015fehir i\u00e7i ve \u015fehirleraras\u0131 yollarda g\u00fcvenlik sa\u011flar.\",\"breadcrumb\":{\"@id\":\"https:\\\/\\\/technolent.com.tr\\\/hiz-uyari-sistemi\\\/#breadcrumb\"},\"inLanguage\":\"ru-RU\",\"potentialAction\":[{\"@type\":\"ReadAction\",\"target\":[\"https:\\\/\\\/technolent.com.tr\\\/hiz-uyari-sistemi\\\/\"]}]},{\"@type\":\"ImageObject\",\"inLanguage\":\"ru-RU\",\"@id\":\"https:\\\/\\\/technolent.com.tr\\\/hiz-uyari-sistemi\\\/#primaryimage\",\"url\":\"https:\\\/\\\/technolent.com.tr\\\/wp-content\\\/uploads\\\/2024\\\/05\\\/Ekran-Alintisi.jpg\",\"contentUrl\":\"https:\\\/\\\/technolent.com.tr\\\/wp-content\\\/uploads\\\/2024\\\/05\\\/Ekran-Alintisi.jpg\",\"width\":356,\"height\":438},{\"@type\":\"BreadcrumbList\",\"@id\":\"https:\\\/\\\/technolent.com.tr\\\/hiz-uyari-sistemi\\\/#breadcrumb\",\"itemListElement\":[{\"@type\":\"ListItem\",\"position\":1,\"name\":\"Anasayfa\",\"item\":\"https:\\\/\\\/technolent.com.tr\\\/\"},{\"@type\":\"ListItem\",\"position\":2,\"name\":\"H\u0131z Uyar\u0131 Sistemleri\"}]},{\"@type\":\"WebSite\",\"@id\":\"https:\\\/\\\/technolent.com.tr\\\/#website\",\"url\":\"https:\\\/\\\/technolent.com.tr\\\/\",\"name\":\"Technolent\",\"description\":\"Excellent Technology\",\"publisher\":{\"@id\":\"https:\\\/\\\/technolent.com.tr\\\/#organization\"},\"potentialAction\":[{\"@type\":\"SearchAction\",\"target\":{\"@type\":\"EntryPoint\",\"urlTemplate\":\"https:\\\/\\\/technolent.com.tr\\\/?s={search_term_string}\"},\"query-input\":{\"@type\":\"PropertyValueSpecification\",\"valueRequired\":true,\"valueName\":\"search_term_string\"}}],\"inLanguage\":\"ru-RU\"},{\"@type\":\"Organization\",\"@id\":\"https:\\\/\\\/technolent.com.tr\\\/#organization\",\"name\":\"Technolent\",\"url\":\"https:\\\/\\\/technolent.com.tr\\\/\",\"logo\":{\"@type\":\"ImageObject\",\"inLanguage\":\"ru-RU\",\"@id\":\"https:\\\/\\\/technolent.com.tr\\\/#\\\/schema\\\/logo\\\/image\\\/\",\"url\":\"https:\\\/\\\/technolent.com.tr\\\/wp-content\\\/uploads\\\/2023\\\/09\\\/TECHNOLeNT_LOGO.png\",\"contentUrl\":\"https:\\\/\\\/technolent.com.tr\\\/wp-content\\\/uploads\\\/2023\\\/09\\\/TECHNOLeNT_LOGO.png\",\"width\":200,\"height\":43,\"caption\":\"Technolent\"},\"image\":{\"@id\":\"https:\\\/\\\/technolent.com.tr\\\/#\\\/schema\\\/logo\\\/image\\\/\"}}]}<\/script>\n<!-- \/ Yoast SEO plugin. -->","yoast_head_json":{"title":"- Technolent","robots":{"index":"index","follow":"follow","max-snippet":"max-snippet:-1","max-image-preview":"max-image-preview:large","max-video-preview":"max-video-preview:-1"},"canonical":"https:\/\/technolent.com.tr\/hiz-uyari-sistemi\/","og_locale":"ru_RU","og_type":"article","og_title":"- Technolent","og_url":"https:\/\/technolent.com.tr\/hiz-uyari-sistemi\/","og_site_name":"Technolent","article_modified_time":"2025-05-15T09:39:15+00:00","og_image":[{"width":356,"height":438,"url":"https:\/\/technolent.com.tr\/wp-content\/uploads\/2024\/05\/Ekran-Alintisi.jpg","type":"image\/jpeg"}],"twitter_card":"summary_large_image","twitter_misc":{"\u041f\u0440\u0438\u043c\u0435\u0440\u043d\u043e\u0435 \u0432\u0440\u0435\u043c\u044f \u0434\u043b\u044f \u0447\u0442\u0435\u043d\u0438\u044f":"2 \u043c\u0438\u043d\u0443\u0442\u044b"},"schema":{"@context":"https:\/\/schema.org","@graph":[{"@type":"WebPage","@id":"https:\/\/technolent.com.tr\/hiz-uyari-sistemi\/","url":"https:\/\/technolent.com.tr\/hiz-uyari-sistemi\/","name":"- Technolent","isPartOf":{"@id":"https:\/\/technolent.com.tr\/#website"},"primaryImageOfPage":{"@id":"https:\/\/technolent.com.tr\/hiz-uyari-sistemi\/#primaryimage"},"image":{"@id":"https:\/\/technolent.com.tr\/hiz-uyari-sistemi\/#primaryimage"},"thumbnailUrl":"https:\/\/technolent.com.tr\/wp-content\/uploads\/2024\/05\/Ekran-Alintisi.jpg","datePublished":"2024-06-09T10:16:56+00:00","dateModified":"2025-05-15T09:39:15+00:00","description":"Radarl\u0131 h\u0131z uyar\u0131 sistemleri, h\u0131z limiti a\u015f\u0131m\u0131n\u0131 tespit eder ve uyar\u0131r. Plaka tan\u0131mal\u0131 \u00e7\u00f6z\u00fcmlerle \u015fehir i\u00e7i ve \u015fehirleraras\u0131 yollarda g\u00fcvenlik sa\u011flar.","breadcrumb":{"@id":"https:\/\/technolent.com.tr\/hiz-uyari-sistemi\/#breadcrumb"},"inLanguage":"ru-RU","potentialAction":[{"@type":"ReadAction","target":["https:\/\/technolent.com.tr\/hiz-uyari-sistemi\/"]}]},{"@type":"ImageObject","inLanguage":"ru-RU","@id":"https:\/\/technolent.com.tr\/hiz-uyari-sistemi\/#primaryimage","url":"https:\/\/technolent.com.tr\/wp-content\/uploads\/2024\/05\/Ekran-Alintisi.jpg","contentUrl":"https:\/\/technolent.com.tr\/wp-content\/uploads\/2024\/05\/Ekran-Alintisi.jpg","width":356,"height":438},{"@type":"BreadcrumbList","@id":"https:\/\/technolent.com.tr\/hiz-uyari-sistemi\/#breadcrumb","itemListElement":[{"@type":"ListItem","position":1,"name":"Anasayfa","item":"https:\/\/technolent.com.tr\/"},{"@type":"ListItem","position":2,"name":"H\u0131z Uyar\u0131 Sistemleri"}]},{"@type":"WebSite","@id":"https:\/\/technolent.com.tr\/#website","url":"https:\/\/technolent.com.tr\/","name":"Technolent","description":"Excellent Technology","publisher":{"@id":"https:\/\/technolent.com.tr\/#organization"},"potentialAction":[{"@type":"SearchAction","target":{"@type":"EntryPoint","urlTemplate":"https:\/\/technolent.com.tr\/?s={search_term_string}"},"query-input":{"@type":"PropertyValueSpecification","valueRequired":true,"valueName":"search_term_string"}}],"inLanguage":"ru-RU"},{"@type":"Organization","@id":"https:\/\/technolent.com.tr\/#organization","name":"Technolent","url":"https:\/\/technolent.com.tr\/","logo":{"@type":"ImageObject","inLanguage":"ru-RU","@id":"https:\/\/technolent.com.tr\/#\/schema\/logo\/image\/","url":"https:\/\/technolent.com.tr\/wp-content\/uploads\/2023\/09\/TECHNOLeNT_LOGO.png","contentUrl":"https:\/\/technolent.com.tr\/wp-content\/uploads\/2023\/09\/TECHNOLeNT_LOGO.png","width":200,"height":43,"caption":"Technolent"},"image":{"@id":"https:\/\/technolent.com.tr\/#\/schema\/logo\/image\/"}}]}},"_links":{"self":[{"href":"https:\/\/technolent.com.tr\/ru\/wp-json\/wp\/v2\/pages\/305","targetHints":{"allow":["GET"]}}],"collection":[{"href":"https:\/\/technolent.com.tr\/ru\/wp-json\/wp\/v2\/pages"}],"about":[{"href":"https:\/\/technolent.com.tr\/ru\/wp-json\/wp\/v2\/types\/page"}],"author":[{"embeddable":true,"href":"https:\/\/technolent.com.tr\/ru\/wp-json\/wp\/v2\/users\/2"}],"replies":[{"embeddable":true,"href":"https:\/\/technolent.com.tr\/ru\/wp-json\/wp\/v2\/comments?post=305"}],"version-history":[{"count":0,"href":"https:\/\/technolent.com.tr\/ru\/wp-json\/wp\/v2\/pages\/305\/revisions"}],"wp:featuredmedia":[{"embeddable":true,"href":"https:\/\/technolent.com.tr\/ru\/wp-json\/wp\/v2\/media\/306"}],"wp:attachment":[{"href":"https:\/\/technolent.com.tr\/ru\/wp-json\/wp\/v2\/media?parent=305"}],"curies":[{"name":"wp","href":"https:\/\/api.w.org\/{rel}","templated":true}]}}