{"id":124,"date":"2023-09-09T19:53:50","date_gmt":"2023-09-09T17:53:50","guid":{"rendered":"https:\/\/technolent.com.tr\/?page_id=124"},"modified":"2025-05-14T10:25:56","modified_gmt":"2025-05-14T08:25:56","slug":"danismanlik-hizmetleri","status":"publish","type":"page","link":"https:\/\/technolent.com.tr\/ru\/danismanlik-hizmetleri\/","title":{"rendered":"Uluslararas\u0131 Ticaret Dan\u0131\u015fmanl\u0131k Hizmetleri"},"content":{"rendered":"\n<p>Technolent Teknoloji olarak, firmalar\u0131n k\u00fcresel pazarlarda s\u00fcrd\u00fcr\u00fclebilir ba\u015far\u0131 elde etmeleri i\u00e7in stratejik, operasyonel ve mevzuata dayal\u0131 kapsaml\u0131 dan\u0131\u015fmanl\u0131k hizmetleri sunuyoruz. Uluslararas\u0131 ticarette kar\u015f\u0131la\u015f\u0131lan karma\u015f\u0131k s\u00fcre\u00e7leri sadele\u015ftiriyor, m\u00fc\u015fterilerimizin do\u011fru ad\u0131mlarla ilerlemesini sa\u011fl\u0131yoruz.<\/p>\n\n\n\n<figure class=\"wp-block-image size-full\"><img fetchpriority=\"high\" decoding=\"async\" width=\"626\" height=\"626\" src=\"https:\/\/technolent.com.tr\/wp-content\/uploads\/2023\/09\/cropped-transport-logistic-manager-engineer-checking-generative-ai-illustration_145713-1316.jpg\" alt=\"\" class=\"wp-image-73\" srcset=\"https:\/\/technolent.com.tr\/wp-content\/uploads\/2023\/09\/cropped-transport-logistic-manager-engineer-checking-generative-ai-illustration_145713-1316.jpg 626w, https:\/\/technolent.com.tr\/wp-content\/uploads\/2023\/09\/cropped-transport-logistic-manager-engineer-checking-generative-ai-illustration_145713-1316-300x300.jpg 300w, https:\/\/technolent.com.tr\/wp-content\/uploads\/2023\/09\/cropped-transport-logistic-manager-engineer-checking-generative-ai-illustration_145713-1316-150x150.jpg 150w\" sizes=\"(max-width: 626px) 100vw, 626px\" \/><\/figure>\n\n\n\n<h3 class=\"wp-block-heading\">\ud83c\udf0d <strong>\u0130hracat Dan\u0131\u015fmanl\u0131\u011f\u0131 Hizmetlerimiz<\/strong><\/h3>\n\n\n\n<ul class=\"wp-block-list\">\n<li>\u0130hracat s\u00fcre\u00e7lerinin u\u00e7tan uca y\u00f6netimi<\/li>\n\n\n\n<li>Hedef pazar analizi ve pazar ara\u015ft\u0131rmas\u0131<\/li>\n\n\n\n<li>Yurtd\u0131\u015f\u0131 ihalelere kat\u0131l\u0131m ve s\u00fcre\u00e7 y\u00f6netimi<\/li>\n\n\n\n<li>Devlet destekleri ve te\u015fvik dan\u0131\u015fmanl\u0131\u011f\u0131<\/li>\n\n\n\n<li>Akreditif ve \u00f6deme sistemleri organizasyonu<\/li>\n\n\n\n<li>\u00dcr\u00fcn ara\u015ft\u0131rmas\u0131 ve konumland\u0131rma<\/li>\n\n\n\n<li>Dahilde i\u015fleme izin belgeleri ba\u015fvuru ve takibi<\/li>\n<\/ul>\n\n\n\n<h3 class=\"wp-block-heading\">\ud83c\udf0f <strong>\u0130thalat Dan\u0131\u015fmanl\u0131\u011f\u0131 Hizmetlerimiz<\/strong><\/h3>\n\n\n\n<ul class=\"wp-block-list\">\n<li>\u0130thal \u00fcr\u00fcn ara\u015ft\u0131rma ve tedarik\u00e7i bulma<\/li>\n\n\n\n<li>Uzak Do\u011fu\u2019dan OEM \u00fcretici ara\u015ft\u0131rmas\u0131<\/li>\n\n\n\n<li>\u00d6zel izin ve sertifikasyon s\u00fcre\u00e7lerinin takibi<\/li>\n\n\n\n<li>GTIP (G\u00fcmr\u00fck Tarife \u0130statistik Pozisyonu) kodu \u00fczerinden mevzuat takibi<\/li>\n\n\n\n<li>Akreditif d\u00fczenleme ve y\u00f6netimi<\/li>\n\n\n\n<li>Vergi ve maliyet planlama dan\u0131\u015fmanl\u0131\u011f\u0131<\/li>\n\n\n\n<li>Lojistik ve g\u00fcmr\u00fckleme s\u00fcre\u00e7lerinde destek<\/li>\n<\/ul>\n\n\n\n<h3 class=\"wp-block-heading\">\ud83d\udd04 <strong>Transit D\u0131\u015f Ticaret Dan\u0131\u015fmanl\u0131\u011f\u0131<\/strong><\/h3>\n\n\n\n<ul class=\"wp-block-list\">\n<li>\u00dc\u00e7\u00fcnc\u00fc \u00fclkeler \u00fczerinden ticaret planlamas\u0131<\/li>\n\n\n\n<li>Uluslararas\u0131 lojistik organizasyonu<\/li>\n\n\n\n<li>Belge d\u00fczenleme ve mevzuat uyumu<\/li>\n\n\n\n<li>\u00d6deme sistemlerinin y\u00f6netimi ve takibi<\/li>\n<\/ul>\n","protected":false},"excerpt":{"rendered":"<p>Technolent Teknoloji olarak, firmalar\u0131n k\u00fcresel pazarlarda s\u00fcrd\u00fcr\u00fclebilir ba\u015far\u0131 elde etmeleri i\u00e7in stratejik, operasyonel ve mevzuata dayal\u0131 kapsaml\u0131 dan\u0131\u015fmanl\u0131k hizmetleri sunuyoruz. Uluslararas\u0131 ticarette kar\u015f\u0131la\u015f\u0131lan karma\u015f\u0131k s\u00fcre\u00e7leri sadele\u015ftiriyor, m\u00fc\u015fterilerimizin do\u011fru ad\u0131mlarla ilerlemesini sa\u011fl\u0131yoruz. \ud83c\udf0d \u0130hracat Dan\u0131\u015fmanl\u0131\u011f\u0131 Hizmetlerimiz \ud83c\udf0f \u0130thalat Dan\u0131\u015fmanl\u0131\u011f\u0131 Hizmetlerimiz \ud83d\udd04 Transit D\u0131\u015f Ticaret Dan\u0131\u015fmanl\u0131\u011f\u0131<\/p>\n","protected":false},"author":1,"featured_media":73,"parent":0,"menu_order":0,"comment_status":"closed","ping_status":"closed","template":"","meta":{"footnotes":""},"class_list":["post-124","page","type-page","status-publish","has-post-thumbnail","hentry"],"translation":{"provider":"WPGlobus","version":"3.0.2","language":"ru","enabled_languages":["tr","en","ru"],"languages":{"tr":{"title":true,"content":true,"excerpt":false},"en":{"title":true,"content":true,"excerpt":false},"ru":{"title":false,"content":false,"excerpt":false}}},"yoast_head":"<!-- This site is optimized with the Yoast SEO plugin v27.6 - https:\/\/yoast.com\/product\/yoast-seo-wordpress\/ -->\n<title>- Technolent<\/title>\n<meta name=\"robots\" content=\"index, follow, max-snippet:-1, max-image-preview:large, max-video-preview:-1\" \/>\n<link rel=\"canonical\" href=\"https:\/\/technolent.com.tr\/danismanlik-hizmetleri\/\" \/>\n<meta property=\"og:locale\" content=\"ru_RU\" \/>\n<meta property=\"og:type\" content=\"article\" \/>\n<meta property=\"og:title\" content=\"- Technolent\" \/>\n<meta property=\"og:url\" content=\"https:\/\/technolent.com.tr\/danismanlik-hizmetleri\/\" \/>\n<meta property=\"og:site_name\" content=\"Technolent\" \/>\n<meta property=\"article:modified_time\" content=\"2025-05-14T08:25:56+00:00\" \/>\n<meta property=\"og:image\" content=\"https:\/\/technolent.com.tr\/wp-content\/uploads\/2023\/09\/cropped-transport-logistic-manager-engineer-checking-generative-ai-illustration_145713-1316.jpg\" \/>\n\t<meta property=\"og:image:width\" content=\"626\" \/>\n\t<meta property=\"og:image:height\" content=\"626\" \/>\n\t<meta property=\"og:image:type\" content=\"image\/jpeg\" \/>\n<meta name=\"twitter:card\" content=\"summary_large_image\" \/>\n<meta name=\"twitter:label1\" content=\"\u041f\u0440\u0438\u043c\u0435\u0440\u043d\u043e\u0435 \u0432\u0440\u0435\u043c\u044f \u0434\u043b\u044f \u0447\u0442\u0435\u043d\u0438\u044f\" \/>\n\t<meta name=\"twitter:data1\" content=\"2 \u043c\u0438\u043d\u0443\u0442\u044b\" \/>\n<script type=\"application\/ld+json\" class=\"yoast-schema-graph\">{\"@context\":\"https:\\\/\\\/schema.org\",\"@graph\":[{\"@type\":\"WebPage\",\"@id\":\"https:\\\/\\\/technolent.com.tr\\\/danismanlik-hizmetleri\\\/\",\"url\":\"https:\\\/\\\/technolent.com.tr\\\/danismanlik-hizmetleri\\\/\",\"name\":\"- Technolent\",\"isPartOf\":{\"@id\":\"https:\\\/\\\/technolent.com.tr\\\/#website\"},\"primaryImageOfPage\":{\"@id\":\"https:\\\/\\\/technolent.com.tr\\\/danismanlik-hizmetleri\\\/#primaryimage\"},\"image\":{\"@id\":\"https:\\\/\\\/technolent.com.tr\\\/danismanlik-hizmetleri\\\/#primaryimage\"},\"thumbnailUrl\":\"https:\\\/\\\/technolent.com.tr\\\/wp-content\\\/uploads\\\/2023\\\/09\\\/cropped-transport-logistic-manager-engineer-checking-generative-ai-illustration_145713-1316.jpg\",\"datePublished\":\"2023-09-09T17:53:50+00:00\",\"dateModified\":\"2025-05-14T08:25:56+00:00\",\"description\":\"We offer end-to-end international trade consultancy services including export, import, transit trade, and overseas tender management. From market research to logistics and government incentives, Technolent is your strategic partner in global business.\",\"breadcrumb\":{\"@id\":\"https:\\\/\\\/technolent.com.tr\\\/danismanlik-hizmetleri\\\/#breadcrumb\"},\"inLanguage\":\"ru-RU\",\"potentialAction\":[{\"@type\":\"ReadAction\",\"target\":[\"https:\\\/\\\/technolent.com.tr\\\/danismanlik-hizmetleri\\\/\"]}]},{\"@type\":\"ImageObject\",\"inLanguage\":\"ru-RU\",\"@id\":\"https:\\\/\\\/technolent.com.tr\\\/danismanlik-hizmetleri\\\/#primaryimage\",\"url\":\"https:\\\/\\\/technolent.com.tr\\\/wp-content\\\/uploads\\\/2023\\\/09\\\/cropped-transport-logistic-manager-engineer-checking-generative-ai-illustration_145713-1316.jpg\",\"contentUrl\":\"https:\\\/\\\/technolent.com.tr\\\/wp-content\\\/uploads\\\/2023\\\/09\\\/cropped-transport-logistic-manager-engineer-checking-generative-ai-illustration_145713-1316.jpg\",\"width\":626,\"height\":626},{\"@type\":\"BreadcrumbList\",\"@id\":\"https:\\\/\\\/technolent.com.tr\\\/danismanlik-hizmetleri\\\/#breadcrumb\",\"itemListElement\":[{\"@type\":\"ListItem\",\"position\":1,\"name\":\"Anasayfa\",\"item\":\"https:\\\/\\\/technolent.com.tr\\\/\"},{\"@type\":\"ListItem\",\"position\":2,\"name\":\"Uluslararas\u0131 Ticaret Dan\u0131\u015fmanl\u0131k Hizmetleri\"}]},{\"@type\":\"WebSite\",\"@id\":\"https:\\\/\\\/technolent.com.tr\\\/#website\",\"url\":\"https:\\\/\\\/technolent.com.tr\\\/\",\"name\":\"Technolent\",\"description\":\"Excellent Technology\",\"publisher\":{\"@id\":\"https:\\\/\\\/technolent.com.tr\\\/#organization\"},\"potentialAction\":[{\"@type\":\"SearchAction\",\"target\":{\"@type\":\"EntryPoint\",\"urlTemplate\":\"https:\\\/\\\/technolent.com.tr\\\/?s={search_term_string}\"},\"query-input\":{\"@type\":\"PropertyValueSpecification\",\"valueRequired\":true,\"valueName\":\"search_term_string\"}}],\"inLanguage\":\"ru-RU\"},{\"@type\":\"Organization\",\"@id\":\"https:\\\/\\\/technolent.com.tr\\\/#organization\",\"name\":\"Technolent\",\"url\":\"https:\\\/\\\/technolent.com.tr\\\/\",\"logo\":{\"@type\":\"ImageObject\",\"inLanguage\":\"ru-RU\",\"@id\":\"https:\\\/\\\/technolent.com.tr\\\/#\\\/schema\\\/logo\\\/image\\\/\",\"url\":\"https:\\\/\\\/technolent.com.tr\\\/wp-content\\\/uploads\\\/2023\\\/09\\\/TECHNOLeNT_LOGO.png\",\"contentUrl\":\"https:\\\/\\\/technolent.com.tr\\\/wp-content\\\/uploads\\\/2023\\\/09\\\/TECHNOLeNT_LOGO.png\",\"width\":200,\"height\":43,\"caption\":\"Technolent\"},\"image\":{\"@id\":\"https:\\\/\\\/technolent.com.tr\\\/#\\\/schema\\\/logo\\\/image\\\/\"}}]}<\/script>\n<!-- \/ Yoast SEO plugin. -->","yoast_head_json":{"title":"- Technolent","robots":{"index":"index","follow":"follow","max-snippet":"max-snippet:-1","max-image-preview":"max-image-preview:large","max-video-preview":"max-video-preview:-1"},"canonical":"https:\/\/technolent.com.tr\/danismanlik-hizmetleri\/","og_locale":"ru_RU","og_type":"article","og_title":"- Technolent","og_url":"https:\/\/technolent.com.tr\/danismanlik-hizmetleri\/","og_site_name":"Technolent","article_modified_time":"2025-05-14T08:25:56+00:00","og_image":[{"width":626,"height":626,"url":"https:\/\/technolent.com.tr\/wp-content\/uploads\/2023\/09\/cropped-transport-logistic-manager-engineer-checking-generative-ai-illustration_145713-1316.jpg","type":"image\/jpeg"}],"twitter_card":"summary_large_image","twitter_misc":{"\u041f\u0440\u0438\u043c\u0435\u0440\u043d\u043e\u0435 \u0432\u0440\u0435\u043c\u044f \u0434\u043b\u044f \u0447\u0442\u0435\u043d\u0438\u044f":"2 \u043c\u0438\u043d\u0443\u0442\u044b"},"schema":{"@context":"https:\/\/schema.org","@graph":[{"@type":"WebPage","@id":"https:\/\/technolent.com.tr\/danismanlik-hizmetleri\/","url":"https:\/\/technolent.com.tr\/danismanlik-hizmetleri\/","name":"- Technolent","isPartOf":{"@id":"https:\/\/technolent.com.tr\/#website"},"primaryImageOfPage":{"@id":"https:\/\/technolent.com.tr\/danismanlik-hizmetleri\/#primaryimage"},"image":{"@id":"https:\/\/technolent.com.tr\/danismanlik-hizmetleri\/#primaryimage"},"thumbnailUrl":"https:\/\/technolent.com.tr\/wp-content\/uploads\/2023\/09\/cropped-transport-logistic-manager-engineer-checking-generative-ai-illustration_145713-1316.jpg","datePublished":"2023-09-09T17:53:50+00:00","dateModified":"2025-05-14T08:25:56+00:00","description":"We offer end-to-end international trade consultancy services including export, import, transit trade, and overseas tender management. From market research to logistics and government incentives, Technolent is your strategic partner in global business.","breadcrumb":{"@id":"https:\/\/technolent.com.tr\/danismanlik-hizmetleri\/#breadcrumb"},"inLanguage":"ru-RU","potentialAction":[{"@type":"ReadAction","target":["https:\/\/technolent.com.tr\/danismanlik-hizmetleri\/"]}]},{"@type":"ImageObject","inLanguage":"ru-RU","@id":"https:\/\/technolent.com.tr\/danismanlik-hizmetleri\/#primaryimage","url":"https:\/\/technolent.com.tr\/wp-content\/uploads\/2023\/09\/cropped-transport-logistic-manager-engineer-checking-generative-ai-illustration_145713-1316.jpg","contentUrl":"https:\/\/technolent.com.tr\/wp-content\/uploads\/2023\/09\/cropped-transport-logistic-manager-engineer-checking-generative-ai-illustration_145713-1316.jpg","width":626,"height":626},{"@type":"BreadcrumbList","@id":"https:\/\/technolent.com.tr\/danismanlik-hizmetleri\/#breadcrumb","itemListElement":[{"@type":"ListItem","position":1,"name":"Anasayfa","item":"https:\/\/technolent.com.tr\/"},{"@type":"ListItem","position":2,"name":"Uluslararas\u0131 Ticaret Dan\u0131\u015fmanl\u0131k Hizmetleri"}]},{"@type":"WebSite","@id":"https:\/\/technolent.com.tr\/#website","url":"https:\/\/technolent.com.tr\/","name":"Technolent","description":"Excellent Technology","publisher":{"@id":"https:\/\/technolent.com.tr\/#organization"},"potentialAction":[{"@type":"SearchAction","target":{"@type":"EntryPoint","urlTemplate":"https:\/\/technolent.com.tr\/?s={search_term_string}"},"query-input":{"@type":"PropertyValueSpecification","valueRequired":true,"valueName":"search_term_string"}}],"inLanguage":"ru-RU"},{"@type":"Organization","@id":"https:\/\/technolent.com.tr\/#organization","name":"Technolent","url":"https:\/\/technolent.com.tr\/","logo":{"@type":"ImageObject","inLanguage":"ru-RU","@id":"https:\/\/technolent.com.tr\/#\/schema\/logo\/image\/","url":"https:\/\/technolent.com.tr\/wp-content\/uploads\/2023\/09\/TECHNOLeNT_LOGO.png","contentUrl":"https:\/\/technolent.com.tr\/wp-content\/uploads\/2023\/09\/TECHNOLeNT_LOGO.png","width":200,"height":43,"caption":"Technolent"},"image":{"@id":"https:\/\/technolent.com.tr\/#\/schema\/logo\/image\/"}}]}},"_links":{"self":[{"href":"https:\/\/technolent.com.tr\/ru\/wp-json\/wp\/v2\/pages\/124","targetHints":{"allow":["GET"]}}],"collection":[{"href":"https:\/\/technolent.com.tr\/ru\/wp-json\/wp\/v2\/pages"}],"about":[{"href":"https:\/\/technolent.com.tr\/ru\/wp-json\/wp\/v2\/types\/page"}],"author":[{"embeddable":true,"href":"https:\/\/technolent.com.tr\/ru\/wp-json\/wp\/v2\/users\/1"}],"replies":[{"embeddable":true,"href":"https:\/\/technolent.com.tr\/ru\/wp-json\/wp\/v2\/comments?post=124"}],"version-history":[{"count":0,"href":"https:\/\/technolent.com.tr\/ru\/wp-json\/wp\/v2\/pages\/124\/revisions"}],"wp:featuredmedia":[{"embeddable":true,"href":"https:\/\/technolent.com.tr\/ru\/wp-json\/wp\/v2\/media\/73"}],"wp:attachment":[{"href":"https:\/\/technolent.com.tr\/ru\/wp-json\/wp\/v2\/media?parent=124"}],"curies":[{"name":"wp","href":"https:\/\/api.w.org\/{rel}","templated":true}]}}