{"id":321,"date":"2024-06-09T13:10:15","date_gmt":"2024-06-09T11:10:15","guid":{"rendered":"https:\/\/technolent.com.tr\/?page_id=321"},"modified":"2025-05-15T11:54:01","modified_gmt":"2025-05-15T09:54:01","slug":"led-aydinlatma-cozumler","status":"publish","type":"page","link":"https:\/\/technolent.com.tr\/en\/led-aydinlatma-cozumler\/","title":{"rendered":"LED-Based Street Lighting Solutions"},"content":{"rendered":"\n<p>Designed for outdoor environments, LED-based street lighting solutions are suitable for a wide range of applications. They stand out with their low energy consumption and energy efficiency, making them an ideal choice for sustainable urban lighting.<\/p>\n\n\n\n<div class=\"wp-block-columns is-layout-flex wp-container-core-columns-is-layout-9d6595d7 wp-block-columns-is-layout-flex\">\n<div class=\"wp-block-column is-layout-flow wp-block-column-is-layout-flow\" style=\"flex-basis:100%\">\n<div class=\"wp-block-group\"><div class=\"wp-block-group__inner-container is-layout-constrained wp-block-group-is-layout-constrained\">\n<div class=\"wp-block-group is-layout-grid wp-container-core-group-is-layout-9649a0d9 wp-block-group-is-layout-grid\">\n<figure class=\"wp-block-image size-full\"><img fetchpriority=\"high\" decoding=\"async\" width=\"800\" height=\"533\" src=\"https:\/\/technolent.com.tr\/wp-content\/uploads\/2024\/06\/645b70d3aa75b.jpg\" alt=\"\" class=\"wp-image-327\" srcset=\"https:\/\/technolent.com.tr\/wp-content\/uploads\/2024\/06\/645b70d3aa75b.jpg 800w, https:\/\/technolent.com.tr\/wp-content\/uploads\/2024\/06\/645b70d3aa75b-300x200.jpg 300w, https:\/\/technolent.com.tr\/wp-content\/uploads\/2024\/06\/645b70d3aa75b-768x512.jpg 768w\" sizes=\"(max-width: 800px) 100vw, 800px\" \/><\/figure>\n\n\n\n<figure class=\"wp-block-image size-full\"><img decoding=\"async\" width=\"680\" height=\"680\" data-src=\"https:\/\/technolent.com.tr\/wp-content\/uploads\/2024\/06\/a-series-120w-led-garden-light-02.jpg\" alt=\"\" class=\"wp-image-338 lazyload\" data-srcset=\"https:\/\/technolent.com.tr\/wp-content\/uploads\/2024\/06\/a-series-120w-led-garden-light-02.jpg 680w, https:\/\/technolent.com.tr\/wp-content\/uploads\/2024\/06\/a-series-120w-led-garden-light-02-300x300.jpg 300w, https:\/\/technolent.com.tr\/wp-content\/uploads\/2024\/06\/a-series-120w-led-garden-light-02-150x150.jpg 150w\" data-sizes=\"(max-width: 680px) 100vw, 680px\" src=\"data:image\/svg+xml;base64,PHN2ZyB3aWR0aD0iMSIgaGVpZ2h0PSIxIiB4bWxucz0iaHR0cDovL3d3dy53My5vcmcvMjAwMC9zdmciPjwvc3ZnPg==\" style=\"--smush-placeholder-width: 680px; --smush-placeholder-aspect-ratio: 680\/680;\" \/><\/figure>\n\n\n\n<figure class=\"wp-block-image size-full\"><img decoding=\"async\" width=\"680\" height=\"680\" data-src=\"https:\/\/technolent.com.tr\/wp-content\/uploads\/2024\/06\/g03-solar-street-light-03.jpg\" alt=\"\" class=\"wp-image-339 lazyload\" data-srcset=\"https:\/\/technolent.com.tr\/wp-content\/uploads\/2024\/06\/g03-solar-street-light-03.jpg 680w, https:\/\/technolent.com.tr\/wp-content\/uploads\/2024\/06\/g03-solar-street-light-03-300x300.jpg 300w, https:\/\/technolent.com.tr\/wp-content\/uploads\/2024\/06\/g03-solar-street-light-03-150x150.jpg 150w\" data-sizes=\"(max-width: 680px) 100vw, 680px\" src=\"data:image\/svg+xml;base64,PHN2ZyB3aWR0aD0iMSIgaGVpZ2h0PSIxIiB4bWxucz0iaHR0cDovL3d3dy53My5vcmcvMjAwMC9zdmciPjwvc3ZnPg==\" style=\"--smush-placeholder-width: 680px; --smush-placeholder-aspect-ratio: 680\/680;\" \/><\/figure>\n\n\n\n<figure class=\"wp-block-image size-full\"><img decoding=\"async\" width=\"680\" height=\"680\" data-src=\"https:\/\/technolent.com.tr\/wp-content\/uploads\/2024\/06\/d-series-240w-led-street-light-01.jpg\" alt=\"\" class=\"wp-image-336 lazyload\" data-srcset=\"https:\/\/technolent.com.tr\/wp-content\/uploads\/2024\/06\/d-series-240w-led-street-light-01.jpg 680w, https:\/\/technolent.com.tr\/wp-content\/uploads\/2024\/06\/d-series-240w-led-street-light-01-300x300.jpg 300w, https:\/\/technolent.com.tr\/wp-content\/uploads\/2024\/06\/d-series-240w-led-street-light-01-150x150.jpg 150w\" data-sizes=\"(max-width: 680px) 100vw, 680px\" src=\"data:image\/svg+xml;base64,PHN2ZyB3aWR0aD0iMSIgaGVpZ2h0PSIxIiB4bWxucz0iaHR0cDovL3d3dy53My5vcmcvMjAwMC9zdmciPjwvc3ZnPg==\" style=\"--smush-placeholder-width: 680px; --smush-placeholder-aspect-ratio: 680\/680;\" \/><\/figure>\n<\/div>\n<\/div><\/div>\n<\/div>\n<\/div>\n\n\n\n<p><strong>Applications:<\/strong><br>City squares, streets, sports facilities, residential entrances, vineyards, gardens, terraces, social facilities, historical buildings and monuments, hospitals, parking lots, universities, pedestrian walkways, bicycle paths, and more.<\/p>\n\n\n\n<p><strong>Key Features:<\/strong><\/p>\n\n\n\n<ul class=\"wp-block-list\">\n<li>High-pressure die-cast aluminum alloy body, available from 20W to 320W<\/li>\n\n\n\n<li>Outdoor aluminum housing with black\/grey color options<\/li>\n\n\n\n<li>NEMA socket option<\/li>\n\n\n\n<li>IP66 | IK10 protection<\/li>\n\n\n\n<li>Beam angles: 120&#215;50\u00b0, 145&#215;100\u00b0, 150&#215;70\u00b0<\/li>\n\n\n\n<li>Excellent operating temperature: -40\u00b0C ~ +60\u00b0C<\/li>\n\n\n\n<li>Optional dimming and smart lighting system integration<\/li>\n\n\n\n<li>Certified with ISO9001, ISO14001, ETL, CE, CB, RoHS, IP66, IK10, LM80, ENEC<\/li>\n\n\n\n<li>Zhaga-D4i Certified<\/li>\n\n\n\n<li>Over 100,000 hours of lifespan, up to 10-year warranty<\/li>\n<\/ul>\n\n\n\n<p><\/p>\n","protected":false},"excerpt":{"rendered":"<p>Designed for outdoor environments, LED-based street lighting solutions are suitable for a wide range of applications. They stand out with their low energy consumption and energy efficiency, making them an ideal choice for sustainable urban lighting. Applications:City squares, streets, sports facilities, residential entrances, vineyards, gardens, terraces, social facilities, historical buildings and monuments, hospitals, parking lots, [&hellip;]<\/p>\n","protected":false},"author":2,"featured_media":0,"parent":0,"menu_order":0,"comment_status":"closed","ping_status":"closed","template":"","meta":{"footnotes":""},"class_list":["post-321","page","type-page","status-publish","hentry"],"translation":{"provider":"WPGlobus","version":"3.0.2","language":"en","enabled_languages":["tr","en","ru"],"languages":{"tr":{"title":true,"content":true,"excerpt":false},"en":{"title":true,"content":true,"excerpt":false},"ru":{"title":false,"content":false,"excerpt":false}}},"yoast_head":"<!-- This site is optimized with the Yoast SEO plugin v27.6 - https:\/\/yoast.com\/product\/yoast-seo-wordpress\/ -->\n<title>LED-Based Street Lighting Solutions - Technolent<\/title>\n<meta name=\"description\" content=\"LED-based street lighting offers efficient outdoor illumination with low energy use, smart system options, and a long lifespan over 100,000 hours.\" \/>\n<meta name=\"robots\" content=\"index, follow, max-snippet:-1, max-image-preview:large, max-video-preview:-1\" \/>\n<link rel=\"canonical\" href=\"https:\/\/technolent.com.tr\/led-aydinlatma-cozumler\/\" \/>\n<meta property=\"og:locale\" content=\"en_US\" \/>\n<meta property=\"og:type\" content=\"article\" \/>\n<meta property=\"og:title\" content=\"LED-Based Street Lighting Solutions - Technolent\" \/>\n<meta property=\"og:description\" content=\"LED-based street lighting offers efficient outdoor illumination with low energy use, smart system options, and a long lifespan over 100,000 hours.\" \/>\n<meta property=\"og:url\" content=\"https:\/\/technolent.com.tr\/led-aydinlatma-cozumler\/\" \/>\n<meta property=\"og:site_name\" content=\"Technolent\" \/>\n<meta property=\"article:modified_time\" content=\"2025-05-15T09:54:01+00:00\" \/>\n<meta property=\"og:image\" content=\"https:\/\/technolent.com.tr\/wp-content\/uploads\/2024\/06\/645b70d3aa75b.jpg\" \/>\n\t<meta property=\"og:image:width\" content=\"800\" \/>\n\t<meta property=\"og:image:height\" content=\"533\" \/>\n\t<meta property=\"og:image:type\" content=\"image\/jpeg\" \/>\n<meta name=\"twitter:card\" content=\"summary_large_image\" \/>\n<meta name=\"twitter:label1\" content=\"Est. reading time\" \/>\n\t<meta name=\"twitter:data1\" content=\"2 minutes\" \/>\n<script type=\"application\/ld+json\" class=\"yoast-schema-graph\">{\"@context\":\"https:\\\/\\\/schema.org\",\"@graph\":[{\"@type\":\"WebPage\",\"@id\":\"https:\\\/\\\/technolent.com.tr\\\/led-aydinlatma-cozumler\\\/\",\"url\":\"https:\\\/\\\/technolent.com.tr\\\/led-aydinlatma-cozumler\\\/\",\"name\":\"LED-Based Street Lighting Solutions - Technolent\",\"isPartOf\":{\"@id\":\"https:\\\/\\\/technolent.com.tr\\\/#website\"},\"primaryImageOfPage\":{\"@id\":\"https:\\\/\\\/technolent.com.tr\\\/led-aydinlatma-cozumler\\\/#primaryimage\"},\"image\":{\"@id\":\"https:\\\/\\\/technolent.com.tr\\\/led-aydinlatma-cozumler\\\/#primaryimage\"},\"thumbnailUrl\":\"https:\\\/\\\/technolent.com.tr\\\/wp-content\\\/uploads\\\/2024\\\/06\\\/645b70d3aa75b.jpg\",\"datePublished\":\"2024-06-09T11:10:15+00:00\",\"dateModified\":\"2025-05-15T09:54:01+00:00\",\"description\":\"LED-based street lighting offers efficient outdoor illumination with low energy use, smart system options, and a long lifespan over 100,000 hours.\",\"breadcrumb\":{\"@id\":\"https:\\\/\\\/technolent.com.tr\\\/led-aydinlatma-cozumler\\\/#breadcrumb\"},\"inLanguage\":\"en-US\",\"potentialAction\":[{\"@type\":\"ReadAction\",\"target\":[\"https:\\\/\\\/technolent.com.tr\\\/led-aydinlatma-cozumler\\\/\"]}]},{\"@type\":\"ImageObject\",\"inLanguage\":\"en-US\",\"@id\":\"https:\\\/\\\/technolent.com.tr\\\/led-aydinlatma-cozumler\\\/#primaryimage\",\"url\":\"https:\\\/\\\/technolent.com.tr\\\/wp-content\\\/uploads\\\/2024\\\/06\\\/645b70d3aa75b.jpg\",\"contentUrl\":\"https:\\\/\\\/technolent.com.tr\\\/wp-content\\\/uploads\\\/2024\\\/06\\\/645b70d3aa75b.jpg\"},{\"@type\":\"BreadcrumbList\",\"@id\":\"https:\\\/\\\/technolent.com.tr\\\/led-aydinlatma-cozumler\\\/#breadcrumb\",\"itemListElement\":[{\"@type\":\"ListItem\",\"position\":1,\"name\":\"Anasayfa\",\"item\":\"https:\\\/\\\/technolent.com.tr\\\/\"},{\"@type\":\"ListItem\",\"position\":2,\"name\":\"LED Tabanl\u0131 Sokak Ayd\u0131nlatma \u00c7\u00f6z\u00fcmleri\"}]},{\"@type\":\"WebSite\",\"@id\":\"https:\\\/\\\/technolent.com.tr\\\/#website\",\"url\":\"https:\\\/\\\/technolent.com.tr\\\/\",\"name\":\"Technolent\",\"description\":\"Excellent Technology\",\"publisher\":{\"@id\":\"https:\\\/\\\/technolent.com.tr\\\/#organization\"},\"potentialAction\":[{\"@type\":\"SearchAction\",\"target\":{\"@type\":\"EntryPoint\",\"urlTemplate\":\"https:\\\/\\\/technolent.com.tr\\\/?s={search_term_string}\"},\"query-input\":{\"@type\":\"PropertyValueSpecification\",\"valueRequired\":true,\"valueName\":\"search_term_string\"}}],\"inLanguage\":\"en-US\"},{\"@type\":\"Organization\",\"@id\":\"https:\\\/\\\/technolent.com.tr\\\/#organization\",\"name\":\"Technolent\",\"url\":\"https:\\\/\\\/technolent.com.tr\\\/\",\"logo\":{\"@type\":\"ImageObject\",\"inLanguage\":\"en-US\",\"@id\":\"https:\\\/\\\/technolent.com.tr\\\/#\\\/schema\\\/logo\\\/image\\\/\",\"url\":\"https:\\\/\\\/technolent.com.tr\\\/wp-content\\\/uploads\\\/2023\\\/09\\\/TECHNOLeNT_LOGO.png\",\"contentUrl\":\"https:\\\/\\\/technolent.com.tr\\\/wp-content\\\/uploads\\\/2023\\\/09\\\/TECHNOLeNT_LOGO.png\",\"width\":200,\"height\":43,\"caption\":\"Technolent\"},\"image\":{\"@id\":\"https:\\\/\\\/technolent.com.tr\\\/#\\\/schema\\\/logo\\\/image\\\/\"}}]}<\/script>\n<!-- \/ Yoast SEO plugin. -->","yoast_head_json":{"title":"LED-Based Street Lighting Solutions - Technolent","description":"LED-based street lighting offers efficient outdoor illumination with low energy use, smart system options, and a long lifespan over 100,000 hours.","robots":{"index":"index","follow":"follow","max-snippet":"max-snippet:-1","max-image-preview":"max-image-preview:large","max-video-preview":"max-video-preview:-1"},"canonical":"https:\/\/technolent.com.tr\/led-aydinlatma-cozumler\/","og_locale":"en_US","og_type":"article","og_title":"LED-Based Street Lighting Solutions - Technolent","og_description":"LED-based street lighting offers efficient outdoor illumination with low energy use, smart system options, and a long lifespan over 100,000 hours.","og_url":"https:\/\/technolent.com.tr\/led-aydinlatma-cozumler\/","og_site_name":"Technolent","article_modified_time":"2025-05-15T09:54:01+00:00","og_image":[{"width":800,"height":533,"url":"https:\/\/technolent.com.tr\/wp-content\/uploads\/2024\/06\/645b70d3aa75b.jpg","type":"image\/jpeg"}],"twitter_card":"summary_large_image","twitter_misc":{"Est. reading time":"2 minutes"},"schema":{"@context":"https:\/\/schema.org","@graph":[{"@type":"WebPage","@id":"https:\/\/technolent.com.tr\/led-aydinlatma-cozumler\/","url":"https:\/\/technolent.com.tr\/led-aydinlatma-cozumler\/","name":"LED-Based Street Lighting Solutions - Technolent","isPartOf":{"@id":"https:\/\/technolent.com.tr\/#website"},"primaryImageOfPage":{"@id":"https:\/\/technolent.com.tr\/led-aydinlatma-cozumler\/#primaryimage"},"image":{"@id":"https:\/\/technolent.com.tr\/led-aydinlatma-cozumler\/#primaryimage"},"thumbnailUrl":"https:\/\/technolent.com.tr\/wp-content\/uploads\/2024\/06\/645b70d3aa75b.jpg","datePublished":"2024-06-09T11:10:15+00:00","dateModified":"2025-05-15T09:54:01+00:00","description":"LED-based street lighting offers efficient outdoor illumination with low energy use, smart system options, and a long lifespan over 100,000 hours.","breadcrumb":{"@id":"https:\/\/technolent.com.tr\/led-aydinlatma-cozumler\/#breadcrumb"},"inLanguage":"en-US","potentialAction":[{"@type":"ReadAction","target":["https:\/\/technolent.com.tr\/led-aydinlatma-cozumler\/"]}]},{"@type":"ImageObject","inLanguage":"en-US","@id":"https:\/\/technolent.com.tr\/led-aydinlatma-cozumler\/#primaryimage","url":"https:\/\/technolent.com.tr\/wp-content\/uploads\/2024\/06\/645b70d3aa75b.jpg","contentUrl":"https:\/\/technolent.com.tr\/wp-content\/uploads\/2024\/06\/645b70d3aa75b.jpg"},{"@type":"BreadcrumbList","@id":"https:\/\/technolent.com.tr\/led-aydinlatma-cozumler\/#breadcrumb","itemListElement":[{"@type":"ListItem","position":1,"name":"Anasayfa","item":"https:\/\/technolent.com.tr\/"},{"@type":"ListItem","position":2,"name":"LED Tabanl\u0131 Sokak Ayd\u0131nlatma \u00c7\u00f6z\u00fcmleri"}]},{"@type":"WebSite","@id":"https:\/\/technolent.com.tr\/#website","url":"https:\/\/technolent.com.tr\/","name":"Technolent","description":"Excellent Technology","publisher":{"@id":"https:\/\/technolent.com.tr\/#organization"},"potentialAction":[{"@type":"SearchAction","target":{"@type":"EntryPoint","urlTemplate":"https:\/\/technolent.com.tr\/?s={search_term_string}"},"query-input":{"@type":"PropertyValueSpecification","valueRequired":true,"valueName":"search_term_string"}}],"inLanguage":"en-US"},{"@type":"Organization","@id":"https:\/\/technolent.com.tr\/#organization","name":"Technolent","url":"https:\/\/technolent.com.tr\/","logo":{"@type":"ImageObject","inLanguage":"en-US","@id":"https:\/\/technolent.com.tr\/#\/schema\/logo\/image\/","url":"https:\/\/technolent.com.tr\/wp-content\/uploads\/2023\/09\/TECHNOLeNT_LOGO.png","contentUrl":"https:\/\/technolent.com.tr\/wp-content\/uploads\/2023\/09\/TECHNOLeNT_LOGO.png","width":200,"height":43,"caption":"Technolent"},"image":{"@id":"https:\/\/technolent.com.tr\/#\/schema\/logo\/image\/"}}]}},"_links":{"self":[{"href":"https:\/\/technolent.com.tr\/en\/wp-json\/wp\/v2\/pages\/321","targetHints":{"allow":["GET"]}}],"collection":[{"href":"https:\/\/technolent.com.tr\/en\/wp-json\/wp\/v2\/pages"}],"about":[{"href":"https:\/\/technolent.com.tr\/en\/wp-json\/wp\/v2\/types\/page"}],"author":[{"embeddable":true,"href":"https:\/\/technolent.com.tr\/en\/wp-json\/wp\/v2\/users\/2"}],"replies":[{"embeddable":true,"href":"https:\/\/technolent.com.tr\/en\/wp-json\/wp\/v2\/comments?post=321"}],"version-history":[{"count":0,"href":"https:\/\/technolent.com.tr\/en\/wp-json\/wp\/v2\/pages\/321\/revisions"}],"wp:attachment":[{"href":"https:\/\/technolent.com.tr\/en\/wp-json\/wp\/v2\/media?parent=321"}],"curies":[{"name":"wp","href":"https:\/\/api.w.org\/{rel}","templated":true}]}}