{"id":305,"date":"2024-06-09T12:16:56","date_gmt":"2024-06-09T10:16:56","guid":{"rendered":"https:\/\/technolent.com.tr\/?page_id=305"},"modified":"2025-05-15T11:39:15","modified_gmt":"2025-05-15T09:39:15","slug":"hiz-uyari-sistemi","status":"publish","type":"page","link":"https:\/\/technolent.com.tr\/en\/hiz-uyari-sistemi\/","title":{"rendered":"Speed Warning Systems"},"content":{"rendered":"\n<p><strong>Radar-Based Speed Warning Systems<\/strong><\/p>\n\n\n\n<p>Radar systems powered by electricity or solar energy are designed to detect and\/or warn vehicles exceeding the designated speed limit on urban or intercity roads. These systems vary in function, offering either basic speed detection and warning capabilities or integrated license plate recognition (LPR) for violation tracking.<\/p>\n\n\n\n<p><strong>License Plate Recognition (LPR) \u2013 Radar Speed Warning Systems<\/strong><\/p>\n\n\n\n<p>Known as the new generation of radar systems, these solutions combine speed detection with license plate recognition. When a vehicle exceeds the defined speed limit, the system automatically detects the license plate and displays the speeding vehicle\u2019s plate number and speed on the warning screen for alert or enforcement purposes.<\/p>\n\n\n\n<p><strong>Where Are Radar Systems Used?<\/strong><\/p>\n\n\n\n<ul class=\"wp-block-list\">\n<li>Urban Roads<\/li>\n\n\n\n<li>Intercity Highways<\/li>\n\n\n\n<li>Industrial Facilities<\/li>\n\n\n\n<li>Mining Areas<\/li>\n\n\n\n<li>Educational Campuses<\/li>\n\n\n\n<li>Road Construction Zones<\/li>\n\n\n\n<li>Construction Sites<\/li>\n\n\n\n<li>Military Compounds<\/li>\n\n\n\n<li>Airports<\/li>\n\n\n\n<li>School Zones and Crosswalks<\/li>\n<\/ul>\n\n\n\n<figure class=\"wp-block-image size-full is-resized\"><img fetchpriority=\"high\" decoding=\"async\" width=\"356\" height=\"438\" src=\"https:\/\/technolent.com.tr\/wp-content\/uploads\/2024\/05\/Ekran-Alintisi.jpg\" alt=\"\" class=\"wp-image-306\" style=\"width:226px;height:auto\" srcset=\"https:\/\/technolent.com.tr\/wp-content\/uploads\/2024\/05\/Ekran-Alintisi.jpg 356w, https:\/\/technolent.com.tr\/wp-content\/uploads\/2024\/05\/Ekran-Alintisi-244x300.jpg 244w\" sizes=\"(max-width: 356px) 100vw, 356px\" \/><\/figure>\n","protected":false},"excerpt":{"rendered":"<p>Radar-Based Speed Warning Systems Radar systems powered by electricity or solar energy are designed to detect and\/or warn vehicles exceeding the designated speed limit on urban or intercity roads. These systems vary in function, offering either basic speed detection and warning capabilities or integrated license plate recognition (LPR) for violation tracking. License Plate Recognition (LPR) [&hellip;]<\/p>\n","protected":false},"author":2,"featured_media":306,"parent":0,"menu_order":0,"comment_status":"closed","ping_status":"closed","template":"","meta":{"footnotes":""},"class_list":["post-305","page","type-page","status-publish","has-post-thumbnail","hentry"],"translation":{"provider":"WPGlobus","version":"3.0.2","language":"en","enabled_languages":["tr","en","ru"],"languages":{"tr":{"title":true,"content":true,"excerpt":false},"en":{"title":true,"content":true,"excerpt":false},"ru":{"title":false,"content":false,"excerpt":false}}},"yoast_head":"<!-- This site is optimized with the Yoast SEO plugin v27.6 - https:\/\/yoast.com\/product\/yoast-seo-wordpress\/ -->\n<title>Speed Warning Systems - Technolent<\/title>\n<meta name=\"description\" content=\"Radar speed warning systems detect and alert speeding vehicles. Plate recognition options enhance road safety in urban and intercity areas.\" \/>\n<meta name=\"robots\" content=\"index, follow, max-snippet:-1, max-image-preview:large, max-video-preview:-1\" \/>\n<link rel=\"canonical\" href=\"https:\/\/technolent.com.tr\/hiz-uyari-sistemi\/\" \/>\n<meta property=\"og:locale\" content=\"en_US\" \/>\n<meta property=\"og:type\" content=\"article\" \/>\n<meta property=\"og:title\" content=\"Speed Warning Systems - Technolent\" \/>\n<meta property=\"og:description\" content=\"Radar speed warning systems detect and alert speeding vehicles. Plate recognition options enhance road safety in urban and intercity areas.\" \/>\n<meta property=\"og:url\" content=\"https:\/\/technolent.com.tr\/hiz-uyari-sistemi\/\" \/>\n<meta property=\"og:site_name\" content=\"Technolent\" \/>\n<meta property=\"article:modified_time\" content=\"2025-05-15T09:39:15+00:00\" \/>\n<meta property=\"og:image\" content=\"https:\/\/technolent.com.tr\/wp-content\/uploads\/2024\/05\/Ekran-Alintisi.jpg\" \/>\n\t<meta property=\"og:image:width\" content=\"356\" \/>\n\t<meta property=\"og:image:height\" content=\"438\" \/>\n\t<meta property=\"og:image:type\" content=\"image\/jpeg\" \/>\n<meta name=\"twitter:card\" content=\"summary_large_image\" \/>\n<meta name=\"twitter:label1\" content=\"Est. reading time\" \/>\n\t<meta name=\"twitter:data1\" content=\"2 minutes\" \/>\n<script type=\"application\/ld+json\" class=\"yoast-schema-graph\">{\"@context\":\"https:\\\/\\\/schema.org\",\"@graph\":[{\"@type\":\"WebPage\",\"@id\":\"https:\\\/\\\/technolent.com.tr\\\/hiz-uyari-sistemi\\\/\",\"url\":\"https:\\\/\\\/technolent.com.tr\\\/hiz-uyari-sistemi\\\/\",\"name\":\"Speed Warning Systems - Technolent\",\"isPartOf\":{\"@id\":\"https:\\\/\\\/technolent.com.tr\\\/#website\"},\"primaryImageOfPage\":{\"@id\":\"https:\\\/\\\/technolent.com.tr\\\/hiz-uyari-sistemi\\\/#primaryimage\"},\"image\":{\"@id\":\"https:\\\/\\\/technolent.com.tr\\\/hiz-uyari-sistemi\\\/#primaryimage\"},\"thumbnailUrl\":\"https:\\\/\\\/technolent.com.tr\\\/wp-content\\\/uploads\\\/2024\\\/05\\\/Ekran-Alintisi.jpg\",\"datePublished\":\"2024-06-09T10:16:56+00:00\",\"dateModified\":\"2025-05-15T09:39:15+00:00\",\"description\":\"Radarl\u0131 h\u0131z uyar\u0131 sistemleri, h\u0131z limiti a\u015f\u0131m\u0131n\u0131 tespit eder ve uyar\u0131r. Plaka tan\u0131mal\u0131 \u00e7\u00f6z\u00fcmlerle \u015fehir i\u00e7i ve \u015fehirleraras\u0131 yollarda g\u00fcvenlik sa\u011flar.\",\"breadcrumb\":{\"@id\":\"https:\\\/\\\/technolent.com.tr\\\/hiz-uyari-sistemi\\\/#breadcrumb\"},\"inLanguage\":\"en-US\",\"potentialAction\":[{\"@type\":\"ReadAction\",\"target\":[\"https:\\\/\\\/technolent.com.tr\\\/hiz-uyari-sistemi\\\/\"]}]},{\"@type\":\"ImageObject\",\"inLanguage\":\"en-US\",\"@id\":\"https:\\\/\\\/technolent.com.tr\\\/hiz-uyari-sistemi\\\/#primaryimage\",\"url\":\"https:\\\/\\\/technolent.com.tr\\\/wp-content\\\/uploads\\\/2024\\\/05\\\/Ekran-Alintisi.jpg\",\"contentUrl\":\"https:\\\/\\\/technolent.com.tr\\\/wp-content\\\/uploads\\\/2024\\\/05\\\/Ekran-Alintisi.jpg\",\"width\":356,\"height\":438},{\"@type\":\"BreadcrumbList\",\"@id\":\"https:\\\/\\\/technolent.com.tr\\\/hiz-uyari-sistemi\\\/#breadcrumb\",\"itemListElement\":[{\"@type\":\"ListItem\",\"position\":1,\"name\":\"Anasayfa\",\"item\":\"https:\\\/\\\/technolent.com.tr\\\/\"},{\"@type\":\"ListItem\",\"position\":2,\"name\":\"H\u0131z Uyar\u0131 Sistemleri\"}]},{\"@type\":\"WebSite\",\"@id\":\"https:\\\/\\\/technolent.com.tr\\\/#website\",\"url\":\"https:\\\/\\\/technolent.com.tr\\\/\",\"name\":\"Technolent\",\"description\":\"Excellent Technology\",\"publisher\":{\"@id\":\"https:\\\/\\\/technolent.com.tr\\\/#organization\"},\"potentialAction\":[{\"@type\":\"SearchAction\",\"target\":{\"@type\":\"EntryPoint\",\"urlTemplate\":\"https:\\\/\\\/technolent.com.tr\\\/?s={search_term_string}\"},\"query-input\":{\"@type\":\"PropertyValueSpecification\",\"valueRequired\":true,\"valueName\":\"search_term_string\"}}],\"inLanguage\":\"en-US\"},{\"@type\":\"Organization\",\"@id\":\"https:\\\/\\\/technolent.com.tr\\\/#organization\",\"name\":\"Technolent\",\"url\":\"https:\\\/\\\/technolent.com.tr\\\/\",\"logo\":{\"@type\":\"ImageObject\",\"inLanguage\":\"en-US\",\"@id\":\"https:\\\/\\\/technolent.com.tr\\\/#\\\/schema\\\/logo\\\/image\\\/\",\"url\":\"https:\\\/\\\/technolent.com.tr\\\/wp-content\\\/uploads\\\/2023\\\/09\\\/TECHNOLeNT_LOGO.png\",\"contentUrl\":\"https:\\\/\\\/technolent.com.tr\\\/wp-content\\\/uploads\\\/2023\\\/09\\\/TECHNOLeNT_LOGO.png\",\"width\":200,\"height\":43,\"caption\":\"Technolent\"},\"image\":{\"@id\":\"https:\\\/\\\/technolent.com.tr\\\/#\\\/schema\\\/logo\\\/image\\\/\"}}]}<\/script>\n<!-- \/ Yoast SEO plugin. -->","yoast_head_json":{"title":"Speed Warning Systems - Technolent","description":"Radar speed warning systems detect and alert speeding vehicles. Plate recognition options enhance road safety in urban and intercity areas.","robots":{"index":"index","follow":"follow","max-snippet":"max-snippet:-1","max-image-preview":"max-image-preview:large","max-video-preview":"max-video-preview:-1"},"canonical":"https:\/\/technolent.com.tr\/hiz-uyari-sistemi\/","og_locale":"en_US","og_type":"article","og_title":"Speed Warning Systems - Technolent","og_description":"Radar speed warning systems detect and alert speeding vehicles. Plate recognition options enhance road safety in urban and intercity areas.","og_url":"https:\/\/technolent.com.tr\/hiz-uyari-sistemi\/","og_site_name":"Technolent","article_modified_time":"2025-05-15T09:39:15+00:00","og_image":[{"width":356,"height":438,"url":"https:\/\/technolent.com.tr\/wp-content\/uploads\/2024\/05\/Ekran-Alintisi.jpg","type":"image\/jpeg"}],"twitter_card":"summary_large_image","twitter_misc":{"Est. reading time":"2 minutes"},"schema":{"@context":"https:\/\/schema.org","@graph":[{"@type":"WebPage","@id":"https:\/\/technolent.com.tr\/hiz-uyari-sistemi\/","url":"https:\/\/technolent.com.tr\/hiz-uyari-sistemi\/","name":"Speed Warning Systems - Technolent","isPartOf":{"@id":"https:\/\/technolent.com.tr\/#website"},"primaryImageOfPage":{"@id":"https:\/\/technolent.com.tr\/hiz-uyari-sistemi\/#primaryimage"},"image":{"@id":"https:\/\/technolent.com.tr\/hiz-uyari-sistemi\/#primaryimage"},"thumbnailUrl":"https:\/\/technolent.com.tr\/wp-content\/uploads\/2024\/05\/Ekran-Alintisi.jpg","datePublished":"2024-06-09T10:16:56+00:00","dateModified":"2025-05-15T09:39:15+00:00","description":"Radarl\u0131 h\u0131z uyar\u0131 sistemleri, h\u0131z limiti a\u015f\u0131m\u0131n\u0131 tespit eder ve uyar\u0131r. Plaka tan\u0131mal\u0131 \u00e7\u00f6z\u00fcmlerle \u015fehir i\u00e7i ve \u015fehirleraras\u0131 yollarda g\u00fcvenlik sa\u011flar.","breadcrumb":{"@id":"https:\/\/technolent.com.tr\/hiz-uyari-sistemi\/#breadcrumb"},"inLanguage":"en-US","potentialAction":[{"@type":"ReadAction","target":["https:\/\/technolent.com.tr\/hiz-uyari-sistemi\/"]}]},{"@type":"ImageObject","inLanguage":"en-US","@id":"https:\/\/technolent.com.tr\/hiz-uyari-sistemi\/#primaryimage","url":"https:\/\/technolent.com.tr\/wp-content\/uploads\/2024\/05\/Ekran-Alintisi.jpg","contentUrl":"https:\/\/technolent.com.tr\/wp-content\/uploads\/2024\/05\/Ekran-Alintisi.jpg","width":356,"height":438},{"@type":"BreadcrumbList","@id":"https:\/\/technolent.com.tr\/hiz-uyari-sistemi\/#breadcrumb","itemListElement":[{"@type":"ListItem","position":1,"name":"Anasayfa","item":"https:\/\/technolent.com.tr\/"},{"@type":"ListItem","position":2,"name":"H\u0131z Uyar\u0131 Sistemleri"}]},{"@type":"WebSite","@id":"https:\/\/technolent.com.tr\/#website","url":"https:\/\/technolent.com.tr\/","name":"Technolent","description":"Excellent Technology","publisher":{"@id":"https:\/\/technolent.com.tr\/#organization"},"potentialAction":[{"@type":"SearchAction","target":{"@type":"EntryPoint","urlTemplate":"https:\/\/technolent.com.tr\/?s={search_term_string}"},"query-input":{"@type":"PropertyValueSpecification","valueRequired":true,"valueName":"search_term_string"}}],"inLanguage":"en-US"},{"@type":"Organization","@id":"https:\/\/technolent.com.tr\/#organization","name":"Technolent","url":"https:\/\/technolent.com.tr\/","logo":{"@type":"ImageObject","inLanguage":"en-US","@id":"https:\/\/technolent.com.tr\/#\/schema\/logo\/image\/","url":"https:\/\/technolent.com.tr\/wp-content\/uploads\/2023\/09\/TECHNOLeNT_LOGO.png","contentUrl":"https:\/\/technolent.com.tr\/wp-content\/uploads\/2023\/09\/TECHNOLeNT_LOGO.png","width":200,"height":43,"caption":"Technolent"},"image":{"@id":"https:\/\/technolent.com.tr\/#\/schema\/logo\/image\/"}}]}},"_links":{"self":[{"href":"https:\/\/technolent.com.tr\/en\/wp-json\/wp\/v2\/pages\/305","targetHints":{"allow":["GET"]}}],"collection":[{"href":"https:\/\/technolent.com.tr\/en\/wp-json\/wp\/v2\/pages"}],"about":[{"href":"https:\/\/technolent.com.tr\/en\/wp-json\/wp\/v2\/types\/page"}],"author":[{"embeddable":true,"href":"https:\/\/technolent.com.tr\/en\/wp-json\/wp\/v2\/users\/2"}],"replies":[{"embeddable":true,"href":"https:\/\/technolent.com.tr\/en\/wp-json\/wp\/v2\/comments?post=305"}],"version-history":[{"count":0,"href":"https:\/\/technolent.com.tr\/en\/wp-json\/wp\/v2\/pages\/305\/revisions"}],"wp:featuredmedia":[{"embeddable":true,"href":"https:\/\/technolent.com.tr\/en\/wp-json\/wp\/v2\/media\/306"}],"wp:attachment":[{"href":"https:\/\/technolent.com.tr\/en\/wp-json\/wp\/v2\/media?parent=305"}],"curies":[{"name":"wp","href":"https:\/\/api.w.org\/{rel}","templated":true}]}}