{"id":2,"date":"2023-08-21T13:13:34","date_gmt":"2023-08-21T13:13:34","guid":{"rendered":"http:\/\/technolent.com.tr\/?page_id=2"},"modified":"2025-05-15T11:17:29","modified_gmt":"2025-05-15T09:17:29","slug":"hakkimizda","status":"publish","type":"page","link":"https:\/\/technolent.com.tr\/en\/hakkimizda\/","title":{"rendered":"ABOUT US"},"content":{"rendered":"\n<p>As TECHNOLENT Teknoloji D\u0131\u015f Ticaret ve Dan\u0131\u015fmanl\u0131k Limited \u015eirketi, we provide consultancy services in key areas of foreign trade\u2014such as import, export, and transit trade\u2014drawing on the experience we have gained over the years through our international trade activities. Our goal is to support our clients in operating successfully, efficiently, and competitively in the evolving global markets.<\/p>\n\n\n\n<p>In addition, we address the technological needs of various sectors with a wide range of solutions, particularly in the field of smart city technologies. These include smart lighting systems, public transportation fare collection systems, intelligent transportation systems, radar speed warning systems, smart bus stops, passenger information displays, traffic management systems and engineering services, IoT solutions, LED &amp; LCD-based digital display and information systems, and IT equipment solutions.<\/p>\n\n\n\n<figure class=\"wp-block-image size-full\"><img fetchpriority=\"high\" decoding=\"async\" width=\"1000\" height=\"250\" src=\"https:\/\/technolent.com.tr\/wp-content\/uploads\/2024\/06\/logo-main-1.png\" alt=\"\" class=\"wp-image-393\" srcset=\"https:\/\/technolent.com.tr\/wp-content\/uploads\/2024\/06\/logo-main-1.png 1000w, https:\/\/technolent.com.tr\/wp-content\/uploads\/2024\/06\/logo-main-1-300x75.png 300w, https:\/\/technolent.com.tr\/wp-content\/uploads\/2024\/06\/logo-main-1-768x192.png 768w\" sizes=\"(max-width: 1000px) 100vw, 1000px\" \/><\/figure>\n\n\n\n<p><\/p>\n","protected":false},"excerpt":{"rendered":"<p>As TECHNOLENT Teknoloji D\u0131\u015f Ticaret ve Dan\u0131\u015fmanl\u0131k Limited \u015eirketi, we provide consultancy services in key areas of foreign trade\u2014such as import, export, and transit trade\u2014drawing on the experience we have gained over the years through our international trade activities. Our goal is to support our clients in operating successfully, efficiently, and competitively in the evolving [&hellip;]<\/p>\n","protected":false},"author":1,"featured_media":370,"parent":0,"menu_order":0,"comment_status":"closed","ping_status":"closed","template":"","meta":{"footnotes":""},"class_list":["post-2","page","type-page","status-publish","has-post-thumbnail","hentry"],"translation":{"provider":"WPGlobus","version":"3.0.2","language":"en","enabled_languages":["tr","en","ru"],"languages":{"tr":{"title":true,"content":true,"excerpt":false},"en":{"title":true,"content":true,"excerpt":false},"ru":{"title":false,"content":false,"excerpt":false}}},"yoast_head":"<!-- This site is optimized with the Yoast SEO plugin v27.6 - https:\/\/yoast.com\/product\/yoast-seo-wordpress\/ -->\n<title>ABOUT US - Technolent<\/title>\n<meta name=\"description\" content=\"Technolent Teknoloji is a company specialized in foreign trade consultancy and smart city technologies. It offers sustainable and innovative services through import, export, and advanced technology solutions.\" \/>\n<meta name=\"robots\" content=\"index, follow, max-snippet:-1, max-image-preview:large, max-video-preview:-1\" \/>\n<link rel=\"canonical\" href=\"https:\/\/technolent.com.tr\/hakkimizda\/\" \/>\n<meta property=\"og:locale\" content=\"en_US\" \/>\n<meta property=\"og:type\" content=\"article\" \/>\n<meta property=\"og:title\" content=\"ABOUT US - Technolent\" \/>\n<meta property=\"og:description\" content=\"Technolent Teknoloji is a company specialized in foreign trade consultancy and smart city technologies. It offers sustainable and innovative services through import, export, and advanced technology solutions.\" \/>\n<meta property=\"og:url\" content=\"https:\/\/technolent.com.tr\/hakkimizda\/\" \/>\n<meta property=\"og:site_name\" content=\"Technolent\" \/>\n<meta property=\"article:modified_time\" content=\"2025-05-15T09:17:29+00:00\" \/>\n<meta property=\"og:image\" content=\"https:\/\/technolent.com.tr\/wp-content\/uploads\/2024\/06\/png-transparent-smart-city-novosibirsk-subotica-architecture-city-computer-network-city-innovation-thumbnail.png\" \/>\n\t<meta property=\"og:image:width\" content=\"360\" \/>\n\t<meta property=\"og:image:height\" content=\"342\" \/>\n\t<meta property=\"og:image:type\" content=\"image\/png\" \/>\n<meta name=\"twitter:card\" content=\"summary_large_image\" \/>\n<meta name=\"twitter:label1\" content=\"Est. reading time\" \/>\n\t<meta name=\"twitter:data1\" content=\"2 minutes\" \/>\n<script type=\"application\/ld+json\" class=\"yoast-schema-graph\">{\"@context\":\"https:\\\/\\\/schema.org\",\"@graph\":[{\"@type\":\"WebPage\",\"@id\":\"https:\\\/\\\/technolent.com.tr\\\/hakkimizda\\\/\",\"url\":\"https:\\\/\\\/technolent.com.tr\\\/hakkimizda\\\/\",\"name\":\"ABOUT US - Technolent\",\"isPartOf\":{\"@id\":\"https:\\\/\\\/technolent.com.tr\\\/#website\"},\"primaryImageOfPage\":{\"@id\":\"https:\\\/\\\/technolent.com.tr\\\/hakkimizda\\\/#primaryimage\"},\"image\":{\"@id\":\"https:\\\/\\\/technolent.com.tr\\\/hakkimizda\\\/#primaryimage\"},\"thumbnailUrl\":\"https:\\\/\\\/technolent.com.tr\\\/wp-content\\\/uploads\\\/2024\\\/06\\\/png-transparent-smart-city-novosibirsk-subotica-architecture-city-computer-network-city-innovation-thumbnail.png\",\"datePublished\":\"2023-08-21T13:13:34+00:00\",\"dateModified\":\"2025-05-15T09:17:29+00:00\",\"description\":\"Technolent Teknoloji, d\u0131\u015f ticaret dan\u0131\u015fmanl\u0131\u011f\u0131 ve ak\u0131ll\u0131 \u015fehir teknolojileri alanlar\u0131nda uzmanla\u015fm\u0131\u015f bir \u015firkettir. \u0130thalat, ihracat ve ileri teknoloji \u00e7\u00f6z\u00fcmleriyle m\u00fc\u015fterilerine s\u00fcrd\u00fcr\u00fclebilir ve yenilik\u00e7i hizmetler sunar.\",\"breadcrumb\":{\"@id\":\"https:\\\/\\\/technolent.com.tr\\\/hakkimizda\\\/#breadcrumb\"},\"inLanguage\":\"en-US\",\"potentialAction\":[{\"@type\":\"ReadAction\",\"target\":[\"https:\\\/\\\/technolent.com.tr\\\/hakkimizda\\\/\"]}]},{\"@type\":\"ImageObject\",\"inLanguage\":\"en-US\",\"@id\":\"https:\\\/\\\/technolent.com.tr\\\/hakkimizda\\\/#primaryimage\",\"url\":\"https:\\\/\\\/technolent.com.tr\\\/wp-content\\\/uploads\\\/2024\\\/06\\\/png-transparent-smart-city-novosibirsk-subotica-architecture-city-computer-network-city-innovation-thumbnail.png\",\"contentUrl\":\"https:\\\/\\\/technolent.com.tr\\\/wp-content\\\/uploads\\\/2024\\\/06\\\/png-transparent-smart-city-novosibirsk-subotica-architecture-city-computer-network-city-innovation-thumbnail.png\",\"width\":360,\"height\":342},{\"@type\":\"BreadcrumbList\",\"@id\":\"https:\\\/\\\/technolent.com.tr\\\/hakkimizda\\\/#breadcrumb\",\"itemListElement\":[{\"@type\":\"ListItem\",\"position\":1,\"name\":\"Anasayfa\",\"item\":\"https:\\\/\\\/technolent.com.tr\\\/\"},{\"@type\":\"ListItem\",\"position\":2,\"name\":\"Hakk\u0131m\u0131zda\"}]},{\"@type\":\"WebSite\",\"@id\":\"https:\\\/\\\/technolent.com.tr\\\/#website\",\"url\":\"https:\\\/\\\/technolent.com.tr\\\/\",\"name\":\"Technolent\",\"description\":\"Excellent Technology\",\"publisher\":{\"@id\":\"https:\\\/\\\/technolent.com.tr\\\/#organization\"},\"potentialAction\":[{\"@type\":\"SearchAction\",\"target\":{\"@type\":\"EntryPoint\",\"urlTemplate\":\"https:\\\/\\\/technolent.com.tr\\\/?s={search_term_string}\"},\"query-input\":{\"@type\":\"PropertyValueSpecification\",\"valueRequired\":true,\"valueName\":\"search_term_string\"}}],\"inLanguage\":\"en-US\"},{\"@type\":\"Organization\",\"@id\":\"https:\\\/\\\/technolent.com.tr\\\/#organization\",\"name\":\"Technolent\",\"url\":\"https:\\\/\\\/technolent.com.tr\\\/\",\"logo\":{\"@type\":\"ImageObject\",\"inLanguage\":\"en-US\",\"@id\":\"https:\\\/\\\/technolent.com.tr\\\/#\\\/schema\\\/logo\\\/image\\\/\",\"url\":\"https:\\\/\\\/technolent.com.tr\\\/wp-content\\\/uploads\\\/2023\\\/09\\\/TECHNOLeNT_LOGO.png\",\"contentUrl\":\"https:\\\/\\\/technolent.com.tr\\\/wp-content\\\/uploads\\\/2023\\\/09\\\/TECHNOLeNT_LOGO.png\",\"width\":200,\"height\":43,\"caption\":\"Technolent\"},\"image\":{\"@id\":\"https:\\\/\\\/technolent.com.tr\\\/#\\\/schema\\\/logo\\\/image\\\/\"}}]}<\/script>\n<!-- \/ Yoast SEO plugin. -->","yoast_head_json":{"title":"ABOUT US - Technolent","description":"Technolent Teknoloji is a company specialized in foreign trade consultancy and smart city technologies. It offers sustainable and innovative services through import, export, and advanced technology solutions.","robots":{"index":"index","follow":"follow","max-snippet":"max-snippet:-1","max-image-preview":"max-image-preview:large","max-video-preview":"max-video-preview:-1"},"canonical":"https:\/\/technolent.com.tr\/hakkimizda\/","og_locale":"en_US","og_type":"article","og_title":"ABOUT US - Technolent","og_description":"Technolent Teknoloji is a company specialized in foreign trade consultancy and smart city technologies. It offers sustainable and innovative services through import, export, and advanced technology solutions.","og_url":"https:\/\/technolent.com.tr\/hakkimizda\/","og_site_name":"Technolent","article_modified_time":"2025-05-15T09:17:29+00:00","og_image":[{"width":360,"height":342,"url":"https:\/\/technolent.com.tr\/wp-content\/uploads\/2024\/06\/png-transparent-smart-city-novosibirsk-subotica-architecture-city-computer-network-city-innovation-thumbnail.png","type":"image\/png"}],"twitter_card":"summary_large_image","twitter_misc":{"Est. reading time":"2 minutes"},"schema":{"@context":"https:\/\/schema.org","@graph":[{"@type":"WebPage","@id":"https:\/\/technolent.com.tr\/hakkimizda\/","url":"https:\/\/technolent.com.tr\/hakkimizda\/","name":"ABOUT US - Technolent","isPartOf":{"@id":"https:\/\/technolent.com.tr\/#website"},"primaryImageOfPage":{"@id":"https:\/\/technolent.com.tr\/hakkimizda\/#primaryimage"},"image":{"@id":"https:\/\/technolent.com.tr\/hakkimizda\/#primaryimage"},"thumbnailUrl":"https:\/\/technolent.com.tr\/wp-content\/uploads\/2024\/06\/png-transparent-smart-city-novosibirsk-subotica-architecture-city-computer-network-city-innovation-thumbnail.png","datePublished":"2023-08-21T13:13:34+00:00","dateModified":"2025-05-15T09:17:29+00:00","description":"Technolent Teknoloji, d\u0131\u015f ticaret dan\u0131\u015fmanl\u0131\u011f\u0131 ve ak\u0131ll\u0131 \u015fehir teknolojileri alanlar\u0131nda uzmanla\u015fm\u0131\u015f bir \u015firkettir. \u0130thalat, ihracat ve ileri teknoloji \u00e7\u00f6z\u00fcmleriyle m\u00fc\u015fterilerine s\u00fcrd\u00fcr\u00fclebilir ve yenilik\u00e7i hizmetler sunar.","breadcrumb":{"@id":"https:\/\/technolent.com.tr\/hakkimizda\/#breadcrumb"},"inLanguage":"en-US","potentialAction":[{"@type":"ReadAction","target":["https:\/\/technolent.com.tr\/hakkimizda\/"]}]},{"@type":"ImageObject","inLanguage":"en-US","@id":"https:\/\/technolent.com.tr\/hakkimizda\/#primaryimage","url":"https:\/\/technolent.com.tr\/wp-content\/uploads\/2024\/06\/png-transparent-smart-city-novosibirsk-subotica-architecture-city-computer-network-city-innovation-thumbnail.png","contentUrl":"https:\/\/technolent.com.tr\/wp-content\/uploads\/2024\/06\/png-transparent-smart-city-novosibirsk-subotica-architecture-city-computer-network-city-innovation-thumbnail.png","width":360,"height":342},{"@type":"BreadcrumbList","@id":"https:\/\/technolent.com.tr\/hakkimizda\/#breadcrumb","itemListElement":[{"@type":"ListItem","position":1,"name":"Anasayfa","item":"https:\/\/technolent.com.tr\/"},{"@type":"ListItem","position":2,"name":"Hakk\u0131m\u0131zda"}]},{"@type":"WebSite","@id":"https:\/\/technolent.com.tr\/#website","url":"https:\/\/technolent.com.tr\/","name":"Technolent","description":"Excellent Technology","publisher":{"@id":"https:\/\/technolent.com.tr\/#organization"},"potentialAction":[{"@type":"SearchAction","target":{"@type":"EntryPoint","urlTemplate":"https:\/\/technolent.com.tr\/?s={search_term_string}"},"query-input":{"@type":"PropertyValueSpecification","valueRequired":true,"valueName":"search_term_string"}}],"inLanguage":"en-US"},{"@type":"Organization","@id":"https:\/\/technolent.com.tr\/#organization","name":"Technolent","url":"https:\/\/technolent.com.tr\/","logo":{"@type":"ImageObject","inLanguage":"en-US","@id":"https:\/\/technolent.com.tr\/#\/schema\/logo\/image\/","url":"https:\/\/technolent.com.tr\/wp-content\/uploads\/2023\/09\/TECHNOLeNT_LOGO.png","contentUrl":"https:\/\/technolent.com.tr\/wp-content\/uploads\/2023\/09\/TECHNOLeNT_LOGO.png","width":200,"height":43,"caption":"Technolent"},"image":{"@id":"https:\/\/technolent.com.tr\/#\/schema\/logo\/image\/"}}]}},"_links":{"self":[{"href":"https:\/\/technolent.com.tr\/en\/wp-json\/wp\/v2\/pages\/2","targetHints":{"allow":["GET"]}}],"collection":[{"href":"https:\/\/technolent.com.tr\/en\/wp-json\/wp\/v2\/pages"}],"about":[{"href":"https:\/\/technolent.com.tr\/en\/wp-json\/wp\/v2\/types\/page"}],"author":[{"embeddable":true,"href":"https:\/\/technolent.com.tr\/en\/wp-json\/wp\/v2\/users\/1"}],"replies":[{"embeddable":true,"href":"https:\/\/technolent.com.tr\/en\/wp-json\/wp\/v2\/comments?post=2"}],"version-history":[{"count":0,"href":"https:\/\/technolent.com.tr\/en\/wp-json\/wp\/v2\/pages\/2\/revisions"}],"wp:featuredmedia":[{"embeddable":true,"href":"https:\/\/technolent.com.tr\/en\/wp-json\/wp\/v2\/media\/370"}],"wp:attachment":[{"href":"https:\/\/technolent.com.tr\/en\/wp-json\/wp\/v2\/media?parent=2"}],"curies":[{"name":"wp","href":"https:\/\/api.w.org\/{rel}","templated":true}]}}