{"id":156,"date":"2023-09-09T19:59:02","date_gmt":"2023-09-09T17:59:02","guid":{"rendered":"https:\/\/technolent.com.tr\/?page_id=156"},"modified":"2025-05-14T10:41:45","modified_gmt":"2025-05-14T08:41:45","slug":"proje-ve-program-yonetimi","status":"publish","type":"page","link":"https:\/\/technolent.com.tr\/en\/proje-ve-program-yonetimi\/","title":{"rendered":"Project Management Consultancy"},"content":{"rendered":"\n<p>Successful projects are not just built on great ideas, but on strong planning, seamless coordination, and effective execution. At Technolent, we provide end-to-end project management consultancy for both public and private sector organizations.<\/p>\n\n\n\n<figure class=\"wp-block-image size-large\"><img fetchpriority=\"high\" decoding=\"async\" width=\"1024\" height=\"340\" src=\"https:\/\/technolent.com.tr\/wp-content\/uploads\/2025\/05\/What-is-Project-Management-1024x340.jpg\" alt=\"\" class=\"wp-image-449\" srcset=\"https:\/\/technolent.com.tr\/wp-content\/uploads\/2025\/05\/What-is-Project-Management-1024x340.jpg 1024w, https:\/\/technolent.com.tr\/wp-content\/uploads\/2025\/05\/What-is-Project-Management-300x100.jpg 300w, https:\/\/technolent.com.tr\/wp-content\/uploads\/2025\/05\/What-is-Project-Management-768x255.jpg 768w, https:\/\/technolent.com.tr\/wp-content\/uploads\/2025\/05\/What-is-Project-Management.jpg 1200w\" sizes=\"(max-width: 1024px) 100vw, 1024px\" \/><\/figure>\n\n\n\n<p><strong>Our Services Include:<\/strong><\/p>\n\n\n\n<ul class=\"wp-block-list\">\n<li>Project Planning and Scheduling<\/li>\n\n\n\n<li>Resource and Budget Management<\/li>\n\n\n\n<li>Risk Assessment and Process Monitoring<\/li>\n\n\n\n<li>Regulatory Compliance<\/li>\n\n\n\n<li>Stakeholder Management and Reporting<\/li>\n\n\n\n<li>Contract and Procurement Management<\/li>\n\n\n\n<li>Quality Assurance and Performance Tracking<\/li>\n\n\n\n<li>Management of National and International Project Funds<\/li>\n<\/ul>\n\n\n\n<p>We tailor methodologies for each project and ensure that it is completed on time, within budget, and in alignment with its goals.<\/p>\n\n\n\n<figure class=\"wp-block-image size-full is-resized\"><img decoding=\"async\" width=\"692\" height=\"692\" data-src=\"https:\/\/technolent.com.tr\/wp-content\/uploads\/2025\/05\/projectmanagement.jpeg\" alt=\"\" class=\"wp-image-450 lazyload\" style=\"--smush-placeholder-width: 692px; --smush-placeholder-aspect-ratio: 692\/692;width:557px;height:auto\" data-srcset=\"https:\/\/technolent.com.tr\/wp-content\/uploads\/2025\/05\/projectmanagement.jpeg 692w, https:\/\/technolent.com.tr\/wp-content\/uploads\/2025\/05\/projectmanagement-300x300.jpeg 300w, https:\/\/technolent.com.tr\/wp-content\/uploads\/2025\/05\/projectmanagement-150x150.jpeg 150w\" data-sizes=\"(max-width: 692px) 100vw, 692px\" src=\"data:image\/svg+xml;base64,PHN2ZyB3aWR0aD0iMSIgaGVpZ2h0PSIxIiB4bWxucz0iaHR0cDovL3d3dy53My5vcmcvMjAwMC9zdmciPjwvc3ZnPg==\" \/><\/figure>\n\n\n\n<p><strong>Why Technolent?<\/strong><br>\ud83d\udd39 International expertise in project management<br>\ud83d\udd39 Industry-specific consulting teams<br>\ud83d\udd39 Strategic perspective and operational efficiency<br>\ud83d\udd39 Practical solutions for sustainable success<\/p>\n\n\n\n<p>Manage your projects with confidence \u2014 bring your vision to life with Technolent.<\/p>\n","protected":false},"excerpt":{"rendered":"<p>Successful projects are not just built on great ideas, but on strong planning, seamless coordination, and effective execution. At Technolent, we provide end-to-end project management consultancy for both public and private sector organizations. Our Services Include: We tailor methodologies for each project and ensure that it is completed on time, within budget, and in alignment [&hellip;]<\/p>\n","protected":false},"author":1,"featured_media":450,"parent":0,"menu_order":0,"comment_status":"closed","ping_status":"closed","template":"","meta":{"footnotes":""},"class_list":["post-156","page","type-page","status-publish","has-post-thumbnail","hentry"],"translation":{"provider":"WPGlobus","version":"3.0.2","language":"en","enabled_languages":["tr","en","ru"],"languages":{"tr":{"title":true,"content":true,"excerpt":false},"en":{"title":true,"content":true,"excerpt":false},"ru":{"title":false,"content":false,"excerpt":false}}},"yoast_head":"<!-- This site is optimized with the Yoast SEO plugin v27.6 - https:\/\/yoast.com\/product\/yoast-seo-wordpress\/ -->\n<title>Project Management Consultancy - Technolent<\/title>\n<meta name=\"description\" content=\"Our project management consultancy services help you complete projects on time, on budget, and with measurable success. Get end-to-end professional support with Technolent.\" \/>\n<meta name=\"robots\" content=\"index, follow, max-snippet:-1, max-image-preview:large, max-video-preview:-1\" \/>\n<link rel=\"canonical\" href=\"https:\/\/technolent.com.tr\/proje-ve-program-yonetimi\/\" \/>\n<meta property=\"og:locale\" content=\"en_US\" \/>\n<meta property=\"og:type\" content=\"article\" \/>\n<meta property=\"og:title\" content=\"Project Management Consultancy - Technolent\" \/>\n<meta property=\"og:description\" content=\"Our project management consultancy services help you complete projects on time, on budget, and with measurable success. Get end-to-end professional support with Technolent.\" \/>\n<meta property=\"og:url\" content=\"https:\/\/technolent.com.tr\/proje-ve-program-yonetimi\/\" \/>\n<meta property=\"og:site_name\" content=\"Technolent\" \/>\n<meta property=\"article:modified_time\" content=\"2025-05-14T08:41:45+00:00\" \/>\n<meta property=\"og:image\" content=\"https:\/\/technolent.com.tr\/wp-content\/uploads\/2025\/05\/projectmanagement.jpeg\" \/>\n\t<meta property=\"og:image:width\" content=\"692\" \/>\n\t<meta property=\"og:image:height\" content=\"692\" \/>\n\t<meta property=\"og:image:type\" content=\"image\/jpeg\" \/>\n<meta name=\"twitter:card\" content=\"summary_large_image\" \/>\n<meta name=\"twitter:label1\" content=\"Est. reading time\" \/>\n\t<meta name=\"twitter:data1\" content=\"3 minutes\" \/>\n<script type=\"application\/ld+json\" class=\"yoast-schema-graph\">{\"@context\":\"https:\\\/\\\/schema.org\",\"@graph\":[{\"@type\":\"WebPage\",\"@id\":\"https:\\\/\\\/technolent.com.tr\\\/proje-ve-program-yonetimi\\\/\",\"url\":\"https:\\\/\\\/technolent.com.tr\\\/proje-ve-program-yonetimi\\\/\",\"name\":\"Project Management Consultancy - Technolent\",\"isPartOf\":{\"@id\":\"https:\\\/\\\/technolent.com.tr\\\/#website\"},\"primaryImageOfPage\":{\"@id\":\"https:\\\/\\\/technolent.com.tr\\\/proje-ve-program-yonetimi\\\/#primaryimage\"},\"image\":{\"@id\":\"https:\\\/\\\/technolent.com.tr\\\/proje-ve-program-yonetimi\\\/#primaryimage\"},\"thumbnailUrl\":\"https:\\\/\\\/technolent.com.tr\\\/wp-content\\\/uploads\\\/2025\\\/05\\\/projectmanagement.jpeg\",\"datePublished\":\"2023-09-09T17:59:02+00:00\",\"dateModified\":\"2025-05-14T08:41:45+00:00\",\"description\":\"Proje y\u00f6netimi dan\u0131\u015fmanl\u0131\u011f\u0131 hizmetlerimiz ile projelerinizi zaman\u0131nda, b\u00fct\u00e7esinde ve ba\u015far\u0131yla tamamlaman\u0131z\u0131 sa\u011fl\u0131yoruz. Technolent ile u\u00e7tan uca profesyonel destek al\u0131n.\",\"breadcrumb\":{\"@id\":\"https:\\\/\\\/technolent.com.tr\\\/proje-ve-program-yonetimi\\\/#breadcrumb\"},\"inLanguage\":\"en-US\",\"potentialAction\":[{\"@type\":\"ReadAction\",\"target\":[\"https:\\\/\\\/technolent.com.tr\\\/proje-ve-program-yonetimi\\\/\"]}]},{\"@type\":\"ImageObject\",\"inLanguage\":\"en-US\",\"@id\":\"https:\\\/\\\/technolent.com.tr\\\/proje-ve-program-yonetimi\\\/#primaryimage\",\"url\":\"https:\\\/\\\/technolent.com.tr\\\/wp-content\\\/uploads\\\/2025\\\/05\\\/projectmanagement.jpeg\",\"contentUrl\":\"https:\\\/\\\/technolent.com.tr\\\/wp-content\\\/uploads\\\/2025\\\/05\\\/projectmanagement.jpeg\",\"width\":692,\"height\":692},{\"@type\":\"BreadcrumbList\",\"@id\":\"https:\\\/\\\/technolent.com.tr\\\/proje-ve-program-yonetimi\\\/#breadcrumb\",\"itemListElement\":[{\"@type\":\"ListItem\",\"position\":1,\"name\":\"Anasayfa\",\"item\":\"https:\\\/\\\/technolent.com.tr\\\/\"},{\"@type\":\"ListItem\",\"position\":2,\"name\":\"Proje Y\u00f6netimi Dan\u0131\u015fmanl\u0131\u011f\u0131\"}]},{\"@type\":\"WebSite\",\"@id\":\"https:\\\/\\\/technolent.com.tr\\\/#website\",\"url\":\"https:\\\/\\\/technolent.com.tr\\\/\",\"name\":\"Technolent\",\"description\":\"Excellent Technology\",\"publisher\":{\"@id\":\"https:\\\/\\\/technolent.com.tr\\\/#organization\"},\"potentialAction\":[{\"@type\":\"SearchAction\",\"target\":{\"@type\":\"EntryPoint\",\"urlTemplate\":\"https:\\\/\\\/technolent.com.tr\\\/?s={search_term_string}\"},\"query-input\":{\"@type\":\"PropertyValueSpecification\",\"valueRequired\":true,\"valueName\":\"search_term_string\"}}],\"inLanguage\":\"en-US\"},{\"@type\":\"Organization\",\"@id\":\"https:\\\/\\\/technolent.com.tr\\\/#organization\",\"name\":\"Technolent\",\"url\":\"https:\\\/\\\/technolent.com.tr\\\/\",\"logo\":{\"@type\":\"ImageObject\",\"inLanguage\":\"en-US\",\"@id\":\"https:\\\/\\\/technolent.com.tr\\\/#\\\/schema\\\/logo\\\/image\\\/\",\"url\":\"https:\\\/\\\/technolent.com.tr\\\/wp-content\\\/uploads\\\/2023\\\/09\\\/TECHNOLeNT_LOGO.png\",\"contentUrl\":\"https:\\\/\\\/technolent.com.tr\\\/wp-content\\\/uploads\\\/2023\\\/09\\\/TECHNOLeNT_LOGO.png\",\"width\":200,\"height\":43,\"caption\":\"Technolent\"},\"image\":{\"@id\":\"https:\\\/\\\/technolent.com.tr\\\/#\\\/schema\\\/logo\\\/image\\\/\"}}]}<\/script>\n<!-- \/ Yoast SEO plugin. -->","yoast_head_json":{"title":"Project Management Consultancy - Technolent","description":"Our project management consultancy services help you complete projects on time, on budget, and with measurable success. Get end-to-end professional support with Technolent.","robots":{"index":"index","follow":"follow","max-snippet":"max-snippet:-1","max-image-preview":"max-image-preview:large","max-video-preview":"max-video-preview:-1"},"canonical":"https:\/\/technolent.com.tr\/proje-ve-program-yonetimi\/","og_locale":"en_US","og_type":"article","og_title":"Project Management Consultancy - Technolent","og_description":"Our project management consultancy services help you complete projects on time, on budget, and with measurable success. Get end-to-end professional support with Technolent.","og_url":"https:\/\/technolent.com.tr\/proje-ve-program-yonetimi\/","og_site_name":"Technolent","article_modified_time":"2025-05-14T08:41:45+00:00","og_image":[{"width":692,"height":692,"url":"https:\/\/technolent.com.tr\/wp-content\/uploads\/2025\/05\/projectmanagement.jpeg","type":"image\/jpeg"}],"twitter_card":"summary_large_image","twitter_misc":{"Est. reading time":"3 minutes"},"schema":{"@context":"https:\/\/schema.org","@graph":[{"@type":"WebPage","@id":"https:\/\/technolent.com.tr\/proje-ve-program-yonetimi\/","url":"https:\/\/technolent.com.tr\/proje-ve-program-yonetimi\/","name":"Project Management Consultancy - Technolent","isPartOf":{"@id":"https:\/\/technolent.com.tr\/#website"},"primaryImageOfPage":{"@id":"https:\/\/technolent.com.tr\/proje-ve-program-yonetimi\/#primaryimage"},"image":{"@id":"https:\/\/technolent.com.tr\/proje-ve-program-yonetimi\/#primaryimage"},"thumbnailUrl":"https:\/\/technolent.com.tr\/wp-content\/uploads\/2025\/05\/projectmanagement.jpeg","datePublished":"2023-09-09T17:59:02+00:00","dateModified":"2025-05-14T08:41:45+00:00","description":"Proje y\u00f6netimi dan\u0131\u015fmanl\u0131\u011f\u0131 hizmetlerimiz ile projelerinizi zaman\u0131nda, b\u00fct\u00e7esinde ve ba\u015far\u0131yla tamamlaman\u0131z\u0131 sa\u011fl\u0131yoruz. Technolent ile u\u00e7tan uca profesyonel destek al\u0131n.","breadcrumb":{"@id":"https:\/\/technolent.com.tr\/proje-ve-program-yonetimi\/#breadcrumb"},"inLanguage":"en-US","potentialAction":[{"@type":"ReadAction","target":["https:\/\/technolent.com.tr\/proje-ve-program-yonetimi\/"]}]},{"@type":"ImageObject","inLanguage":"en-US","@id":"https:\/\/technolent.com.tr\/proje-ve-program-yonetimi\/#primaryimage","url":"https:\/\/technolent.com.tr\/wp-content\/uploads\/2025\/05\/projectmanagement.jpeg","contentUrl":"https:\/\/technolent.com.tr\/wp-content\/uploads\/2025\/05\/projectmanagement.jpeg","width":692,"height":692},{"@type":"BreadcrumbList","@id":"https:\/\/technolent.com.tr\/proje-ve-program-yonetimi\/#breadcrumb","itemListElement":[{"@type":"ListItem","position":1,"name":"Anasayfa","item":"https:\/\/technolent.com.tr\/"},{"@type":"ListItem","position":2,"name":"Proje Y\u00f6netimi Dan\u0131\u015fmanl\u0131\u011f\u0131"}]},{"@type":"WebSite","@id":"https:\/\/technolent.com.tr\/#website","url":"https:\/\/technolent.com.tr\/","name":"Technolent","description":"Excellent Technology","publisher":{"@id":"https:\/\/technolent.com.tr\/#organization"},"potentialAction":[{"@type":"SearchAction","target":{"@type":"EntryPoint","urlTemplate":"https:\/\/technolent.com.tr\/?s={search_term_string}"},"query-input":{"@type":"PropertyValueSpecification","valueRequired":true,"valueName":"search_term_string"}}],"inLanguage":"en-US"},{"@type":"Organization","@id":"https:\/\/technolent.com.tr\/#organization","name":"Technolent","url":"https:\/\/technolent.com.tr\/","logo":{"@type":"ImageObject","inLanguage":"en-US","@id":"https:\/\/technolent.com.tr\/#\/schema\/logo\/image\/","url":"https:\/\/technolent.com.tr\/wp-content\/uploads\/2023\/09\/TECHNOLeNT_LOGO.png","contentUrl":"https:\/\/technolent.com.tr\/wp-content\/uploads\/2023\/09\/TECHNOLeNT_LOGO.png","width":200,"height":43,"caption":"Technolent"},"image":{"@id":"https:\/\/technolent.com.tr\/#\/schema\/logo\/image\/"}}]}},"_links":{"self":[{"href":"https:\/\/technolent.com.tr\/en\/wp-json\/wp\/v2\/pages\/156","targetHints":{"allow":["GET"]}}],"collection":[{"href":"https:\/\/technolent.com.tr\/en\/wp-json\/wp\/v2\/pages"}],"about":[{"href":"https:\/\/technolent.com.tr\/en\/wp-json\/wp\/v2\/types\/page"}],"author":[{"embeddable":true,"href":"https:\/\/technolent.com.tr\/en\/wp-json\/wp\/v2\/users\/1"}],"replies":[{"embeddable":true,"href":"https:\/\/technolent.com.tr\/en\/wp-json\/wp\/v2\/comments?post=156"}],"version-history":[{"count":0,"href":"https:\/\/technolent.com.tr\/en\/wp-json\/wp\/v2\/pages\/156\/revisions"}],"wp:featuredmedia":[{"embeddable":true,"href":"https:\/\/technolent.com.tr\/en\/wp-json\/wp\/v2\/media\/450"}],"wp:attachment":[{"href":"https:\/\/technolent.com.tr\/en\/wp-json\/wp\/v2\/media?parent=156"}],"curies":[{"name":"wp","href":"https:\/\/api.w.org\/{rel}","templated":true}]}}